{"id":38577,"date":"2025-04-16T11:16:33","date_gmt":"2025-04-16T09:16:33","guid":{"rendered":"http:\/\/www.mondo-legno.com\/?post_type=product&#038;p=38577"},"modified":"2025-12-10T13:35:32","modified_gmt":"2025-12-10T12:35:32","slug":"amalgama-ferrari-12cilindri-2","status":"publish","type":"product","link":"https:\/\/www.modelcars24.de\/es\/amalgam-ferrari-12cilindri\/","title":{"rendered":"Amalgam Ferrari 12Cilindri (2024) | Edici\u00f3n limitada 1:8 - 1\/18"},"content":{"rendered":"<h3>Amalgama Ferrari 12Cilindri (2024) | Edici\u00f3n limitada 1:8<\/h3>\n<p>&nbsp;<\/p>\n<ul>\n<li>Edici\u00f3n limitada de 199 ejemplares<\/li>\n<li>Se pueden construir modelos personalizados seg\u00fan las especificaciones del propietario<\/li>\n<li>Modelo de edici\u00f3n limitada, pintado en Verde Toscana con interior Terra Antica<\/li>\n<li>Cada modelo est\u00e1 hecho a mano y montado por un peque\u00f1o equipo de artesanos<\/li>\n<li>Modelo a escala 1:8, m\u00e1s de 59 cm\/23 pulgadas de largo<\/li>\n<li>Fabricado con materiales de la m\u00e1xima calidad<\/li>\n<li>M\u00e1s de 3000 horas dedicadas al desarrollo del modelo<\/li>\n<li>M\u00e1s de 300 horas para construir cada modelo<\/li>\n<li>Miles de piezas fabricadas con precisi\u00f3n: Piezas de fundici\u00f3n, fotograbados y componentes met\u00e1licos mecanizados por CNC.<\/li>\n<li>Creado a partir de dise\u00f1os CAD, c\u00f3digos de pintura y especificaciones de materiales originales de Ferrari.<\/li>\n<\/ul>\n<p>El Ferrari 12Cilindri, la nueva Berlinetta biplaza de Maranello propulsada por un motor V12 atmosf\u00e9rico montado en la parte delantera central, es la encarnaci\u00f3n perfecta del ADN del Cavallino Rampante, ya que ofrece unas prestaciones y una manejabilidad inigualables con un dise\u00f1o sofisticado y escultural. El Ferrari 12Cilindri de 830 CV est\u00e1 dirigido a los conocedores del legendario motor V12 y se inspira en los Ferrari Gran Turismo de los a\u00f1os 50 y 60. Ofrece el t\u00edpico placer de conducci\u00f3n de carreras combinado con versatilidad. El 12Cilindri es la evoluci\u00f3n natural de la filosof\u00eda de conducci\u00f3n sin concesiones de la compa\u00f1\u00eda, que ha entusiasmado a los fans del \u201eCavallino Rampante\u201c desde que el primer motor Ferrari atraves\u00f3 las puertas de la f\u00e1brica de Maranello en 1947. El 12Cilindri es una combinaci\u00f3n sin esfuerzo de elegancia, versatilidad y rendimiento El 12Cilindri contin\u00faa esta herencia \u00fanica y establece nuevos est\u00e1ndares en t\u00e9rminos de rendimiento, confort y dise\u00f1o.<\/p>\n<p><strong>Dise\u00f1o<\/strong><\/p>\n<p>Con el Ferrari 12Cilindri, Flavio Manzoni y el equipo de dise\u00f1o Ferrari Centro Stile se propusieron cambiar radicalmente los c\u00f3digos estil\u00edsticos de los anteriores modelos Ferrari V12 con motor delantero central. Las l\u00edneas limpias dominan la geometr\u00eda del coche, enfatizando los vol\u00famenes que forman un todo sin fisuras. Los flancos ultralimpios se extienden desde un escote en V a lo largo de todo el veh\u00edculo hasta la parte trasera. Aunque se ha conservado la sensualidad t\u00edpica de Ferrari, las aletas se han modelado con extrema precisi\u00f3n geom\u00e9trica: Todas las l\u00edneas son el resultado de intersecciones entre los vol\u00famenes, y se ha adoptado un enfoque m\u00e1s funcional de la forma, reflejo de la nostalgia. El musculoso aler\u00f3n trasero es imponente, pero tambi\u00e9n geom\u00e9tricamente perfectamente controlado. En el aler\u00f3n delantero, esta tensi\u00f3n muscular se expande ligeramente, deteni\u00e9ndose a lo largo del flanco y enfatizando a\u00fan m\u00e1s la est\u00e9tica monol\u00edtica del coche. La silueta del 12Cilindri irradia deportividad y clase: L\u00edneas sencillas pero armoniosas, un dispositivo aerodin\u00e1mico activo integrado que garantiza unas prestaciones inigualables, un cap\u00f3 que se abre hacia delante para revelar el compartimento del motor, y las dos salidas de escape dobles que se han convertido en el sello distintivo del 12 by Ferrari.<\/p>\n<p><strong>Motor<\/strong><\/p>\n<p>El motor F140HD del Ferrari 12Cilindri es la \u00faltima evoluci\u00f3n del legendario motor V12 que sent\u00f3 las bases de la leyenda de Maranello. En esta versi\u00f3n, desata 830 CV y la velocidad m\u00e1xima se eleva a unas estimulantes 9.500 rpm. Se combina con la caja de cambios de doble embrague y ocho velocidades, recibida con entusiasmo un\u00e1nime en otros veh\u00edculos de esta serie. El motor incorpora componentes y software modificados, algunos de los cuales ya se han adoptado en la serie especial 812 Competizione, y le asegura una posici\u00f3n de cabeza en su categor\u00eda en t\u00e9rminos de prestaciones. Para que el V12 pueda girar tan alto, los ingenieros han trabajado para reducir el peso y la inercia de los componentes del motor, incluyendo el uso de bielas de titanio, pistones de aleaci\u00f3n de aluminio m\u00e1s ligeros y la introducci\u00f3n de un cig\u00fce\u00f1al reequilibrado. La mayor\u00eda de las modificaciones se centraron en optimizar la entrega de par en todas las condiciones de funcionamiento. El resultado es un motor con una respuesta suave y fluida que ofrece la m\u00e1xima potencia en la l\u00ednea roja. Se ha desarrollado una innovadora estrategia de software que proporciona una sensaci\u00f3n de placer de conducci\u00f3n realmente \u00fanica a trav\u00e9s de un crescendo de aceleraci\u00f3n y potencia sin fin y los tonos m\u00e1s puros del caracter\u00edstico sonido Ferrari hasta el limitador.<\/p>\n<p><strong>Chasis y din\u00e1mica<\/strong><\/p>\n<p>El Ferrari 12Cilindri se dise\u00f1\u00f3 para entendidos con una visi\u00f3n muy clara de lo que siempre ha sido el ADN de Ferrari, lo que lo convierte en un aut\u00e9ntico coche para unos pocos. Los ingenieros de Ferrari quer\u00edan construir un coche sencillo y elegante sin comprometer las prestaciones. El 12Cilindri incorpora la direcci\u00f3n din\u00e1mica de \u00faltima generaci\u00f3n de la Berlinetta con motor delantero, incluyendo elementos heredados de otros coches de la gama como el 296 GTB, y cuenta con el sistema de direcci\u00f3n independiente a las cuatro ruedas (4WS) introducido por primera vez en la serie especial 812 Competizione. La direcci\u00f3n a las ruedas traseras cuenta con caracter\u00edsticas mec\u00e1nicas innovadoras que mejoran significativamente la precisi\u00f3n del control de la posici\u00f3n de cada actuador individual, lo que se traduce en un tiempo de respuesta del eje m\u00e1s r\u00e1pido y, por lo tanto, una mejor capacidad de respuesta en las curvas. Tambi\u00e9n se garantiza un manejo \u00f3ptimo gracias a una distribuci\u00f3n del peso casi ideal, y la capacidad de respuesta del coche tambi\u00e9n se beneficia de la reducci\u00f3n de 20 mm de la distancia entre ejes en comparaci\u00f3n con el 812 Superfast. El chasis de aluminio del Ferrari 12Cilindri es completamente nuevo: se ha prestado especial atenci\u00f3n a la geometr\u00eda de los componentes de fundici\u00f3n, como los puentes de los amortiguadores y los pilares A y C, con el fin de mejorar la rigidez torsional y reducir el peso al mismo tiempo. En la posici\u00f3n de baja resistencia aerodin\u00e1mica, muchos elementos se han dise\u00f1ado para que queden enrasados con la carrocer\u00eda, lo que optimiza la aerodin\u00e1mica del veh\u00edculo al tiempo que mantiene un dise\u00f1o limpio. En cambio, en la configuraci\u00f3n de alta carga aerodin\u00e1mica, el 12Cilindri genera la m\u00e1xima carga aerodin\u00e1mica y garantiza el equilibrio aerodin\u00e1mico del veh\u00edculo. Las necesidades de disipaci\u00f3n del calor del motor y de los elementos auxiliares hicieron necesario redise\u00f1ar todo el sistema de refrigeraci\u00f3n del veh\u00edculo, lo que dio lugar a una extracci\u00f3n optimizada de los bajos delanteros con no menos de siete aberturas en el parachoques delantero.<\/p>\n<p><strong>Interior<\/strong><\/p>\n<p>El habit\u00e1culo del Ferrari 12Cilindri garantiza el m\u00e1ximo confort para el conductor y el copiloto, incluso en viajes largos: la sensaci\u00f3n de ligereza y amplitud se ve reforzada por un techo de cristal, materiales nobles y una pantalla central, adem\u00e1s de una para el conductor y el copiloto una tercera delante del pasajero. El estilo interior se inspira en la arquitectura de doble cabina del Cavallino Rampante, que se ha utilizado en los \u00faltimos a\u00f1os para los modelos Ferrari Roma, Roma Spider y Purosangue. El habit\u00e1culo del 12Cilindri tiene una estructura casi sim\u00e9trica, formada por dos m\u00f3dulos para conductor y pasajero, que ofrece un nivel de confort e implicaci\u00f3n en la experiencia de conducci\u00f3n asombrosos.<\/p>\n<p>Este precioso modelo a escala 1\/8 del Ferrari 12Cilindri, pintado en Rosso Imola con interior Blu Sterling, ha sido realizado artesanalmente en nuestros talleres y acabado utilizando datos CAD confidenciales del equipo Ferrari Centro Stile, lo que nos ha permitido reproducir perfectamente cada detalle a escala. Ha sido realizado artesanalmente y acabado en nuestros talleres con la colaboraci\u00f3n y el apoyo de Ferrari en cuanto a acabados originales, materiales, im\u00e1genes de archivo y dibujos. Tambi\u00e9n ha sido sometido a pruebas detalladas por parte de los equipos de ingenier\u00eda y dise\u00f1o para garantizar la total exactitud de la representaci\u00f3n.<\/p>\n<p><em>El Ferrari 12Cilindri est\u00e1 limitado a 199 unidades.<\/em><br \/>\nN\u00famero de art\u00edculo: amg-3-1<\/p>","protected":false},"excerpt":{"rendered":"<p>1-a estrenar - en lugar de 16600,00 \u20ac \u00a1ahora 12500,00 \u20ac incl. 19% IVA!<\/p>","protected":false},"featured_media":38578,"comment_status":"open","ping_status":"closed","template":"","meta":[],"product_brand":[864],"product_cat":[286,63,21],"product_tag":[288,209,202],"class_list":{"0":"post-38577","1":"product","2":"type-product","3":"status-publish","4":"has-post-thumbnail","6":"product_brand-amalgam","7":"product_cat-amalgam","8":"product_cat-ferrari","9":"product_cat-verfuegbar","10":"product_tag-amalgam","11":"product_tag-ferrari","12":"product_tag-verfuegbar","13":"pa_automarke-ferrari","14":"pa_decade-2020s","15":"pa_fahrzeugtyp-coupe","16":"pa_massstab-1-18","17":"pa_modelmarke-amalgam","18":"pa_modeltyp-alles-zum-oeffnen","19":"pa_modeltyp-fertigmodell","20":"pa_status-beim-hersteller-verfuegbar","21":"pa_verfuegbarkeit-5-tage-lieferzeit","22":"pa_zustand_modell-1-brandneu","23":"pa_zustand_verpackung-1-brandneu","25":"first","26":"instock","27":"taxable","28":"shipping-taxable","29":"purchasable","30":"product-type-simple"},"jetpack_sharing_enabled":true,"_links":{"self":[{"href":"https:\/\/www.modelcars24.de\/es\/wp-json\/wp\/v2\/product\/38577","targetHints":{"allow":["GET"]}}],"collection":[{"href":"https:\/\/www.modelcars24.de\/es\/wp-json\/wp\/v2\/product"}],"about":[{"href":"https:\/\/www.modelcars24.de\/es\/wp-json\/wp\/v2\/types\/product"}],"replies":[{"embeddable":true,"href":"https:\/\/www.modelcars24.de\/es\/wp-json\/wp\/v2\/comments?post=38577"}],"version-history":[{"count":0,"href":"https:\/\/www.modelcars24.de\/es\/wp-json\/wp\/v2\/product\/38577\/revisions"}],"wp:featuredmedia":[{"embeddable":true,"href":"https:\/\/www.modelcars24.de\/es\/wp-json\/wp\/v2\/media\/38578"}],"wp:attachment":[{"href":"https:\/\/www.modelcars24.de\/es\/wp-json\/wp\/v2\/media?parent=38577"}],"wp:term":[{"taxonomy":"product_brand","embeddable":true,"href":"https:\/\/www.modelcars24.de\/es\/wp-json\/wp\/v2\/product_brand?post=38577"},{"taxonomy":"product_cat","embeddable":true,"href":"https:\/\/www.modelcars24.de\/es\/wp-json\/wp\/v2\/product_cat?post=38577"},{"taxonomy":"product_tag","embeddable":true,"href":"https:\/\/www.modelcars24.de\/es\/wp-json\/wp\/v2\/product_tag?post=38577"}],"curies":[{"name":"wp","href":"https:\/\/api.w.org\/{rel}","templated":true}]}}