{"id":38849,"date":"2025-01-05T18:51:20","date_gmt":"2025-01-05T17:51:20","guid":{"rendered":"http:\/\/www.mondo-legno.com\/?post_type=product&#038;p=38849"},"modified":"2025-12-10T13:35:39","modified_gmt":"2025-12-10T12:35:39","slug":"amalgama-ferrari-f2004-2","status":"publish","type":"product","link":"https:\/\/www.modelcars24.de\/es\/amalgam-ferrari-f2004\/","title":{"rendered":"Amalgam Ferrari F2004 - Gran Premio de San Marino 1:8 - 1\/18"},"content":{"rendered":"<h3>Amalgam Ferrari F2004 - Gran Premio de San Marino Edici\u00f3n Limitada 1:8<\/h3>\n<p>&nbsp;<\/p>\n<ul>\n<li>Limitado a s\u00f3lo 99 unidades<\/li>\n<li>C\u00f3mo condujo Michael Schumacher hasta la victoria en el Gran Premio Foster's di San Marino 2004 en el Autodromo Enzo e Dino Ferrari el 25 de abril de 2004.<\/li>\n<li>Cada modelo fue hecho a mano y montado por un peque\u00f1o equipo de artesanos<\/li>\n<li>Modelo a escala 1:8, m\u00e1s de 56 cm\/22 pulgadas de largo<\/li>\n<li>Fabricado con materiales de la m\u00e1xima calidad<\/li>\n<li>M\u00e1s de 2.500 horas dedicadas al desarrollo del modelo<\/li>\n<li>M\u00e1s de 250 horas para construir cada modelo<\/li>\n<li>Miles de piezas dise\u00f1adas con precisi\u00f3n: Piezas de fundici\u00f3n, fotograbados y componentes met\u00e1licos mecanizados por CNC.<\/li>\n<li>Construido seg\u00fan los dise\u00f1os CAD originales y los c\u00f3digos de pintura de la Scuderia Ferrari.<\/li>\n<\/ul>\n<p><span style=\"font-size: 16px;\">Incluso en una historia tan extensa, gloriosa y exitosa como la de la Scuderia Ferrari, hay pocos coches m\u00e1s dominantes que su aspirante al Campeonato del Mundo de F\u00f3rmula Uno de la FIA de 2004, el F2004. El fenomenal Ferrari F2004 sali\u00f3 victorioso en quince de las dieciocho carreras, convirti\u00e9ndose en una de las m\u00e1quinas m\u00e1s dominantes que jam\u00e1s haya competido en este deporte. El F2004 iba a ser el broche de oro de la extraordinaria \u201eera dorada\u201c de Ross Brawn, Rory Byrne y Michael Schumacher, tras un periodo de enorme \u00e9xito en el que Ferrari gan\u00f3 seis t\u00edtulos consecutivos de constructores y cinco t\u00edtulos ininterrumpidos de pilotos en seis a\u00f1os.<\/span><br \/>N\u00famero de art\u00edculo: AM-1<\/p>","protected":false},"excerpt":{"rendered":"<p>1-brandneu &#8211; anstatt 10495,00 \u20ac jetzt 9450,00 inkl. 19% Vat<\/p>","protected":false},"featured_media":38850,"comment_status":"open","ping_status":"closed","template":"","meta":[],"product_brand":[864],"product_cat":[286,63,262],"product_tag":[288,209,202],"class_list":{"0":"post-38849","1":"product","2":"type-product","3":"status-publish","4":"has-post-thumbnail","6":"product_brand-amalgam","7":"product_cat-amalgam","8":"product_cat-ferrari","9":"product_cat-vorbestellbar","10":"product_tag-amalgam","11":"product_tag-ferrari","12":"product_tag-verfuegbar","13":"product_shipping_class-sperrgut","14":"pa_automarke-ferrari","15":"pa_decade-2020s","16":"pa_fahrzeugtyp-formel-1","17":"pa_massstab-1-18","18":"pa_modelmarke-amalgam","19":"pa_modeltyp-fertigmodell","20":"pa_modeltyp-geschlossen","21":"pa_status-beim-hersteller-verfuegbar","22":"pa_verfuegbarkeit-5-tage-lieferzeit","23":"pa_zustand_modell-1-brandneu","24":"pa_zustand_verpackung-1-brandneu","26":"first","27":"instock","28":"taxable","29":"shipping-taxable","30":"purchasable","31":"product-type-simple"},"jetpack_sharing_enabled":true,"_links":{"self":[{"href":"https:\/\/www.modelcars24.de\/es\/wp-json\/wp\/v2\/product\/38849","targetHints":{"allow":["GET"]}}],"collection":[{"href":"https:\/\/www.modelcars24.de\/es\/wp-json\/wp\/v2\/product"}],"about":[{"href":"https:\/\/www.modelcars24.de\/es\/wp-json\/wp\/v2\/types\/product"}],"replies":[{"embeddable":true,"href":"https:\/\/www.modelcars24.de\/es\/wp-json\/wp\/v2\/comments?post=38849"}],"version-history":[{"count":0,"href":"https:\/\/www.modelcars24.de\/es\/wp-json\/wp\/v2\/product\/38849\/revisions"}],"wp:featuredmedia":[{"embeddable":true,"href":"https:\/\/www.modelcars24.de\/es\/wp-json\/wp\/v2\/media\/38850"}],"wp:attachment":[{"href":"https:\/\/www.modelcars24.de\/es\/wp-json\/wp\/v2\/media?parent=38849"}],"wp:term":[{"taxonomy":"product_brand","embeddable":true,"href":"https:\/\/www.modelcars24.de\/es\/wp-json\/wp\/v2\/product_brand?post=38849"},{"taxonomy":"product_cat","embeddable":true,"href":"https:\/\/www.modelcars24.de\/es\/wp-json\/wp\/v2\/product_cat?post=38849"},{"taxonomy":"product_tag","embeddable":true,"href":"https:\/\/www.modelcars24.de\/es\/wp-json\/wp\/v2\/product_tag?post=38849"}],"curies":[{"name":"wp","href":"https:\/\/api.w.org\/{rel}","templated":true}]}}