{"id":40687,"date":"2021-08-19T11:54:20","date_gmt":"2021-08-19T09:54:20","guid":{"rendered":"https:\/\/www.modelcars24.de\/?post_type=product&#038;p=40687"},"modified":"2026-04-10T23:58:03","modified_gmt":"2026-04-10T21:58:03","slug":"cmc-bugatti-type-35-grand-prix-nation-color-project-italia","status":"publish","type":"product","link":"https:\/\/www.modelcars24.de\/es\/cmc-bugatti-type-35-grand-prix-nation-color-project-italien\/","title":{"rendered":"CMC Bugatti Type 35 Grand Prix, Proyecto Nation Colour - Italia - 1\/18"},"content":{"rendered":"<h3>CMC Bugatti T35 Nation Colour Project - Italia, 1924 Edici\u00f3n limitada de 800 unidades<\/h3>\n<p>Para Ettore Bugatti, construir coches era una cuesti\u00f3n de perfecci\u00f3n o, dicho de otro modo, una forma de arte con la que era necesario \u201cdise\u00f1ar en belleza\u201d. El Type 35 marc\u00f3 el inicio de un periodo de unos siete a\u00f1os en los que la marca Bugatti domin\u00f3 el automovilismo. Con nuestro \u201eNation Colour Project\u201c, queremos trasladar a su sal\u00f3n la colorida escena de los coches de carreras de los a\u00f1os veinte y treinta. De acuerdo con el reglamento del Gran Premio, se prescrib\u00edan los colores nacionales de cada pa\u00eds para los coches de carreras que pod\u00edan competir. El modelo que presentamos aqu\u00ed representa los colores nacionales de Italia.<\/p>\n<ul>\n<li>Modelo met\u00e1lico de precisi\u00f3n ensamblado a mano con m\u00e1s de 930 piezas<\/li>\n<li>Carrocer\u00eda moldeada aut\u00e9ntica y fiel a la realidad<\/li>\n<li>Librea roja del Gran Premio de Italia (n\u00famero de salida 11 y etiquetado de la carrocer\u00eda ficticios)<\/li>\n<li>Rueda de repuesto lateral con cierre de correa de cuero<\/li>\n<li>Eje delantero de metal macizo pintado en reflejo met\u00e1lico mate plateado<\/li>\n<li>Suspensi\u00f3n delantera en el \u00e1ngulo de inclinaci\u00f3n t\u00edpico de Bugatti, es decir, ruedas con ca\u00edda positiva<\/li>\n<li>Cap\u00f3 de doble ala con ranuras de refrigeraci\u00f3n perforadas, abisagrado y asegurado con correas dobles de cuero.<\/li>\n<li>Travesa\u00f1o longitudinal del bastidor en dise\u00f1o met\u00e1lico.<\/li>\n<li>Parte inferior larga de la carrocer\u00eda con ranuras de ventilaci\u00f3n perforadas Rejilla del radiador y rejilla protectora de piedras en dise\u00f1o met\u00e1lico<\/li>\n<li>Ballestas met\u00e1licas en el eje delantero y trasero con funci\u00f3n de suspensi\u00f3n<\/li>\n<li>Tapa del dep\u00f3sito de doble ala de acero inoxidable y desenroscable<\/li>\n<li>Motor de 8 cilindros en l\u00ednea altamente detallado con todas las unidades complementarias y tuber\u00edas y cableado completos.<\/li>\n<li>Palanca de cambios externa m\u00f3vil y palanca del freno de mano<\/li>\n<li>Rejilla de protecci\u00f3n m\u00f3vil en el lado del conductor<\/li>\n<li>Caja de direcci\u00f3n prototipo con engranaje helicoidal Doble tubo de escape met\u00e1lico<\/li>\n<li>Manivela met\u00e1lica giratoria de arranque del motor<\/li>\n<li>Ruedas met\u00e1licas prototipo en dise\u00f1o de aluminio fundido con tambor de freno acanalado montado en brida (construcci\u00f3n de la rueda de 35 piezas).<\/li>\n<li>Ruedas desmontables con anillas roscadas originales r\u00e9plica de cuatro orejas<\/li>\n<li>Diferentes perfiles de neum\u00e1ticos delante \/ detr\u00e1s Asientos y respaldo tapizados en cuero marr\u00f3n aut\u00e9ntico Volante con radios met\u00e1licos y aro de volante con envoltura de cord\u00f3n<\/li>\n<li>Salpicadero de dise\u00f1o original en acabado sunburst cepillado met\u00e1lico con todos los instrumentos redondos y magneto de encendido insertado.<\/li>\n<li>Palanca de la bomba de aceite manual de ba\u00f1era m\u00f3vil<\/li>\n<li>Term\u00f3metro remoto en el tap\u00f3n del radiador<\/li>\n<\/ul>\n<p>Particularidad: Tornillos de carrocer\u00eda met\u00e1licos especialmente fabricados con molduras espec\u00edficas de Bugatti. Todos los tornillos elaboradamente asegurados con alambre fino de acero inoxidable, fiel al original.<br \/>N\u00famero de art\u00edculo: M-100 B-001<\/p>","protected":false},"excerpt":{"rendered":"<p>Bugatti Type 35 Grand Prix, Nation Colour Project - Italy modelcar, M-100 B-001, de CMC, ahora disponible en www.modelcars24.de<\/p>","protected":false},"featured_media":40689,"comment_status":"open","ping_status":"closed","template":"","meta":{"_acf_changed":false},"product_brand":[537],"product_cat":[960,77,18,34],"product_tag":[],"class_list":{"0":"post-40687","1":"product","2":"type-product","3":"status-publish","4":"has-post-thumbnail","6":"product_brand-cmc","7":"product_cat-aktion","8":"product_cat-bugatti","9":"product_cat-cmc","10":"product_cat-nicht-verfuegbar","11":"pa_automarke-bugatti","12":"pa_decade-1930s","13":"pa_fahrzeugtyp-formel-1","14":"pa_farbe-rot","15":"pa_limitiert-ja","16":"pa_massstab-1-18","17":"pa_modelmarke-cmc","18":"pa_modeltyp-alles-zum-oeffnen","19":"pa_modeltyp-fertigmodell","20":"pa_status-beim-hersteller-ausverkauft","21":"pa_verfuegbarkeit-nicht-verfuegbar","22":"pa_zustand_modell-1-brandneu","23":"pa_zustand_verpackung-1-brandneu","25":"first","26":"outofstock","27":"taxable","28":"shipping-taxable","29":"purchasable","30":"product-type-simple"},"acf":[],"jetpack_sharing_enabled":true,"_links":{"self":[{"href":"https:\/\/www.modelcars24.de\/es\/wp-json\/wp\/v2\/product\/40687","targetHints":{"allow":["GET"]}}],"collection":[{"href":"https:\/\/www.modelcars24.de\/es\/wp-json\/wp\/v2\/product"}],"about":[{"href":"https:\/\/www.modelcars24.de\/es\/wp-json\/wp\/v2\/types\/product"}],"replies":[{"embeddable":true,"href":"https:\/\/www.modelcars24.de\/es\/wp-json\/wp\/v2\/comments?post=40687"}],"version-history":[{"count":3,"href":"https:\/\/www.modelcars24.de\/es\/wp-json\/wp\/v2\/product\/40687\/revisions"}],"predecessor-version":[{"id":58543,"href":"https:\/\/www.modelcars24.de\/es\/wp-json\/wp\/v2\/product\/40687\/revisions\/58543"}],"wp:featuredmedia":[{"embeddable":true,"href":"https:\/\/www.modelcars24.de\/es\/wp-json\/wp\/v2\/media\/40689"}],"wp:attachment":[{"href":"https:\/\/www.modelcars24.de\/es\/wp-json\/wp\/v2\/media?parent=40687"}],"wp:term":[{"taxonomy":"product_brand","embeddable":true,"href":"https:\/\/www.modelcars24.de\/es\/wp-json\/wp\/v2\/product_brand?post=40687"},{"taxonomy":"product_cat","embeddable":true,"href":"https:\/\/www.modelcars24.de\/es\/wp-json\/wp\/v2\/product_cat?post=40687"},{"taxonomy":"product_tag","embeddable":true,"href":"https:\/\/www.modelcars24.de\/es\/wp-json\/wp\/v2\/product_tag?post=40687"}],"curies":[{"name":"wp","href":"https:\/\/api.w.org\/{rel}","templated":true}]}}