{"id":40705,"date":"2024-01-28T00:00:00","date_gmt":"2024-01-27T23:00:00","guid":{"rendered":"https:\/\/www.modelcars24.de\/?post_type=product&#038;p=40705"},"modified":"2026-04-24T12:48:58","modified_gmt":"2026-04-24T10:48:58","slug":"cmc-bugatti-type-35-grand-prix-nation-color-project-suecia","status":"publish","type":"product","link":"https:\/\/www.modelcars24.de\/es\/cmc-bugatti-type-35-grand-prix-nation-color-project-schweden\/","title":{"rendered":"CMC Bugatti Type 35 Grand Prix, Proyecto Nation Colour - Suecia - 1\/18"},"content":{"rendered":"<p>CMC Bugatti Type 35 Nation Colour Project - Suecia, 1924 Edici\u00f3n limitada de 500 unidades<\/p>\n<p>Para Ettore Bugatti, construir coches era una cuesti\u00f3n de perfecci\u00f3n o, dicho de otro modo, una forma de arte con la que hab\u00eda que \u201cdise\u00f1ar en belleza\u201d. El Type 35 marc\u00f3 el inicio de un periodo de unos siete a\u00f1os en los que la marca Bugatti domin\u00f3 el automovilismo. Con nuestro \u201eNation Colour Project\u201c, queremos trasladar a su sal\u00f3n la colorida escena de los coches de carreras de los a\u00f1os veinte y treinta. De acuerdo con el reglamento del Gran Premio, se prescrib\u00edan colores nacionales para cada pa\u00eds para los coches de carreras que pod\u00edan competir. El modelo que presentamos aqu\u00ed representa los colores nacionales de los coches de carreras de Suecia.<\/p>\n<ul>\n<li>Modelo met\u00e1lico de precisi\u00f3n ensamblado a mano con m\u00e1s de 930 piezas<\/li>\n<li>Carrocer\u00eda moldeada aut\u00e9ntica y fiel a la realidad<\/li>\n<li>Escenograf\u00eda amarilla\/azul del Gran Premio de Suecia (salida n\u00ba 5 ficticia)<\/li>\n<li>Rueda de repuesto lateral con cierre de correa de cuero<\/li>\n<li>Eje delantero de metal macizo pintado en reflejo met\u00e1lico mate plateado<\/li>\n<li>Suspensi\u00f3n delantera en el \u00e1ngulo de inclinaci\u00f3n t\u00edpico de Bugatti, es decir, ruedas con ca\u00edda positiva<\/li>\n<li>Cap\u00f3 de doble ala con ranuras de refrigeraci\u00f3n perforadas, abisagrado y asegurado con correas dobles de cuero.<\/li>\n<li>Lateral del bastidor en dise\u00f1o met\u00e1lico. Lateral longitudinal inferior de la carrocer\u00eda con ranuras de ventilaci\u00f3n perforadas.<\/li>\n<li>Rejilla del radiador y protector de piedra en dise\u00f1o met\u00e1lico<\/li>\n<li>Ballestas met\u00e1licas en el eje delantero y trasero con funci\u00f3n de suspensi\u00f3n<\/li>\n<li>Tapa del dep\u00f3sito de doble ala de acero inoxidable y desenroscable<\/li>\n<li>Motor de 8 cilindros en l\u00ednea altamente detallado con todas las unidades complementarias y tuber\u00edas y cableado completos.<\/li>\n<li>Palanca de cambios externa m\u00f3vil y palanca del freno de mano<\/li>\n<li>Parabrisas m\u00f3vil del conductor con fald\u00f3n de cuero<\/li>\n<li>Espejo retrovisor fijado con tuercas ciegas<\/li>\n<li>Caja de direcci\u00f3n prototipo con engranaje helicoidal<\/li>\n<li>Doble tubo de escape met\u00e1lico<\/li>\n<li>Manivela met\u00e1lica giratoria de arranque del motor<\/li>\n<li>Ruedas met\u00e1licas prototipo en dise\u00f1o de aluminio fundido con tambor de freno acanalado montado en brida (construcci\u00f3n de la rueda de 35 piezas).<\/li>\n<li>Ruedas desmontables con anillas roscadas originales r\u00e9plica de cuatro orejas<\/li>\n<li>Diferentes perfiles de neum\u00e1ticos delante \/ detr\u00e1s<\/li>\n<li>Asientos y respaldo tapizados en cuero negro aut\u00e9ntico<\/li>\n<li>Volante con radios met\u00e1licos y aro de volante con envoltura de cord\u00f3n<\/li>\n<li>Salpicadero de dise\u00f1o original en acabado sunburst cepillado met\u00e1lico con todos los instrumentos redondos y magneto de encendido insertado.<\/li>\n<li>Palanca de la bomba de aceite manual de ba\u00f1era m\u00f3vil<\/li>\n<li>Term\u00f3metro remoto en el tap\u00f3n del radiador<\/li>\n<\/ul>\n<p>Caracter\u00edstica especial: Tornillos de carrocer\u00eda met\u00e1licos especialmente fabricados con dise\u00f1o espec\u00edfico Bugatti. Todos los tornillos elaboradamente asegurados con alambre fino de acero inoxidable, fiel al original.<br \/>N\u00famero de art\u00edculo: M-100 B-011<\/p>","protected":false},"excerpt":{"rendered":"<p>Bugatti Type 35 Grand Prix, Nation Colour Project - Coche modelo Suecia, M-100 B-011, de CMC, ahora disponible en www.modelcars24.de<\/p>","protected":false},"featured_media":40708,"comment_status":"open","ping_status":"closed","template":"","meta":{"_acf_changed":false},"product_brand":[537],"product_cat":[960,77,18,20,21],"product_tag":[],"class_list":{"0":"post-40705","1":"product","2":"type-product","3":"status-publish","4":"has-post-thumbnail","6":"product_brand-cmc","7":"product_cat-aktion","8":"product_cat-bugatti","9":"product_cat-cmc","10":"product_cat-titel","11":"product_cat-verfuegbar","12":"pa_automarke-bugatti","13":"pa_decade-1930s","14":"pa_fahrzeugtyp-formel-1","15":"pa_farbe-gelb-blau","16":"pa_limitiert-ja","17":"pa_massstab-1-18","18":"pa_modelmarke-cmc","19":"pa_modeltyp-alles-zum-oeffnen","20":"pa_modeltyp-fertigmodell","21":"pa_status-beim-hersteller-ausverkauft","22":"pa_verfuegbarkeit-sofort-verfuegbar","23":"pa_zustand_modell-2-neuwertig","24":"pa_zustand_verpackung-2-neuwertig","26":"first","27":"instock","28":"sale","29":"taxable","30":"shipping-taxable","31":"purchasable","32":"product-type-simple"},"acf":[],"jetpack_sharing_enabled":true,"_links":{"self":[{"href":"https:\/\/www.modelcars24.de\/es\/wp-json\/wp\/v2\/product\/40705","targetHints":{"allow":["GET"]}}],"collection":[{"href":"https:\/\/www.modelcars24.de\/es\/wp-json\/wp\/v2\/product"}],"about":[{"href":"https:\/\/www.modelcars24.de\/es\/wp-json\/wp\/v2\/types\/product"}],"replies":[{"embeddable":true,"href":"https:\/\/www.modelcars24.de\/es\/wp-json\/wp\/v2\/comments?post=40705"}],"version-history":[{"count":3,"href":"https:\/\/www.modelcars24.de\/es\/wp-json\/wp\/v2\/product\/40705\/revisions"}],"predecessor-version":[{"id":58546,"href":"https:\/\/www.modelcars24.de\/es\/wp-json\/wp\/v2\/product\/40705\/revisions\/58546"}],"wp:featuredmedia":[{"embeddable":true,"href":"https:\/\/www.modelcars24.de\/es\/wp-json\/wp\/v2\/media\/40708"}],"wp:attachment":[{"href":"https:\/\/www.modelcars24.de\/es\/wp-json\/wp\/v2\/media?parent=40705"}],"wp:term":[{"taxonomy":"product_brand","embeddable":true,"href":"https:\/\/www.modelcars24.de\/es\/wp-json\/wp\/v2\/product_brand?post=40705"},{"taxonomy":"product_cat","embeddable":true,"href":"https:\/\/www.modelcars24.de\/es\/wp-json\/wp\/v2\/product_cat?post=40705"},{"taxonomy":"product_tag","embeddable":true,"href":"https:\/\/www.modelcars24.de\/es\/wp-json\/wp\/v2\/product_tag?post=40705"}],"curies":[{"name":"wp","href":"https:\/\/api.w.org\/{rel}","templated":true}]}}