{"id":41176,"date":"2025-03-25T09:54:27","date_gmt":"2025-03-25T08:54:27","guid":{"rendered":"https:\/\/www.modelcars24.de\/?post_type=product&#038;p=41176"},"modified":"2026-03-12T11:06:16","modified_gmt":"2026-03-12T10:06:16","slug":"cmc-jaguar-c-type-reunion-de-miembros-de-goodwood-1954-jimmy-stewart-19-azul-limitado-a-1500-piezas","status":"publish","type":"product","link":"https:\/\/www.modelcars24.de\/es\/cmc-jaguar-c-type-goodwood-members-meeting-1954-jimmy-stewart-19-blau-limitiert-auf-1500-stueck\/","title":{"rendered":"CMC Jaguar C Type, Goodwood Members Meeting, 1954, Jimmy Stewart #19 (Azul) Edici\u00f3n limitada a 1500 unidades - 1\/18"},"content":{"rendered":"<h3>CMC Jaguar C Type, Reuni\u00f3n de Miembros de Goodwood, 1954, Jimmy Stewart #19 (Azul) Limitado a 1500 piezas<\/h3>\n<p>CMC ha recreado con autenticidad el legendario coche de carreras en la versi\u00f3n Goodwood Members Meeting en color \u201escottish flag blue metallic\u201c.<\/p>\n<p>Fundada en 1951, la Ecurie Ecosse -que en franc\u00e9s significa \u201eescuder\u00eda escocesa\u201c- estuvo asociada principalmente con Jaguar Cars Ltd. en la d\u00e9cada de 1950. La escuder\u00eda surgi\u00f3 de Merchiston Motors, fundada por David Murray y Walter Wilkinson. La Ecurie Ecosse particip\u00f3 tres veces en el Gran Premio de Gran Breta\u00f1a, pero sin \u00e9xito: la escuder\u00eda tuvo m\u00e1s \u00e9xito con los deportivos Jaguar.<\/p>\n<ul>\n<li>Modelo met\u00e1lico de precisi\u00f3n ensamblado a mano a partir de 1.155 piezas<\/li>\n<li>Cap\u00f3 abatible y bloqueable<\/li>\n<li>Fiel reproducci\u00f3n del motor de seis cilindros en l\u00ednea con todas las unidades complementarias y cableado completo<\/li>\n<li>Tubos de escape met\u00e1licos<\/li>\n<li>Eje delantero de direcci\u00f3n triangular con amortiguadores met\u00e1licos de aceite a presi\u00f3n<\/li>\n<li>Suspensi\u00f3n de barra de torsi\u00f3n en disposici\u00f3n longitudinal<\/li>\n<li>Eje trasero r\u00edgido con brazos arrastrados y amortiguadores met\u00e1licos de aceite a presi\u00f3n<\/li>\n<li>Suspensi\u00f3n de barra de torsi\u00f3n en disposici\u00f3n transversal<\/li>\n<li>Rejilla del radiador de acero inoxidable hecha a mano<\/li>\n<li>R\u00e9plica detallada del sistema de refrigeraci\u00f3n<\/li>\n<li>Trazado detallado de los conductos de aceite y combustible<\/li>\n<li>Tap\u00f3n del dep\u00f3sito de combustible m\u00f3vil<\/li>\n<li>Puerta del conductor con bisagras de apertura aut\u00e9nticamente reproducidas<\/li>\n<li>Cabina con asientos del conductor y el acompa\u00f1ante tapizados en cuero<\/li>\n<li>Ruedas de radios perfectamente dise\u00f1adas con radios de alambre de acero inoxidable dibujados a mano y con tetones<\/li>\n<li>Cierres centrales de rueda atornillables con rosca derecha\/izquierda<\/li>\n<li>Colocaci\u00f3n del n\u00famero de inicio 19 mediante tampograf\u00eda<\/li>\n<\/ul>\n<p>N\u00famero de art\u00edculo: M-192<\/p>","protected":false},"excerpt":{"rendered":"<p>M-192 &#8211; 1-brandneu &#8211; 645 \u20ac inkl. 19% Vat<\/p>","protected":false},"featured_media":41178,"comment_status":"open","ping_status":"closed","template":"","meta":[],"product_brand":[537],"product_cat":[18,139,45,21],"product_tag":[666,667],"class_list":{"0":"post-41176","1":"product","2":"type-product","3":"status-publish","4":"has-post-thumbnail","6":"product_brand-cmc","7":"product_cat-cmc","8":"product_cat-jaguar","9":"product_cat-neuzugang","10":"product_cat-verfuegbar","11":"product_tag-goodwood-members-stewart","12":"product_tag-jaguar-c-type-goodwood-members-stewart-19","13":"pa_automarke-jaguar","14":"pa_decade-1950s","15":"pa_fahrzeugtyp-cabrio","16":"pa_farbe-blau","17":"pa_limitiert-ja","18":"pa_massstab-1-18","19":"pa_modelmarke-cmc","20":"pa_modeltyp-alles-zum-oeffnen","21":"pa_modeltyp-fertigmodell","22":"pa_status-beim-hersteller-ausverkauft","23":"pa_verfuegbarkeit-nicht-verfuegbar","24":"pa_zustand_modell-2-neuwertig","25":"pa_zustand_verpackung-2-neuwertig","27":"first","28":"instock","29":"taxable","30":"shipping-taxable","31":"purchasable","32":"product-type-simple"},"jetpack_sharing_enabled":true,"_links":{"self":[{"href":"https:\/\/www.modelcars24.de\/es\/wp-json\/wp\/v2\/product\/41176","targetHints":{"allow":["GET"]}}],"collection":[{"href":"https:\/\/www.modelcars24.de\/es\/wp-json\/wp\/v2\/product"}],"about":[{"href":"https:\/\/www.modelcars24.de\/es\/wp-json\/wp\/v2\/types\/product"}],"replies":[{"embeddable":true,"href":"https:\/\/www.modelcars24.de\/es\/wp-json\/wp\/v2\/comments?post=41176"}],"version-history":[{"count":6,"href":"https:\/\/www.modelcars24.de\/es\/wp-json\/wp\/v2\/product\/41176\/revisions"}],"predecessor-version":[{"id":61923,"href":"https:\/\/www.modelcars24.de\/es\/wp-json\/wp\/v2\/product\/41176\/revisions\/61923"}],"wp:featuredmedia":[{"embeddable":true,"href":"https:\/\/www.modelcars24.de\/es\/wp-json\/wp\/v2\/media\/41178"}],"wp:attachment":[{"href":"https:\/\/www.modelcars24.de\/es\/wp-json\/wp\/v2\/media?parent=41176"}],"wp:term":[{"taxonomy":"product_brand","embeddable":true,"href":"https:\/\/www.modelcars24.de\/es\/wp-json\/wp\/v2\/product_brand?post=41176"},{"taxonomy":"product_cat","embeddable":true,"href":"https:\/\/www.modelcars24.de\/es\/wp-json\/wp\/v2\/product_cat?post=41176"},{"taxonomy":"product_tag","embeddable":true,"href":"https:\/\/www.modelcars24.de\/es\/wp-json\/wp\/v2\/product_tag?post=41176"}],"curies":[{"name":"wp","href":"https:\/\/api.w.org\/{rel}","templated":true}]}}