{"id":43364,"date":"2024-12-29T13:30:23","date_gmt":"2024-12-29T12:30:23","guid":{"rendered":"https:\/\/www.modelcars24.de\/?post_type=product&#038;p=43364"},"modified":"2026-04-24T08:42:59","modified_gmt":"2026-04-24T06:42:59","slug":"ixo-porsche-917-salzburgo-23","status":"publish","type":"product","link":"https:\/\/www.modelcars24.de\/es\/ixo-porsche-917-salzburg-23\/","title":{"rendered":"IXO Porsche 917 Salzburg #23 kit 1:8 - 1\/8"},"content":{"rendered":"<p>IXO Porsche 917 Salzburg #23. Kit de alta calidad en escala 1:8.<\/p>\n<p>La leyenda de las carreras, en su versi\u00f3n m\u00e1s completa:<\/p>\n<p>Sum\u00e9rjase en la historia del autom\u00f3vil con el kit completo IXOCOLLECTIONS del Porsche 917 KH Rojo #23 a escala 1\/8. Este extraordinario modelo captura la esencia del legendario coche de carreras que dio a Porsche su primera victoria en las 24 Horas de Le Mans en 1970. Descubra una experiencia de modelismo \u00fanica y envolvente que ofrece una precisi\u00f3n y un detalle sin igual.<\/p>\n<p>Un modelo extraordinario:<\/p>\n<p>No se trata de un simple modelo en miniatura, sino de una aut\u00e9ntica obra de arte para construir uno mismo. Con m\u00e1s de 839 piezas, incluidas 158 de metal, el kit completo te permite recrear meticulosamente cada componente del Porsche 917 KH, desde su potente motor hasta sus ic\u00f3nicas caracter\u00edsticas aerodin\u00e1micas. Este modelo con licencia oficial rinde homenaje a la herencia del coche n\u00famero 23 del equipo Porsche Salzburg.<\/p>\n<p>Una experiencia de modelado sin igual:<\/p>\n<p>El kit completo IXOCOLLECTIONS ofrece mucho m\u00e1s que una simple maqueta. Es una invitaci\u00f3n a realizar un viaje en el tiempo para descubrir la artesan\u00eda y la pasi\u00f3n que llevaron a la creaci\u00f3n de este ic\u00f3nico coche de carreras.<\/p>\n<p>Funciones notables:<\/p>\n<p>Fiel r\u00e9plica del Porsche 917 KH #23, ganador de las 24 Horas de Le Mans de 1970.<\/p>\n<p>Escala 1\/8 para un tama\u00f1o impresionante y detalles precisos<\/p>\n<p>M\u00e1s de 839 piezas, 158 de ellas met\u00e1licas, para una construcci\u00f3n robusta y realista<\/p>\n<p>Las puertas, el cap\u00f3 y el compartimento del motor pueden abrirse para explorar el detallado interior.<\/p>\n<p>Focos funcionales para una inmersi\u00f3n total<\/p>\n<p>Ruidos de motor y bocina realistas<\/p>\n<p>Instrucciones de montaje detalladas para un montaje sencillo y preciso<\/p>\n<p>Un regalo inolvidable:<\/p>\n<p>El kit completo IXOCOLLECTIONS del Porsche 917 KH Rojo #23 es un regalo inolvidable para cualquier entusiasta de los coches, modelista o aficionado a la historia. Es una pieza central que se exhibir\u00e1 con orgullo en cualquier colecci\u00f3n y ser\u00e1 admirada por todos los que la vean. Reg\u00e1lese a s\u00ed mismo o a un ser querido la oportunidad de poseer una pieza de leyenda automovil\u00edstica y disfrutar de una experiencia de modelismo \u00fanica.<\/p>\n<p>Especificaciones:<\/p>\n<p>Escala: 1\/8<\/p>\n<p>Longitud: 55,1 cm<\/p>\n<p>Anchura: 26,06 cm<\/p>\n<p>Altura: 11,9 cm<\/p>\n<p>Peso: 5,95 kg<\/p>\n<p>N\u00famero de piezas: M\u00e1s de 839 piezas, incluidas 158 piezas met\u00e1licas<\/p>\n<p>Funciones: Faros funcionales, ruidos de motor y claxon.<\/p>\n<p>Licencia oficial: Porsche<\/p>\n<p>\u00a1No pierda la oportunidad de poseer un pedazo de la historia del autom\u00f3vil!<\/p>\n<p>N\u00famero de art\u00edculo: IXC.POR.23.FK<\/p>","protected":false},"excerpt":{"rendered":"<p>IXC.POR.23.FK &#8211; 1-brandneu &#8211; anstatt 990,00 \u20ac jetzt 899,00 \u20ac inkl. 19% Vat<\/p>","protected":false},"featured_media":43362,"comment_status":"open","ping_status":"closed","template":"","meta":[],"product_brand":[839],"product_cat":[417,56,21],"product_tag":[460,265,263],"class_list":{"0":"post-43364","1":"product","2":"type-product","3":"status-publish","4":"has-post-thumbnail","6":"product_brand-ixo","7":"product_cat-ixo","8":"product_cat-porsche","9":"product_cat-verfuegbar","10":"product_tag-ixo","11":"product_tag-porsche","12":"product_tag-vorbestellbar","13":"product_shipping_class-sperrgut","14":"pa_automarke-porsche","15":"pa_decade-1960s","16":"pa_fahrzeugtyp-gt-rennen","17":"pa_limitiert-nein","18":"pa_massstab-1-8","19":"pa_modelmarke-ixo","20":"pa_modeltyp-alles-zum-oeffnen","21":"pa_modeltyp-bausatz","22":"pa_status-beim-hersteller-verfuegbar","23":"pa_verfuegbarkeit-sofort-verfuegbar","24":"pa_zustand_modell-1-brandneu","25":"pa_zustand_verpackung-1-brandneu","27":"first","28":"outofstock","29":"sale","30":"taxable","31":"shipping-taxable","32":"purchasable","33":"product-type-simple"},"jetpack_sharing_enabled":true,"_links":{"self":[{"href":"https:\/\/www.modelcars24.de\/es\/wp-json\/wp\/v2\/product\/43364","targetHints":{"allow":["GET"]}}],"collection":[{"href":"https:\/\/www.modelcars24.de\/es\/wp-json\/wp\/v2\/product"}],"about":[{"href":"https:\/\/www.modelcars24.de\/es\/wp-json\/wp\/v2\/types\/product"}],"replies":[{"embeddable":true,"href":"https:\/\/www.modelcars24.de\/es\/wp-json\/wp\/v2\/comments?post=43364"}],"version-history":[{"count":5,"href":"https:\/\/www.modelcars24.de\/es\/wp-json\/wp\/v2\/product\/43364\/revisions"}],"predecessor-version":[{"id":58624,"href":"https:\/\/www.modelcars24.de\/es\/wp-json\/wp\/v2\/product\/43364\/revisions\/58624"}],"wp:featuredmedia":[{"embeddable":true,"href":"https:\/\/www.modelcars24.de\/es\/wp-json\/wp\/v2\/media\/43362"}],"wp:attachment":[{"href":"https:\/\/www.modelcars24.de\/es\/wp-json\/wp\/v2\/media?parent=43364"}],"wp:term":[{"taxonomy":"product_brand","embeddable":true,"href":"https:\/\/www.modelcars24.de\/es\/wp-json\/wp\/v2\/product_brand?post=43364"},{"taxonomy":"product_cat","embeddable":true,"href":"https:\/\/www.modelcars24.de\/es\/wp-json\/wp\/v2\/product_cat?post=43364"},{"taxonomy":"product_tag","embeddable":true,"href":"https:\/\/www.modelcars24.de\/es\/wp-json\/wp\/v2\/product_tag?post=43364"}],"curies":[{"name":"wp","href":"https:\/\/api.w.org\/{rel}","templated":true}]}}