{"id":43453,"date":"2024-12-08T13:26:40","date_gmt":"2024-12-08T12:26:40","guid":{"rendered":"https:\/\/www.modelcars24.de\/?post_type=product&#038;p=43453"},"modified":"2025-12-10T13:36:39","modified_gmt":"2025-12-10T12:36:39","slug":"ixo-bugatti-atlantic-57c-modelo-terminado-1-9","status":"publish","type":"product","link":"https:\/\/www.modelcars24.de\/es\/ixo-bugatti-atlantic-57c-fertigmodell-1-8\/","title":{"rendered":"IXO Bugatti Atlantic 57c modelo acabado 1\/8 - 1\/8"},"content":{"rendered":"<h1>IXO Bugatti Atlantic 57c 1\/8 Modelo terminado<\/h1>\n<p>&nbsp;<\/p>\n<p>Bugatti 57 Modelo terminado 1:8. Modelo de coleccionista de alta calidad a escala 1:8. Fundici\u00f3n a presi\u00f3n, todas las puertas y cap\u00f3s se abren. Tambi\u00e9n disponible en otros colores o como modelo hecho a medida, seg\u00fan su veh\u00edculo deseado.<\/p>\n<p>Construimos modelos a escala 1:8 del Bugatti 57 seg\u00fan su veh\u00edculo deseado. Se puede realizar una variedad de equipamientos. Adem\u00e1s de la pintura, el dise\u00f1o de las llantas, los paquetes de equipamiento o los faros. En el interior, continuamos con el color del interior, los salpicaderos. Por supuesto, tambi\u00e9n hay una matr\u00edcula individual. El tiempo de entrega de un modelo individual es de aproximadamente 2 meses. P\u00f3ngase en contacto conmigo en klaus.jeschke@modelcars24.de para configurar su Bugatti.<\/p>\n<p>Dimensiones: Largo: 56,8 cm - Ancho: 20,8 cm - Alto: 18,4 cm<\/p>\n<p>&nbsp;<\/p>\n<p>N\u00famero de art\u00edculo: IXO-Bugatti-1-1<\/p>","protected":false},"excerpt":{"rendered":"<p>1-brandneu &#8211; 3295,00 \u20ac inkl. 19% Vat<\/p>","protected":false},"featured_media":43455,"comment_status":"open","ping_status":"closed","template":"","meta":[],"product_brand":[537],"product_cat":[426,417,19,20,21],"product_tag":[78,393,265,394],"class_list":{"0":"post-43453","1":"product","2":"type-product","3":"status-publish","4":"has-post-thumbnail","6":"product_brand-cmc","7":"product_cat-funding","8":"product_cat-ixo","9":"product_cat-mercedes-benz","10":"product_cat-titel","11":"product_cat-verfuegbar","12":"product_tag-angebot","13":"product_tag-gt-spirit","14":"product_tag-porsche","15":"product_tag-sofort-verfuegbar","16":"product_shipping_class-sperrgut","17":"pa_automarke-bugatti","18":"pa_decade-1930s","19":"pa_fahrzeugtyp-coupe","20":"pa_farbe-silber","21":"pa_limitiert-ja","22":"pa_massstab-1-8","23":"pa_modelmarke-cmc","24":"pa_modeltyp-alles-zum-oeffnen","25":"pa_modeltyp-fertigmodell","26":"pa_status-beim-hersteller-verfuegbar","27":"pa_verfuegbarkeit-vorbestellbar","28":"pa_zustand_modell-1-brandneu","29":"pa_zustand_verpackung-1-brandneu","31":"first","32":"instock","33":"taxable","34":"shipping-taxable","35":"purchasable","36":"product-type-simple"},"jetpack_sharing_enabled":true,"_links":{"self":[{"href":"https:\/\/www.modelcars24.de\/es\/wp-json\/wp\/v2\/product\/43453","targetHints":{"allow":["GET"]}}],"collection":[{"href":"https:\/\/www.modelcars24.de\/es\/wp-json\/wp\/v2\/product"}],"about":[{"href":"https:\/\/www.modelcars24.de\/es\/wp-json\/wp\/v2\/types\/product"}],"replies":[{"embeddable":true,"href":"https:\/\/www.modelcars24.de\/es\/wp-json\/wp\/v2\/comments?post=43453"}],"version-history":[{"count":0,"href":"https:\/\/www.modelcars24.de\/es\/wp-json\/wp\/v2\/product\/43453\/revisions"}],"wp:featuredmedia":[{"embeddable":true,"href":"https:\/\/www.modelcars24.de\/es\/wp-json\/wp\/v2\/media\/43455"}],"wp:attachment":[{"href":"https:\/\/www.modelcars24.de\/es\/wp-json\/wp\/v2\/media?parent=43453"}],"wp:term":[{"taxonomy":"product_brand","embeddable":true,"href":"https:\/\/www.modelcars24.de\/es\/wp-json\/wp\/v2\/product_brand?post=43453"},{"taxonomy":"product_cat","embeddable":true,"href":"https:\/\/www.modelcars24.de\/es\/wp-json\/wp\/v2\/product_cat?post=43453"},{"taxonomy":"product_tag","embeddable":true,"href":"https:\/\/www.modelcars24.de\/es\/wp-json\/wp\/v2\/product_tag?post=43453"}],"curies":[{"name":"wp","href":"https:\/\/api.w.org\/{rel}","templated":true}]}}