{"id":43720,"date":"2024-08-19T11:53:59","date_gmt":"2024-08-19T09:53:59","guid":{"rendered":"https:\/\/www.modelcars24.de\/?post_type=product&#038;p=43720"},"modified":"2026-03-15T19:30:51","modified_gmt":"2026-03-15T18:30:51","slug":"cmc-audi-920-1938-40-2","status":"publish","type":"product","link":"https:\/\/www.modelcars24.de\/es\/cmc-audi-920-1938-40-2\/","title":{"rendered":"CMC Audi 920, 1938\/40 - 1\/24"},"content":{"rendered":"<h3>CMC Audi 920, 1938\/40<\/h3>\n<div>\n<ul>\n<li>Modelo de precisi\u00f3n ensamblado a mano que consta de 399 piezas<\/li>\n<li>Carrocer\u00eda aut\u00e9ntica y fiel a la realidad con una cautivadora pintura bicolor<\/li>\n<li>Grupo de subvodos detallado<\/li>\n<li>Asientos de cuero aut\u00e9ntico<\/li>\n<li>Asientos delanteros con respaldo abatible<\/li>\n<li>Volante de tres radios con montantes cu\u00e1druples fotograbados<\/li>\n<li>Rejilla del radiador elaborada con precisi\u00f3n con lamas caladas de piezas fotograbadas<\/li>\n<li>Parabrisas dividido con marco de metal perfilado<\/li>\n<li>Espejo exterior met\u00e1lico ensamblado en varias piezas<\/li>\n<li>Rejillas met\u00e1licas laterales de ventilaci\u00f3n del compartimento del motor<\/li>\n<li>Puertas y maletero abatibles<\/li>\n<li>Maletero y espacio para los pies alfombrados, bordes de moqueta en el interior con ribete de imitaci\u00f3n de cuero<\/li>\n<li>Cap\u00f3 m\u00f3vil de doble ala<\/li>\n<li>Dise\u00f1o detallado del motor<\/li>\n<li>Salpicadero como r\u00e9plica de madera aut\u00e9ntica<\/li>\n<li>Marco de ventana de piezas fotograbadas<\/li>\n<li>Parachoques moldeados de metal macizo<\/li>\n<li>Capota de tela aut\u00e9ntica<\/li>\n<li>Tapacubos de metal moldeado<\/li>\n<li>Llantas de acero con v\u00e1lvula met\u00e1lica de inserci\u00f3n manual<\/li>\n<\/ul>\n<\/div>\n<h4>Descripci\u00f3n del veh\u00edculo original:<\/h4>\n<div>August Horch fund\u00f3 A. Horch &amp; Cie. en 1899; en 1932, Audi, DKW, Horch y Wanderer se fusionaron para formar Auto Union. Los cuatro anillos del logotipo simbolizan la uni\u00f3n de las empresas.<br \/>\nEl Audi 920 fue especialmente popular entre los conductores individualistas y deportivos. Dise\u00f1ado y ensamblado por Horch, el veh\u00edculo, que se entreg\u00f3 a partir de diciembre de 1938, presentaba las caracter\u00edsticas modulares t\u00edpicas de la Auto Union de finales de los a\u00f1os treinta. El Audi s\u00f3lo estaba disponible de serie en dos versiones de carrocer\u00eda: la berlina producida por las propias f\u00e1bricas de Horch y el descapotable producido por Gl\u00e4ser en Dresde.<br \/>\nA diferencia de su predecesor, el Audi Front, el 920 volvi\u00f3 a estar equipado con tracci\u00f3n trasera.<br \/>\nEl autom\u00f3vil, extremadamente moderno para su \u00e9poca y a\u00fan hoy de gran belleza, atrajo r\u00e1pidamente a un exclusivo grupo de compradores y podr\u00eda haber afianzado firmemente la marca Audi en el segmento de mercado de gama alta, si el estallido de la Segunda Guerra Mundial no hubiera frenado su \u00e9xito. La producci\u00f3n tuvo que reducirse considerablemente y finalmente se detuvo por completo en abril de 1940: El fin de una marca gloriosa, que, sin embargo, pudo celebrar una muy sonada resurrecci\u00f3n casi 30 a\u00f1os despu\u00e9s.<\/div>\n<p>N\u00famero de art\u00edculo: M-032A<\/p>\n<p>2-nuevo con todos los accesorios<\/p>","protected":false},"excerpt":{"rendered":"<p>M-032A &#8211; 2-neuwertig &#8211; 175,00 \u20ac<\/p>","protected":false},"featured_media":59947,"comment_status":"open","ping_status":"closed","template":"","meta":{"_acf_changed":false},"product_brand":[537],"product_cat":[41,18,34,21],"product_tag":[],"class_list":{"0":"post-43720","1":"product","2":"type-product","3":"status-publish","4":"has-post-thumbnail","6":"product_brand-cmc","7":"product_cat-audi","8":"product_cat-cmc","9":"product_cat-nicht-verfuegbar","10":"product_cat-verfuegbar","11":"pa_automarke-audi","12":"pa_decade-1930s","13":"pa_fahrzeugtyp-cabrio","14":"pa_massstab-1-24","15":"pa_modelmarke-cmc","16":"pa_modeltyp-alles-zum-oeffnen","17":"pa_modeltyp-fertigmodell","18":"pa_zustand_modell-2-neuwertig","19":"pa_zustand_verpackung-2-neuwertig","21":"first","22":"outofstock","23":"purchasable","24":"product-type-simple"},"acf":[],"jetpack_sharing_enabled":true,"_links":{"self":[{"href":"https:\/\/www.modelcars24.de\/es\/wp-json\/wp\/v2\/product\/43720","targetHints":{"allow":["GET"]}}],"collection":[{"href":"https:\/\/www.modelcars24.de\/es\/wp-json\/wp\/v2\/product"}],"about":[{"href":"https:\/\/www.modelcars24.de\/es\/wp-json\/wp\/v2\/types\/product"}],"replies":[{"embeddable":true,"href":"https:\/\/www.modelcars24.de\/es\/wp-json\/wp\/v2\/comments?post=43720"}],"version-history":[{"count":5,"href":"https:\/\/www.modelcars24.de\/es\/wp-json\/wp\/v2\/product\/43720\/revisions"}],"predecessor-version":[{"id":59944,"href":"https:\/\/www.modelcars24.de\/es\/wp-json\/wp\/v2\/product\/43720\/revisions\/59944"}],"wp:featuredmedia":[{"embeddable":true,"href":"https:\/\/www.modelcars24.de\/es\/wp-json\/wp\/v2\/media\/59947"}],"wp:attachment":[{"href":"https:\/\/www.modelcars24.de\/es\/wp-json\/wp\/v2\/media?parent=43720"}],"wp:term":[{"taxonomy":"product_brand","embeddable":true,"href":"https:\/\/www.modelcars24.de\/es\/wp-json\/wp\/v2\/product_brand?post=43720"},{"taxonomy":"product_cat","embeddable":true,"href":"https:\/\/www.modelcars24.de\/es\/wp-json\/wp\/v2\/product_cat?post=43720"},{"taxonomy":"product_tag","embeddable":true,"href":"https:\/\/www.modelcars24.de\/es\/wp-json\/wp\/v2\/product_tag?post=43720"}],"curies":[{"name":"wp","href":"https:\/\/api.w.org\/{rel}","templated":true}]}}