{"id":43726,"date":"2024-04-19T00:00:00","date_gmt":"2024-04-18T22:00:00","guid":{"rendered":"https:\/\/www.modelcars24.de\/?post_type=product&#038;p=43726"},"modified":"2026-03-24T15:06:36","modified_gmt":"2026-03-24T14:06:36","slug":"cmc-auto-union-tipo-c-1936-37","status":"publish","type":"product","link":"https:\/\/www.modelcars24.de\/es\/cmc-auto-union-typ-c-1936-37\/","title":{"rendered":"CMC Auto-Union Tipo C, 1936\/37 - 1\/18"},"content":{"rendered":"<p>CMC Auto Union Type C, 1936-1937 Auto Union, M-034, tuvo un gran \u00e9xito inmediato en las carreras de Gran Premio cuando se lanz\u00f3 este veh\u00edculo en 1936. El piloto de carreras m\u00e1s famoso de este coche fue Bernd Rosemeyer, que gan\u00f3 el Campeonato de Europa en 1936 con el Type C. Bernd Rosemeyer tambi\u00e9n inscribi\u00f3 su nombre en el palmar\u00e9s en 1937 con nuevos \u00e9xitos.<\/p>\n<ul>\n<li>Modelo met\u00e1lico de precisi\u00f3n ensamblado a mano con 1.191 piezas<\/li>\n<li>Cap\u00f3 desmontable y cap\u00f3 con mecanismo de bloqueo mediante gomas el\u00e1sticas de verdad<\/li>\n<li>Parabrisas m\u00f3vil<\/li>\n<li>Fiel reproducci\u00f3n del motor de 16 cilindros en V con todas las unidades adicionales y tuber\u00edas\/cableado completos.<\/li>\n<li>Serie de tubos de escape a ambos lados en dise\u00f1o met\u00e1lico<\/li>\n<li>Eje delantero de brazo articulado con amortiguadores de fricci\u00f3n, cada uno de metal<\/li>\n<li>Eje trasero de metal<\/li>\n<li>Rejilla del radiador de acero inoxidable hecha a mano y reproducci\u00f3n detallada del sistema de refrigeraci\u00f3n y el trazado de los conductos de aceite y combustible.<\/li>\n<li>Tapa m\u00f3vil del dep\u00f3sito de acero inoxidable<\/li>\n<li>Habit\u00e1culo con asiento del conductor revestido de tela y salpicadero con instrumentos de dise\u00f1o interesante con aspecto de avi\u00f3n y dominante<\/li>\n<li>Cuentarrevoluciones redondo<\/li>\n<li>Ruedas de radios perfectamente dise\u00f1adas con radios de alambre de acero inoxidable dibujados a mano y con tetones<\/li>\n<li>Cierres centrales de rueda atornillables con rosca derecha\/izquierda<\/li>\n<li>Brillante acabado de pintura de alto brillo en color plata \u201esilver arrow<\/li>\n<\/ul>\n<p>HISTORIA (VEH\u00cdCULO ORIGINAL) Con el Type C, Auto Union lanz\u00f3 en 1936 un coche de carreras de f\u00f3rmula de 750 kg capaz de competir con las marcas establecidas, sobre todo Mercedes-Benz. Desarrollado por Ferdinand Porsche, una caracter\u00edstica importante del dise\u00f1o del coche de carreras era la revolucionaria disposici\u00f3n de un motor de 16 cilindros en V detr\u00e1s del conductor y delante del eje trasero. El motor estaba sobrealimentado por un sobrealimentador Roots y alcanzaba una potencia de 520 CV a 5.000 rpm en la tercera fase de desarrollo del Type C. La enorme potencia exig\u00eda del conductor la m\u00e1xima sensibilidad y una habilidad absoluta al volante. Nada menos que Bernd Rosemeyer, la nueva estrella de los Grandes Premios, domin\u00f3 este b\u00f3lido con tanta destreza y seguridad que se convirti\u00f3 en el piloto titular indiscutible a partir de 1936 y corri\u00f3 de victoria en victoria para la marca de los cuatro aros entrelazados. La combinaci\u00f3n del ingenioso b\u00f3lido Type C y el joven piloto de talento Bernd Rosemeyer se convirti\u00f3 en una historia de \u00e9xito en 1936 con 5 victorias en Grandes Premios y la coronaci\u00f3n como campe\u00f3n de Europa. Bernd Rosemeyer tambi\u00e9n fue el piloto superior en 1937 con su Type C, ganando de nuevo 5 carreras y continuando as\u00ed impidiendo el dominio sin restricciones de Mercedes.<br \/>\nN\u00famero de art\u00edculo: M-034<\/p>","protected":false},"excerpt":{"rendered":"<p>M-034 &#8211; 1-brandneu &#8211; anstatt 385,00 \u20ac jetzt 296,00 \u20ac inkl. 19% Vat<\/p>","protected":false},"featured_media":42728,"comment_status":"open","ping_status":"closed","template":"","meta":{"_acf_changed":false},"product_brand":[537],"product_cat":[960,109,18,20,21],"product_tag":[78],"class_list":{"0":"post-43726","1":"product","2":"type-product","3":"status-publish","4":"has-post-thumbnail","6":"product_brand-cmc","7":"product_cat-aktion","8":"product_cat-auto-union","9":"product_cat-cmc","10":"product_cat-titel","11":"product_cat-verfuegbar","12":"product_tag-angebot","13":"pa_automarke-auto-union","14":"pa_decade-1930s","15":"pa_fahrzeugtyp-formel-1","16":"pa_massstab-1-18","17":"pa_modelmarke-cmc","18":"pa_modeltyp-alles-zum-oeffnen","19":"pa_modeltyp-fertigmodell","20":"pa_zustand_modell-1-brandneu","21":"pa_zustand_verpackung-1-brandneu","23":"first","24":"instock","25":"sale","26":"taxable","27":"shipping-taxable","28":"purchasable","29":"product-type-simple"},"acf":[],"jetpack_sharing_enabled":true,"_links":{"self":[{"href":"https:\/\/www.modelcars24.de\/es\/wp-json\/wp\/v2\/product\/43726","targetHints":{"allow":["GET"]}}],"collection":[{"href":"https:\/\/www.modelcars24.de\/es\/wp-json\/wp\/v2\/product"}],"about":[{"href":"https:\/\/www.modelcars24.de\/es\/wp-json\/wp\/v2\/types\/product"}],"replies":[{"embeddable":true,"href":"https:\/\/www.modelcars24.de\/es\/wp-json\/wp\/v2\/comments?post=43726"}],"version-history":[{"count":6,"href":"https:\/\/www.modelcars24.de\/es\/wp-json\/wp\/v2\/product\/43726\/revisions"}],"predecessor-version":[{"id":63137,"href":"https:\/\/www.modelcars24.de\/es\/wp-json\/wp\/v2\/product\/43726\/revisions\/63137"}],"wp:featuredmedia":[{"embeddable":true,"href":"https:\/\/www.modelcars24.de\/es\/wp-json\/wp\/v2\/media\/42728"}],"wp:attachment":[{"href":"https:\/\/www.modelcars24.de\/es\/wp-json\/wp\/v2\/media?parent=43726"}],"wp:term":[{"taxonomy":"product_brand","embeddable":true,"href":"https:\/\/www.modelcars24.de\/es\/wp-json\/wp\/v2\/product_brand?post=43726"},{"taxonomy":"product_cat","embeddable":true,"href":"https:\/\/www.modelcars24.de\/es\/wp-json\/wp\/v2\/product_cat?post=43726"},{"taxonomy":"product_tag","embeddable":true,"href":"https:\/\/www.modelcars24.de\/es\/wp-json\/wp\/v2\/product_tag?post=43726"}],"curies":[{"name":"wp","href":"https:\/\/api.w.org\/{rel}","templated":true}]}}