{"id":43855,"date":"2025-08-19T00:00:00","date_gmt":"2025-08-18T22:00:00","guid":{"rendered":"https:\/\/www.modelcars24.de\/?post_type=product&#038;p=43855"},"modified":"2026-05-01T13:33:02","modified_gmt":"2026-05-01T11:33:02","slug":"cmc-mercedes-benz-300-slr-uhlenhaut-coupe-1955","status":"publish","type":"product","link":"https:\/\/www.modelcars24.de\/es\/cmc-mercedes-benz-300-slr-uhlenhaut-coupe-1955\/","title":{"rendered":"CMC Mercedes-Benz 300 SLR, Uhlenhaut Coup\u00e9, 1955, 2\u00aa serie - 1\/18"},"content":{"rendered":"<h3>CMC Mercedes-Benz 300 SLR Uhlenhaut Coup\u00e9, 1955<\/h3>\n<p>El llamado \u201cUhlenhaut Coup\u00e9\u201d es uno de los iconos de la historia de la marca Mercedes-Benz. S\u00f3lo se construyeron dos ejemplares, oficialmente como prototipos de carreras. Bajo la elegante carrocer\u00eda se ocultaba la tecnolog\u00eda del deportivo de carreras 300 SLR descapotable; el coup\u00e9 deb\u00eda utilizarse en competici\u00f3n como versi\u00f3n cerrada. Como Mercedes-Benz puso fin a su participaci\u00f3n en el automovilismo deportivo tras la temporada de 1955, dej\u00f3 de utilizarse.<\/p>\n<p>Detalles del CMC Mercedes-Benz 300 SLR<\/p>\n<div>\n<ul>\n<li>La estructura del techo del coup\u00e9 recuerda a la cabina de un piloto. Los asientos est\u00e1n tapizados en tela a cuadros.<\/li>\n<li>El interior est\u00e1 fielmente forrado de cuero rojo.<\/li>\n<li>La cabina contiene instrumentaci\u00f3n completa, incluidos todos los mandos, como interruptores y palancas.<\/li>\n<li>Detalles fieles al original<\/li>\n<li>Hay dos ruedas de repuesto extra\u00edbles en el maletero, que se adaptan a los tama\u00f1os de las ruedas delantera y trasera.<\/li>\n<li>Los tubos laterales que sobresalen de las aberturas de ventilaci\u00f3n son de acero inoxidable. La tapa de mantenimiento del motor es desmontable. Se sujeta mediante peque\u00f1os imanes<\/li>\n<li>Motor de ocho cilindros en l\u00ednea altamente detallado en posici\u00f3n de instalaci\u00f3n inclinada con todas las unidades complementarias y tuber\u00edas y cableado completos.<\/li>\n<li>Barra de soporte para asegurar el cap\u00f3 abierto<\/li>\n<li>Ventanas de ventilaci\u00f3n abatibles integradas en las ventanillas laterales<\/li>\n<li>Ruedas de radios con llantas de aluminio y radios de alambre de acero inoxidable dibujados a mano con cabecillas<\/li>\n<li>Toma de aire cubierta con una rejilla protectora met\u00e1lica de filigrana para ventilar el motor<\/li>\n<li>Los cierres centrales de tres alas permiten desmontar las ruedas. La geometr\u00eda del ala se adapta al lateral del veh\u00edculo<\/li>\n<li>Exitosa secci\u00f3n trasera con estrella Mercedes, inscripci\u00f3n 300 SLR y placa D<\/li>\n<\/ul>\n<\/div>\n<div>\n<p>Caracter\u00edstica especial:<\/p>\n<ul>\n<li>Tapa de mantenimiento del motor derecho desmontable. La tapa se incluye en el embalaje y puede colocarse mediante adhesi\u00f3n magn\u00e9tica.<\/li>\n<li>Ventanas de ventilaci\u00f3n abatibles, integradas en las ventanillas laterales (ver instrucciones de uso)<\/li>\n<\/ul>\n<\/div>\n<p>N\u00famero de art\u00edculo: M-076<\/p>","protected":false},"excerpt":{"rendered":"<p>1:18 &#8211; M-076 &#8211; 1-brandneu &#8211; anstatt 577,00 \u20ac jetzt 485,00 \u20ac inkl. 19% Vat<\/p>","protected":false},"featured_media":43857,"comment_status":"open","ping_status":"closed","template":"","meta":{"_acf_changed":false},"product_brand":[537],"product_cat":[960,18,19,20,21],"product_tag":[624,606,748],"class_list":{"0":"post-43855","1":"product","2":"type-product","3":"status-publish","4":"has-post-thumbnail","6":"product_brand-cmc","7":"product_cat-aktion","8":"product_cat-cmc","9":"product_cat-mercedes-benz","10":"product_cat-titel","11":"product_cat-verfuegbar","12":"product_tag-mercedes-benz-300-slr","13":"product_tag-uhlenhaut-coupe","14":"product_tag-ulhlenhaut-coupe","15":"pa_automarke-mercedes","16":"pa_decade-1950s","17":"pa_fahrzeugtyp-gt-rennen","18":"pa_massstab-1-18","19":"pa_modelmarke-cmc","20":"pa_modeltyp-alles-zum-oeffnen","21":"pa_modeltyp-fertigmodell","22":"pa_zustand_modell-1-brandneu","23":"pa_zustand_verpackung-1-brandneu","25":"first","26":"instock","27":"sale","28":"taxable","29":"shipping-taxable","30":"purchasable","31":"product-type-simple"},"acf":[],"jetpack_sharing_enabled":true,"_links":{"self":[{"href":"https:\/\/www.modelcars24.de\/es\/wp-json\/wp\/v2\/product\/43855","targetHints":{"allow":["GET"]}}],"collection":[{"href":"https:\/\/www.modelcars24.de\/es\/wp-json\/wp\/v2\/product"}],"about":[{"href":"https:\/\/www.modelcars24.de\/es\/wp-json\/wp\/v2\/types\/product"}],"replies":[{"embeddable":true,"href":"https:\/\/www.modelcars24.de\/es\/wp-json\/wp\/v2\/comments?post=43855"}],"version-history":[{"count":6,"href":"https:\/\/www.modelcars24.de\/es\/wp-json\/wp\/v2\/product\/43855\/revisions"}],"predecessor-version":[{"id":58650,"href":"https:\/\/www.modelcars24.de\/es\/wp-json\/wp\/v2\/product\/43855\/revisions\/58650"}],"wp:featuredmedia":[{"embeddable":true,"href":"https:\/\/www.modelcars24.de\/es\/wp-json\/wp\/v2\/media\/43857"}],"wp:attachment":[{"href":"https:\/\/www.modelcars24.de\/es\/wp-json\/wp\/v2\/media?parent=43855"}],"wp:term":[{"taxonomy":"product_brand","embeddable":true,"href":"https:\/\/www.modelcars24.de\/es\/wp-json\/wp\/v2\/product_brand?post=43855"},{"taxonomy":"product_cat","embeddable":true,"href":"https:\/\/www.modelcars24.de\/es\/wp-json\/wp\/v2\/product_cat?post=43855"},{"taxonomy":"product_tag","embeddable":true,"href":"https:\/\/www.modelcars24.de\/es\/wp-json\/wp\/v2\/product_tag?post=43855"}],"curies":[{"name":"wp","href":"https:\/\/api.w.org\/{rel}","templated":true}]}}