{"id":43939,"date":"2024-05-15T00:00:00","date_gmt":"2024-05-14T22:00:00","guid":{"rendered":"https:\/\/www.modelcars24.de\/?post_type=product&#038;p=43939"},"modified":"2026-04-24T12:48:26","modified_gmt":"2026-04-24T10:48:26","slug":"cmc-bugatti-type-35-grand-prix-nation-color-project-suiza-2","status":"publish","type":"product","link":"https:\/\/www.modelcars24.de\/es\/cmc-bugatti-type-35-grand-prix-nation-color-project-schweiz\/","title":{"rendered":"CMC Bugatti Type 35 Grand Prix, Proyecto Nation Colour - Suiza - 1\/18"},"content":{"rendered":"<p>CMC Bugatti Type 35 Grand Prix, Proyecto Nation Colour - Suiza<\/p>\n<ul>\n<li>Modelo met\u00e1lico de precisi\u00f3n ensamblado a mano con m\u00e1s de 930 piezas<\/li>\n<li>Carrocer\u00eda moldeada aut\u00e9ntica y fiel a la realidad<\/li>\n<li>Librea blanca del Gran Premio de Suiza<\/li>\n<li>Rueda de repuesto lateral con cierre de correa de cuero<\/li>\n<li>Eje delantero de metal macizo pintado en reflejo met\u00e1lico mate plateado<\/li>\n<li>Suspensi\u00f3n delantera en el \u00e1ngulo de inclinaci\u00f3n t\u00edpico de Bugatti, es decir, ruedas con ca\u00edda positiva<\/li>\n<li>Cap\u00f3 de doble ala con ranuras de refrigeraci\u00f3n perforadas, abisagrado y asegurado con correas dobles de cuero.<\/li>\n<li>Lateral del bastidor en dise\u00f1o met\u00e1lico. Lateral longitudinal inferior de la carrocer\u00eda con ranuras de ventilaci\u00f3n perforadas.<\/li>\n<li>Rejilla del radiador y protector de piedra en dise\u00f1o met\u00e1lico<\/li>\n<li>Ballestas met\u00e1licas en el eje delantero y trasero con funci\u00f3n de suspensi\u00f3n<\/li>\n<li>Tapa del dep\u00f3sito de doble ala de acero inoxidable y desenroscable<\/li>\n<li>Motor de 8 cilindros en l\u00ednea altamente detallado con todas las unidades complementarias y tuber\u00edas y cableado completos.<\/li>\n<li>Palanca de cambios externa m\u00f3vil y palanca del freno de mano<\/li>\n<li>Parabrisas m\u00f3vil del conductor con fald\u00f3n de cuero<\/li>\n<li>Espejo retrovisor fijado con tuercas ciegas<\/li>\n<li>Caja de direcci\u00f3n prototipo con engranaje helicoidal<\/li>\n<li>Doble tubo de escape met\u00e1lico<\/li>\n<li>Manivela met\u00e1lica giratoria de arranque del motor<\/li>\n<li>Ruedas met\u00e1licas prototipo en dise\u00f1o de aluminio fundido con tambor de freno acanalado montado en brida (construcci\u00f3n de la rueda de 35 piezas).<\/li>\n<li>Ruedas desmontables con anillas roscadas originales r\u00e9plica de cuatro orejas<\/li>\n<li>Diferentes perfiles de neum\u00e1ticos delante \/ detr\u00e1s<\/li>\n<li>Asientos y respaldo tapizados en cuero negro aut\u00e9ntico<\/li>\n<li>Volante con radios met\u00e1licos y aro de volante con envoltura de cord\u00f3n<\/li>\n<li>Salpicadero de dise\u00f1o original en acabado sunburst cepillado met\u00e1lico con todos los instrumentos redondos y magneto de encendido insertado.<\/li>\n<li>Palanca de la bomba de aceite manual de ba\u00f1era m\u00f3vil<\/li>\n<\/ul>\n<p>Caracter\u00edstica especial: Tornillos de carrocer\u00eda met\u00e1licos especialmente fabricados con dise\u00f1o espec\u00edfico Bugatti. Todos los tornillos elaboradamente asegurados con alambre fino de acero inoxidable, fiel al original.<\/p>\n<p>N\u00famero de art\u00edculo: M-100 B-012<\/p>","protected":false},"excerpt":{"rendered":"<p>M-100 B-012 &#8211; 1-brandneu &#8211; anstatt 415,00 \u20ac jetzt 349,00 \u20ac inkl 19% Vat<\/p>","protected":false},"featured_media":61755,"comment_status":"open","ping_status":"closed","template":"","meta":[],"product_brand":[537],"product_cat":[77,18,45,21],"product_tag":[],"class_list":{"0":"post-43939","1":"product","2":"type-product","3":"status-publish","4":"has-post-thumbnail","6":"product_brand-cmc","7":"product_cat-bugatti","8":"product_cat-cmc","9":"product_cat-neuzugang","10":"product_cat-verfuegbar","11":"pa_automarke-bugatti","12":"pa_decade-1930s","13":"pa_fahrzeugtyp-formel-1","14":"pa_massstab-1-18","15":"pa_modelmarke-cmc","16":"pa_modeltyp-alles-zum-oeffnen","17":"pa_modeltyp-fertigmodell","18":"pa_zustand_modell-1-brandneu","19":"pa_zustand_verpackung-1-brandneu","21":"first","22":"instock","23":"taxable","24":"shipping-taxable","25":"purchasable","26":"product-type-simple"},"jetpack_sharing_enabled":true,"_links":{"self":[{"href":"https:\/\/www.modelcars24.de\/es\/wp-json\/wp\/v2\/product\/43939","targetHints":{"allow":["GET"]}}],"collection":[{"href":"https:\/\/www.modelcars24.de\/es\/wp-json\/wp\/v2\/product"}],"about":[{"href":"https:\/\/www.modelcars24.de\/es\/wp-json\/wp\/v2\/types\/product"}],"replies":[{"embeddable":true,"href":"https:\/\/www.modelcars24.de\/es\/wp-json\/wp\/v2\/comments?post=43939"}],"version-history":[{"count":9,"href":"https:\/\/www.modelcars24.de\/es\/wp-json\/wp\/v2\/product\/43939\/revisions"}],"predecessor-version":[{"id":48525,"href":"https:\/\/www.modelcars24.de\/es\/wp-json\/wp\/v2\/product\/43939\/revisions\/48525"}],"wp:featuredmedia":[{"embeddable":true,"href":"https:\/\/www.modelcars24.de\/es\/wp-json\/wp\/v2\/media\/61755"}],"wp:attachment":[{"href":"https:\/\/www.modelcars24.de\/es\/wp-json\/wp\/v2\/media?parent=43939"}],"wp:term":[{"taxonomy":"product_brand","embeddable":true,"href":"https:\/\/www.modelcars24.de\/es\/wp-json\/wp\/v2\/product_brand?post=43939"},{"taxonomy":"product_cat","embeddable":true,"href":"https:\/\/www.modelcars24.de\/es\/wp-json\/wp\/v2\/product_cat?post=43939"},{"taxonomy":"product_tag","embeddable":true,"href":"https:\/\/www.modelcars24.de\/es\/wp-json\/wp\/v2\/product_tag?post=43939"}],"curies":[{"name":"wp","href":"https:\/\/api.w.org\/{rel}","templated":true}]}}