{"id":43986,"date":"2024-01-28T00:00:00","date_gmt":"2024-01-27T23:00:00","guid":{"rendered":"https:\/\/www.modelcars24.de\/?post_type=product&#038;p=43986"},"modified":"2026-02-23T15:37:17","modified_gmt":"2026-02-23T14:37:17","slug":"cmc-bugatti-tipo-35-grand-prixcon-conductor-limited-600","status":"publish","type":"product","link":"https:\/\/www.modelcars24.de\/es\/cmc-bugatti-type-35-grand-prixmit-renfahrerin-limitiert-600\/","title":{"rendered":"CMC Bugatti Type 35 Grand Prix, con piloto de carreras - limitada 600 - 1\/18"},"content":{"rendered":"<h3>CMC Bugatti Type 35 Grand Prix, con piloto de carreras - limitada 600<\/h3>\n<p>Bugatti domin\u00f3 la escena de las carreras con el Type 35 desde mediados de los a\u00f1os veinte durante un periodo de 7 a 8 a\u00f1os. Las primeras mujeres entraron en la escena del automovilismo como pilotos de carreras y consiguieron establecerse entre los pilotos masculinos dominantes y ganarse el reconocimiento.<\/p>\n<p>Como parte del proyecto Bugatti Nation Colour, CMC quiso rendir homenaje a estas valientes pilotos de carreras y cre\u00f3 un juego de maquetas con el n\u00famero de art\u00edculo M-100 B-018, compuesto por un Bugatti T 35 Grand Prix de CMC pintado en \u201eazul brillante\u201c y una figura de una piloto de carreras. El set s\u00f3lo estaba disponible como oferta completa.<br \/>\nN\u00famero de art\u00edculo: M-100 B-018<\/p>","protected":false},"excerpt":{"rendered":"<p>M-100 B-018 &#8211; 1-brandneu anstatt 392,00 \u20ac jetzt 355,00 \u20ac inkl. 19% Vat<\/p>","protected":false},"featured_media":61166,"comment_status":"open","ping_status":"closed","template":"","meta":[],"product_brand":[537],"product_cat":[17,77,18,20,21],"product_tag":[],"class_list":{"0":"post-43986","1":"product","2":"type-product","3":"status-publish","4":"has-post-thumbnail","6":"product_brand-cmc","7":"product_cat-angebot","8":"product_cat-bugatti","9":"product_cat-cmc","10":"product_cat-titel","11":"product_cat-verfuegbar","12":"pa_automarke-bugatti","13":"pa_decade-1930s","14":"pa_fahrzeugtyp-formel-1","15":"pa_massstab-1-18","16":"pa_modelmarke-cmc","17":"pa_modeltyp-alles-zum-oeffnen","18":"pa_modeltyp-fertigmodell","19":"pa_zustand_modell-1-brandneu","20":"pa_zustand_verpackung-1-brandneu","22":"first","23":"instock","24":"sale","25":"taxable","26":"shipping-taxable","27":"purchasable","28":"product-type-simple"},"jetpack_sharing_enabled":true,"_links":{"self":[{"href":"https:\/\/www.modelcars24.de\/es\/wp-json\/wp\/v2\/product\/43986","targetHints":{"allow":["GET"]}}],"collection":[{"href":"https:\/\/www.modelcars24.de\/es\/wp-json\/wp\/v2\/product"}],"about":[{"href":"https:\/\/www.modelcars24.de\/es\/wp-json\/wp\/v2\/types\/product"}],"replies":[{"embeddable":true,"href":"https:\/\/www.modelcars24.de\/es\/wp-json\/wp\/v2\/comments?post=43986"}],"version-history":[{"count":6,"href":"https:\/\/www.modelcars24.de\/es\/wp-json\/wp\/v2\/product\/43986\/revisions"}],"predecessor-version":[{"id":61165,"href":"https:\/\/www.modelcars24.de\/es\/wp-json\/wp\/v2\/product\/43986\/revisions\/61165"}],"wp:featuredmedia":[{"embeddable":true,"href":"https:\/\/www.modelcars24.de\/es\/wp-json\/wp\/v2\/media\/61166"}],"wp:attachment":[{"href":"https:\/\/www.modelcars24.de\/es\/wp-json\/wp\/v2\/media?parent=43986"}],"wp:term":[{"taxonomy":"product_brand","embeddable":true,"href":"https:\/\/www.modelcars24.de\/es\/wp-json\/wp\/v2\/product_brand?post=43986"},{"taxonomy":"product_cat","embeddable":true,"href":"https:\/\/www.modelcars24.de\/es\/wp-json\/wp\/v2\/product_cat?post=43986"},{"taxonomy":"product_tag","embeddable":true,"href":"https:\/\/www.modelcars24.de\/es\/wp-json\/wp\/v2\/product_tag?post=43986"}],"curies":[{"name":"wp","href":"https:\/\/api.w.org\/{rel}","templated":true}]}}