{"id":43989,"date":"2023-01-13T11:54:21","date_gmt":"2023-01-13T10:54:21","guid":{"rendered":"https:\/\/www.modelcars24.de\/?post_type=product&#038;p=43989"},"modified":"2025-12-10T13:36:52","modified_gmt":"2025-12-10T12:36:52","slug":"cmc-maserati-250f-32-gp-monaco-fangio-1957","status":"publish","type":"product","link":"https:\/\/www.modelcars24.de\/es\/cmc-maserati-250f-32-gp-monaco-fangio-1957\/","title":{"rendered":"CMC Maserati 250 F , # 32 GP Monaco, \u201cFangio\u201d, 1957 - 1\/18"},"content":{"rendered":"<h3>CMC Maserati 250F , # 32 GP Monaco, \u201cFangio\u201d, 1957<\/h3>\n<p>Detalles del Maserati 250F<\/p>\n<div>\n<ul>\n<li>Modelo totalmente met\u00e1lico ensamblado a mano, aut\u00e9ntico hasta el \u00faltimo detalle<\/li>\n<li>Dise\u00f1o elaborado del armaz\u00f3n de celos\u00eda met\u00e1lica tubular<\/li>\n<li>R\u00e9plica fiel al original del motor de seis cilindros en l\u00ednea con todas las unidades adicionales, as\u00ed como los pulmones y el cableado.<\/li>\n<li>Ranuras de ventilaci\u00f3n en todo el cuerpo con dise\u00f1o calado<\/li>\n<li>Cap\u00f3 desmontable con mecanismo de cierre original<\/li>\n<li>Tambores de freno met\u00e1licos acanalados<\/li>\n<li>Ruedas de radios desmontables con cierres centrales de acero inoxidable de doble hoja con el logotipo del fabricante Borrani impreso.<\/li>\n<li>Cierres r\u00e1pidos para el morro del veh\u00edculo y las piezas laterales del compartimento del motor fabricados como pernos de acero inoxidable y asegurados con alambre de acero (las piezas no se pueden desmontar).<\/li>\n<li>Tapones met\u00e1licos m\u00f3viles para el dep\u00f3sito de combustible y correa tensora met\u00e1lica revestida de cuero como soporte para el dep\u00f3sito de combustible<\/li>\n<li>Asiento de ba\u00f1era con tapicer\u00eda de cuero aut\u00e9ntico<\/li>\n<li>N\u00fameros de inicio aplicados mediante tampograf\u00eda<\/li>\n<\/ul>\n<\/div>\n<div>\n<p>Reportaje especial<\/p>\n<ul>\n<li>M\u00e1xima artesan\u00eda para el dise\u00f1o de remaches en la parte trasera del veh\u00edculo<\/li>\n<li>Los remaches insertados a mano individualmente, algunos con arandelas, crean un llamativo conjunto de 301 remaches<\/li>\n<\/ul>\n<h4>Descripci\u00f3n del veh\u00edculo original:<\/h4>\n<p>En 1957, Maserati estaba en la cima de su desarrollo en competici\u00f3n. Despu\u00e9s de que Juan Manuel Fangio regresara al equipo Maserati, gan\u00f3 numerosos Grandes Premios con su Maserati 250 F (de construcci\u00f3n ligera) y pudo celebrar su quinto Campeonato del Mundo de Grandes Premios al final de la temporada.<br \/>\nJuan Manuel Fangio inscribi\u00f3 su nombre en la lista de ganadores de la primera prueba del Campeonato del Mundo de F\u00f3rmula 1, celebrada en el Gran Premio de M\u00f3naco el 19 de mayo de 1957.<br \/>\nTras una carrera inicialmente dram\u00e1tica, con muchos cambios de posici\u00f3n y varios trompos en los que se vieron implicados los pilotos de Lancia\/Ferrari y los Vanwall brit\u00e1nicos, Fangio fue capaz de distanciarse de los dem\u00e1s con el n\u00famero de salida 32 y lograr una victoria incontestable. El piloto brit\u00e1nico Tony Brooks termin\u00f3 segundo en su Vanwall.<\/p>\n<\/div>\n<p>N\u00famero de art\u00edculo: M-101<\/p>","protected":false},"excerpt":{"rendered":"<p>M-101 &#8211; 2-neuwertig &#8211; 345,00 \u20ac<\/p>","protected":false},"featured_media":43991,"comment_status":"open","ping_status":"closed","template":"","meta":[],"product_brand":[537],"product_cat":[18,90,45,21],"product_tag":[753,566,567,137],"class_list":{"0":"post-43989","1":"product","2":"type-product","3":"status-publish","4":"has-post-thumbnail","6":"product_brand-cmc","7":"product_cat-cmc","8":"product_cat-maserati","9":"product_cat-neuzugang","10":"product_cat-verfuegbar","11":"product_tag-32-gp-monaco","12":"product_tag-566","13":"product_tag-cmc-maserati-250f","14":"product_tag-fangio","15":"pa_automarke-maserati","16":"pa_decade-1950s","17":"pa_fahrzeugtyp-formel-1","18":"pa_massstab-1-18","19":"pa_modelmarke-cmc","20":"pa_modeltyp-alles-zum-oeffnen","21":"pa_modeltyp-fertigmodell","22":"pa_zustand_modell-2-neuwertig","23":"pa_zustand_verpackung-2-neuwertig","25":"first","26":"outofstock","27":"purchasable","28":"product-type-simple"},"jetpack_sharing_enabled":true,"_links":{"self":[{"href":"https:\/\/www.modelcars24.de\/es\/wp-json\/wp\/v2\/product\/43989","targetHints":{"allow":["GET"]}}],"collection":[{"href":"https:\/\/www.modelcars24.de\/es\/wp-json\/wp\/v2\/product"}],"about":[{"href":"https:\/\/www.modelcars24.de\/es\/wp-json\/wp\/v2\/types\/product"}],"replies":[{"embeddable":true,"href":"https:\/\/www.modelcars24.de\/es\/wp-json\/wp\/v2\/comments?post=43989"}],"version-history":[{"count":3,"href":"https:\/\/www.modelcars24.de\/es\/wp-json\/wp\/v2\/product\/43989\/revisions"}],"predecessor-version":[{"id":58662,"href":"https:\/\/www.modelcars24.de\/es\/wp-json\/wp\/v2\/product\/43989\/revisions\/58662"}],"wp:featuredmedia":[{"embeddable":true,"href":"https:\/\/www.modelcars24.de\/es\/wp-json\/wp\/v2\/media\/43991"}],"wp:attachment":[{"href":"https:\/\/www.modelcars24.de\/es\/wp-json\/wp\/v2\/media?parent=43989"}],"wp:term":[{"taxonomy":"product_brand","embeddable":true,"href":"https:\/\/www.modelcars24.de\/es\/wp-json\/wp\/v2\/product_brand?post=43989"},{"taxonomy":"product_cat","embeddable":true,"href":"https:\/\/www.modelcars24.de\/es\/wp-json\/wp\/v2\/product_cat?post=43989"},{"taxonomy":"product_tag","embeddable":true,"href":"https:\/\/www.modelcars24.de\/es\/wp-json\/wp\/v2\/product_tag?post=43989"}],"curies":[{"name":"wp","href":"https:\/\/api.w.org\/{rel}","templated":true}]}}