{"id":44291,"date":"2026-05-05T11:54:25","date_gmt":"2026-05-05T09:54:25","guid":{"rendered":"https:\/\/www.modelcars24.de\/?post_type=product&#038;p=44291"},"modified":"2026-05-06T16:38:06","modified_gmt":"2026-05-06T14:38:06","slug":"cmc-ferrari-gto-1962-techno-classica-sondermodell-2016","status":"publish","type":"product","link":"https:\/\/www.modelcars24.de\/es\/cmc-ferrari-gto-1962-techno-classica-sondermodell-2016\/","title":{"rendered":"CMC Ferrari GTO, 1962, Techno Classica modelo especial 2016 - 1\/18"},"content":{"rendered":"<h3>CMC Ferrari GTO, 1962, Techno Classica Sondermodell 2016, Mitternachtsblau<\/h3>\n<p>4. Collectors Edition Messe Sondermodell anl\u00e4sslichTechno Classica 2016, Essen<\/p>\n<ul>\n<li>Modelo de precisi\u00f3n de metal montado a mano como direcci\u00f3n izquierda de 1.841 piezas, de las cuales 1.215 piezas son de metal.<\/li>\n<li>Reproducci\u00f3n aut\u00e9ntica del llamativo dise\u00f1o de carrocer\u00eda del famoso carrocero Sergio Scaglietti.<\/li>\n<li>Parte delantera de dise\u00f1o muy atractivo con tapas desmontables para las tres tomas de aire.<\/li>\n<li>Trampillas m\u00f3viles para la boca de llenado de agua de refrigeraci\u00f3n en el cap\u00f3 y la boca de llenado de aceite en el lado derecho del veh\u00edculo a la altura de la luneta trasera<\/li>\n<li>Limpiaparabrisas de dise\u00f1o delicado con escobilla de goma aut\u00e9ntica<\/li>\n<li>Cap\u00f3 abatible con barra de soporte para mantenerlo abierto con cierres r\u00e1pidos funcionales y protecci\u00f3n adicional de la correa de cuero.<\/li>\n<li>Puertas funcionales con ventanas correderas m\u00f3viles<\/li>\n<li>Apertura del maletero con barra de apoyo y rueda de repuesto interior<\/li>\n<li>Boca de llenado del dep\u00f3sito trasero con tap\u00f3n de apertura<\/li>\n<li>Ruedas de radios perfectamente dise\u00f1adas con radios de alambre de acero inoxidable dibujados a mano y con tetones. Cierres centrales Borrani atornillables con rosca derecha\/izquierda.<\/li>\n<li>Tendido de cables \/ cableado<\/li>\n<li>Dise\u00f1o fiel al original del interior del veh\u00edculo con equipamiento de estilo de competici\u00f3n, como jaula antivuelco y cinturones de seguridad. Asientos con ribete de cuero y tapicer\u00eda textil aut\u00e9ntica.<\/li>\n<li>Salpicadero coherente y retractilado con todos los instrumentos de visualizaci\u00f3n e interruptores de control<\/li>\n<li>Reproducci\u00f3n exacta del elaborado conjunto del suelo con reproducci\u00f3n protot\u00edpica de la suspensi\u00f3n delantera y trasera, el dep\u00f3sito de aceite del sistema de lubricaci\u00f3n por c\u00e1rter seco y el dep\u00f3sito de gasolina, cada uno de ellos fabricado en chapa de acero inoxidable, as\u00ed como un impresionante dise\u00f1o del tubo de escape de competici\u00f3n.<\/li>\n<li>Placa base de acero inoxidable desenroscable y acabado brillante de alto brillo<\/li>\n<\/ul>\n<p>Artikelnummer: M-168<\/p>\n<p>2-neuwertig, mit allem Zubeh\u00f6r, und Zertifkat<\/p>","protected":false},"excerpt":{"rendered":"<p>M-168 &#8211; 2-neuwertig &#8211; 3200,00 \u20ac<\/p>","protected":false},"featured_media":49759,"comment_status":"open","ping_status":"closed","template":"","meta":{"_acf_changed":false},"product_brand":[537],"product_cat":[279,18,63,45,21],"product_tag":[647,772,773,774],"class_list":{"0":"post-44291","1":"product","2":"type-product","3":"status-publish","4":"has-post-thumbnail","6":"product_brand-cmc","7":"product_cat-1-m","8":"product_cat-cmc","9":"product_cat-ferrari","10":"product_cat-neuzugang","11":"product_cat-verfuegbar","12":"product_tag-647","13":"product_tag-cmc-ferrari-gto","14":"product_tag-mitternachtsblau","15":"product_tag-techno-classica-sondermodell-2016","16":"pa_automarke-ferrari","17":"pa_decade-1960s","18":"pa_fahrzeugtyp-gt-rennen","19":"pa_massstab-1-18","20":"pa_modelmarke-cmc","21":"pa_modeltyp-alles-zum-oeffnen","22":"pa_modeltyp-fertigmodell","23":"pa_zustand_modell-2-neuwertig","24":"pa_zustand_verpackung-2-neuwertig","26":"first","27":"instock","28":"purchasable","29":"product-type-simple"},"acf":[],"jetpack_sharing_enabled":true,"_links":{"self":[{"href":"https:\/\/www.modelcars24.de\/es\/wp-json\/wp\/v2\/product\/44291","targetHints":{"allow":["GET"]}}],"collection":[{"href":"https:\/\/www.modelcars24.de\/es\/wp-json\/wp\/v2\/product"}],"about":[{"href":"https:\/\/www.modelcars24.de\/es\/wp-json\/wp\/v2\/types\/product"}],"replies":[{"embeddable":true,"href":"https:\/\/www.modelcars24.de\/es\/wp-json\/wp\/v2\/comments?post=44291"}],"version-history":[{"count":10,"href":"https:\/\/www.modelcars24.de\/es\/wp-json\/wp\/v2\/product\/44291\/revisions"}],"predecessor-version":[{"id":64069,"href":"https:\/\/www.modelcars24.de\/es\/wp-json\/wp\/v2\/product\/44291\/revisions\/64069"}],"wp:featuredmedia":[{"embeddable":true,"href":"https:\/\/www.modelcars24.de\/es\/wp-json\/wp\/v2\/media\/49759"}],"wp:attachment":[{"href":"https:\/\/www.modelcars24.de\/es\/wp-json\/wp\/v2\/media?parent=44291"}],"wp:term":[{"taxonomy":"product_brand","embeddable":true,"href":"https:\/\/www.modelcars24.de\/es\/wp-json\/wp\/v2\/product_brand?post=44291"},{"taxonomy":"product_cat","embeddable":true,"href":"https:\/\/www.modelcars24.de\/es\/wp-json\/wp\/v2\/product_cat?post=44291"},{"taxonomy":"product_tag","embeddable":true,"href":"https:\/\/www.modelcars24.de\/es\/wp-json\/wp\/v2\/product_tag?post=44291"}],"curies":[{"name":"wp","href":"https:\/\/api.w.org\/{rel}","templated":true}]}}