{"id":44368,"date":"2024-01-28T00:00:00","date_gmt":"2024-01-27T23:00:00","guid":{"rendered":"https:\/\/www.modelcars24.de\/?post_type=product&#038;p=44368"},"modified":"2026-04-06T12:36:14","modified_gmt":"2026-04-06T10:36:14","slug":"cmc-mercedes-benz-camion-lo-2750-1934-38-version-acabado-transparente","status":"publish","type":"product","link":"https:\/\/www.modelcars24.de\/es\/cmc-mercedes-benz-lkw-lo-2750-1934-38-clear-finish-version\/","title":{"rendered":"CMC Mercedes-Benz Cami\u00f3n LO 2750, 1934-38, Versi\u00f3n Clear Finish - 1\/18"},"content":{"rendered":"<h3>Cami\u00f3n CMC Mercedes-Benz LO 2750, 1934-38, versi\u00f3n con acabado transparente<\/h3>\n<p>A finales de los a\u00f1os veinte comenz\u00f3 una nueva era en la construcci\u00f3n de camiones en la planta de Daimler-Benz en Gaggenau. La empresa fue audaz y a partir de 1932 present\u00f3 por primera vez una serie de camiones equipados de serie con motores di\u00e9sel. En muy poco tiempo, el motor di\u00e9sel sustituy\u00f3 al motor de gasolina que se hab\u00eda utilizado habitualmente hasta entonces y se convirti\u00f3 en la medida de todas las cosas por su econom\u00eda y alta fiabilidad. Hab\u00eda nacido una nueva generaci\u00f3n de camiones con una amplia gama de modelos.<\/p>\n<ul>\n<li>Modelo met\u00e1lico de precisi\u00f3n ensamblado a mano con 2.059 piezas<\/li>\n<li>Fiel al original, carrocer\u00eda de plataforma abierta<\/li>\n<li>Todos los accesorios de la trampilla elevadora son met\u00e1licos<\/li>\n<li>Elevadores traseros de madera aut\u00e9ntica y abatibles<\/li>\n<li>Fiel reproducci\u00f3n del motor di\u00e9sel de 4 cilindros en l\u00ednea con todas las unidades adicionales, incluidas las tuber\u00edas.<\/li>\n<li>Cap\u00f3 desmontable en tres partes con ganchos de resorte para bloquearlo<\/li>\n<li>Radiador de acero inoxidable fabricado a mano con boca de llenado de radiador desenroscable y estrella Mercedes acoplada (precauci\u00f3n: riesgo de rotura, observe las instrucciones de uso).<\/li>\n<li>Cabina del conductor bellamente dise\u00f1ada con palanca de freno de mano m\u00f3vil y parabrisas abatible. Bancos de asiento tapizados en cuero y desmontables.<\/li>\n<li>Apertura de puertas e indicadores de direcci\u00f3n funcionales (indicadores)<\/li>\n<li>Dep\u00f3sito de combustible met\u00e1lico bajo la banqueta del asiento del acompa\u00f1ante con tap\u00f3n de llenado practicable<\/li>\n<li>Caja de herramientas, montada en el lado izquierdo del bastidor, se puede abrir<\/li>\n<li>Rueda de repuesto extra\u00edble bajo el suelo de la plataforma en la parte trasera del veh\u00edculo<\/li>\n<li>Ejes delantero y trasero met\u00e1licos. Conjunto de suelo detallado con robusto bastidor met\u00e1lico y ballestas semiel\u00edpticas delanteras y traseras fielmente reproducidas.<\/li>\n<li>Superficies met\u00e1licas selladas con laca transparente.<\/li>\n<\/ul>\n<p><u>Explicaci\u00f3n Designaci\u00f3n de tipo \u201eLO 2750\u201c:<\/u><\/p>\n<p>N\u00famero 2750 = carga \u00fatil en kilos<\/p>\n<p>\u201echasis \u201cL\" para camiones (L) y<\/p>\n<p>\u201eLos autobuses \u201cO\" (O) pueden utilizarse<br \/>\nN\u00famero de art\u00edculo: M-171<\/p>","protected":false},"excerpt":{"rendered":"<p>M-171 &#8211; 1-brandneu &#8211; anstatt 759,00 \u20ac jetzt 565,00 \u20ac inkl. 19% Vat<\/p>","protected":false},"featured_media":48995,"comment_status":"open","ping_status":"closed","template":"","meta":[],"product_brand":[537],"product_cat":[960,18,85,19,20,21],"product_tag":[728,729,494,730],"class_list":{"0":"post-44368","1":"product","2":"type-product","3":"status-publish","4":"has-post-thumbnail","6":"product_brand-cmc","7":"product_cat-aktion","8":"product_cat-cmc","9":"product_cat-coupon","10":"product_cat-mercedes-benz","11":"product_cat-titel","12":"product_cat-verfuegbar","13":"product_tag-1934-38","14":"product_tag-clear-finish-version","15":"product_tag-cmc-mercedes-benz-lkw","16":"product_tag-cmc-mercedes-benz-lkw-lo-2750","17":"pa_automarke-mercedes","18":"pa_decade-1930s","19":"pa_fahrzeugtyp-lastwagen","20":"pa_massstab-1-18","21":"pa_modelmarke-cmc","22":"pa_modeltyp-alles-zum-oeffnen","23":"pa_modeltyp-fertigmodell","24":"pa_zustand_modell-1-brandneu","25":"pa_zustand_verpackung-1-brandneu","27":"first","28":"outofstock","29":"sale","30":"taxable","31":"shipping-taxable","32":"purchasable","33":"product-type-simple"},"jetpack_sharing_enabled":true,"_links":{"self":[{"href":"https:\/\/www.modelcars24.de\/es\/wp-json\/wp\/v2\/product\/44368","targetHints":{"allow":["GET"]}}],"collection":[{"href":"https:\/\/www.modelcars24.de\/es\/wp-json\/wp\/v2\/product"}],"about":[{"href":"https:\/\/www.modelcars24.de\/es\/wp-json\/wp\/v2\/types\/product"}],"replies":[{"embeddable":true,"href":"https:\/\/www.modelcars24.de\/es\/wp-json\/wp\/v2\/comments?post=44368"}],"version-history":[{"count":0,"href":"https:\/\/www.modelcars24.de\/es\/wp-json\/wp\/v2\/product\/44368\/revisions"}],"wp:featuredmedia":[{"embeddable":true,"href":"https:\/\/www.modelcars24.de\/es\/wp-json\/wp\/v2\/media\/48995"}],"wp:attachment":[{"href":"https:\/\/www.modelcars24.de\/es\/wp-json\/wp\/v2\/media?parent=44368"}],"wp:term":[{"taxonomy":"product_brand","embeddable":true,"href":"https:\/\/www.modelcars24.de\/es\/wp-json\/wp\/v2\/product_brand?post=44368"},{"taxonomy":"product_cat","embeddable":true,"href":"https:\/\/www.modelcars24.de\/es\/wp-json\/wp\/v2\/product_cat?post=44368"},{"taxonomy":"product_tag","embeddable":true,"href":"https:\/\/www.modelcars24.de\/es\/wp-json\/wp\/v2\/product_tag?post=44368"}],"curies":[{"name":"wp","href":"https:\/\/api.w.org\/{rel}","templated":true}]}}