{"id":44452,"date":"2025-05-27T11:54:25","date_gmt":"2025-05-27T09:54:25","guid":{"rendered":"https:\/\/www.modelcars24.de\/?post_type=product&#038;p=44452"},"modified":"2026-03-27T18:20:37","modified_gmt":"2026-03-27T17:20:37","slug":"cmc-lancia-d50-monaco-gp-1955-26-alberto-ascari","status":"publish","type":"product","link":"https:\/\/www.modelcars24.de\/es\/cmc-lancia-d50-monaco-gp-1955-26-alberto-ascari\/","title":{"rendered":"CMC Lancia D50 Monaco GP 1955 #26, Alberto Ascari - 1\/18"},"content":{"rendered":"<h3>CMC Lancia D50 GP de M\u00f3naco 1955 #26, Alberto Ascari<\/h3>\n<p>CMC Lancia D50 Alberto Ascari n\u00famero 26, Gran Premio de M\u00f3naco 1955<\/p>\n<div>\n<ul>\n<li>Modelo met\u00e1lico de precisi\u00f3n ensamblado a mano a partir de 1.598 piezas<\/li>\n<li>Cap\u00f3 desmontable y bloqueable<\/li>\n<li>Parabrisas m\u00f3vil<\/li>\n<li>Fiel reproducci\u00f3n del motor de 8 cilindros y 90\u00b0V con todas las unidades adicionales y cableado completo<\/li>\n<li>Ambos tubos de escape en dise\u00f1o met\u00e1lico<\/li>\n<li>Eje delantero de horquilla met\u00e1lica con amortiguadores de aceite a presi\u00f3n<\/li>\n<li>Eje trasero met\u00e1lico De Dion con brazo de arrastre y amortiguadores de aceite a presi\u00f3n<\/li>\n<li>Parrilla del radiador de acero inoxidable pintada a mano en el color de la carrocer\u00eda con montantes met\u00e1licos<\/li>\n<li>R\u00e9plica detallada del sistema de refrigeraci\u00f3n<\/li>\n<li>Trazado detallado de los conductos de aceite y combustible<\/li>\n<li>Tap\u00f3n del dep\u00f3sito de combustible m\u00f3vil<\/li>\n<li>Tap\u00f3n de llenado de aceite m\u00f3vil<\/li>\n<li>Cabina con asiento del conductor y reposacabezas tapizados en cuero<\/li>\n<li>Ruedas de radios perfectamente dise\u00f1adas con radios de alambre de acero inoxidable dibujados a mano y con tetones<\/li>\n<li>Cierres centrales de rueda atornillables con rosca derecha\/izquierda aut\u00e9ntica<\/li>\n<li>Pintura brillante en color original<\/li>\n<li>Colocaci\u00f3n del n\u00famero de inicio 26 mediante tampograf\u00eda<\/li>\n<\/ul>\n<\/div>\n<div>Caracter\u00edstica especial como accesorio:Carro de arranque de bater\u00eda con unidad de arranque externa independiente<\/div>\n<p>N\u00famero de art\u00edculo: M-176<\/p>","protected":false},"excerpt":{"rendered":"<p>1:18 &#8211; M-176 &#8211; 1-brandneu, anstatt 599,00\u20ac jetzt\u00a0 &#8211; 485,00 \u20ac inkl. 19% Vat<\/p>","protected":false},"featured_media":53575,"comment_status":"open","ping_status":"closed","template":"","meta":{"_acf_changed":false},"product_brand":[537],"product_cat":[18,114,45,21],"product_tag":[778,115,779],"class_list":{"0":"post-44452","1":"product","2":"type-product","3":"status-publish","4":"has-post-thumbnail","6":"product_brand-cmc","7":"product_cat-cmc","8":"product_cat-lancia","9":"product_cat-neuzugang","10":"product_cat-verfuegbar","11":"product_tag-alberto-ascari","12":"product_tag-cmc-lancia-d50","13":"product_tag-cmc-lancia-d50-monaco-gp-1955-26","14":"pa_automarke-lancia","15":"pa_decade-1950s","16":"pa_fahrzeugtyp-formel-1","17":"pa_massstab-1-18","18":"pa_modelmarke-cmc","19":"pa_modeltyp-alles-zum-oeffnen","20":"pa_modeltyp-fertigmodell","21":"pa_zustand_modell-2-neuwertig","22":"pa_zustand_verpackung-2-neuwertig","24":"first","25":"instock","26":"sale","27":"taxable","28":"shipping-taxable","29":"purchasable","30":"product-type-simple"},"acf":[],"jetpack_sharing_enabled":true,"_links":{"self":[{"href":"https:\/\/www.modelcars24.de\/es\/wp-json\/wp\/v2\/product\/44452","targetHints":{"allow":["GET"]}}],"collection":[{"href":"https:\/\/www.modelcars24.de\/es\/wp-json\/wp\/v2\/product"}],"about":[{"href":"https:\/\/www.modelcars24.de\/es\/wp-json\/wp\/v2\/types\/product"}],"replies":[{"embeddable":true,"href":"https:\/\/www.modelcars24.de\/es\/wp-json\/wp\/v2\/comments?post=44452"}],"version-history":[{"count":5,"href":"https:\/\/www.modelcars24.de\/es\/wp-json\/wp\/v2\/product\/44452\/revisions"}],"predecessor-version":[{"id":58685,"href":"https:\/\/www.modelcars24.de\/es\/wp-json\/wp\/v2\/product\/44452\/revisions\/58685"}],"wp:featuredmedia":[{"embeddable":true,"href":"https:\/\/www.modelcars24.de\/es\/wp-json\/wp\/v2\/media\/53575"}],"wp:attachment":[{"href":"https:\/\/www.modelcars24.de\/es\/wp-json\/wp\/v2\/media?parent=44452"}],"wp:term":[{"taxonomy":"product_brand","embeddable":true,"href":"https:\/\/www.modelcars24.de\/es\/wp-json\/wp\/v2\/product_brand?post=44452"},{"taxonomy":"product_cat","embeddable":true,"href":"https:\/\/www.modelcars24.de\/es\/wp-json\/wp\/v2\/product_cat?post=44452"},{"taxonomy":"product_tag","embeddable":true,"href":"https:\/\/www.modelcars24.de\/es\/wp-json\/wp\/v2\/product_tag?post=44452"}],"curies":[{"name":"wp","href":"https:\/\/api.w.org\/{rel}","templated":true}]}}