{"id":44688,"date":"2024-01-28T00:00:00","date_gmt":"2024-01-27T23:00:00","guid":{"rendered":"https:\/\/www.modelcars24.de\/?post_type=product&#038;p=44688"},"modified":"2025-12-16T08:54:02","modified_gmt":"2025-12-16T07:54:02","slug":"cmc-mercedes-ssk-1930-limited-1000","status":"publish","type":"product","link":"https:\/\/www.modelcars24.de\/es\/cmc-mercedes-ssk-1930-limited-1000\/","title":{"rendered":"CMC Mercedes SSK, 1930, limitada 600 - 1\/18"},"content":{"rendered":"<h3>CMC Mercedes-Benz SSKL, GP Alemania 1931, # 12 Merz Edici\u00f3n limitada 600 piezas<\/h3>\n<p>Este coche de carreras probado en competici\u00f3n, tambi\u00e9n conocido reverencialmente como \u201eel elefante blanco\u201c por su potencia desbocada y su imponente tama\u00f1o, volvi\u00f3 a causar sensaci\u00f3n en 1931 junto con su brillante piloto Rudolf Caracciola y sus compa\u00f1eros de equipo Hans Stuck y Otto Merz.<\/p>\n<p>- Modelo met\u00e1lico de precisi\u00f3n ensamblado a mano con m\u00e1s de 1.700 piezas<br \/>\n- Carrocer\u00eda moldeada aut\u00e9ntica y fiel a la realidad<br \/>\n- Reproducci\u00f3n original del bastidor de acero de peso reducido<br \/>\n- Rejilla del radiador y protector de piedra en dise\u00f1o met\u00e1lico de alta calidad<br \/>\n- Cap\u00f3 de doble ala con bisagras asegurado con correas de cuero.<br \/>\n- Cierres de cap\u00f3 con ganchos de bloqueo accionados por resorte<br \/>\n- Motor de seis cilindros en l\u00ednea con todas las unidades auxiliares y cableado completo<br \/>\n- Tubos de escape laterales en dise\u00f1o de manguera met\u00e1lica flexible<br \/>\n- Tubo de escape met\u00e1lico guiado lateralmente<br \/>\n- Ruedas de radios perfectos con llantas de aluminio y radios de alambre de acero inoxidable dibujados a mano, pintadas en negro satinado<br \/>\n- Bloqueo central de ruedas desmontable<br \/>\n- Rueda de repuesto desmontable, asegurada con tornillo de apriete<br \/>\n- Ballestas met\u00e1licas en funcionamiento en los ejes delantero y trasero<br \/>\n- Boca de llenado del dep\u00f3sito con tap\u00f3n abatible de acero inoxidable<br \/>\n- 2 palancas de mano m\u00f3viles para ajustar el acelerador y el encendido<br \/>\n- Dise\u00f1o de cabina protot\u00edpico con asientos revestidos de cuero y panel de instrumentos totalmente instrumentado.<br \/>\n- Ambos asientos tapizados en cuero aut\u00e9ntico<br \/>\n- Deflector de viento en el lado del conductor, parabrisas m\u00f3vil en el lado del pasajero<br \/>\n- Tambores de freno en dise\u00f1o original de cobre con aletas de refrigeraci\u00f3n<br \/>\n- N\u00fameros de inicio laterales aplicados a la tela textil seg\u00fan el modelo original<br \/>\nN\u00famero de art\u00edculo: M-189<\/p>","protected":false},"excerpt":{"rendered":"<p>M-189 &#8211; 1-brandneu &#8211; anstatt 435,00 \u20ac jetzt 390,00 \u20ac inkl. Vat<\/p>","protected":false},"featured_media":42416,"comment_status":"open","ping_status":"closed","template":"","meta":{"_acf_changed":false},"product_brand":[537],"product_cat":[17,18,19,20,21],"product_tag":[],"class_list":{"0":"post-44688","1":"product","2":"type-product","3":"status-publish","4":"has-post-thumbnail","6":"product_brand-cmc","7":"product_cat-angebot","8":"product_cat-cmc","9":"product_cat-mercedes-benz","10":"product_cat-titel","11":"product_cat-verfuegbar","12":"pa_automarke-mercedes","13":"pa_decade-1930s","14":"pa_fahrzeugtyp-formel-1","15":"pa_massstab-1-18","16":"pa_modelmarke-cmc","17":"pa_modeltyp-alles-zum-oeffnen","18":"pa_modeltyp-fertigmodell","19":"pa_zustand_modell-1-brandneu","20":"pa_zustand_verpackung-1-brandneu","22":"first","23":"instock","24":"sale","25":"taxable","26":"shipping-taxable","27":"purchasable","28":"product-type-simple"},"acf":[],"jetpack_sharing_enabled":true,"_links":{"self":[{"href":"https:\/\/www.modelcars24.de\/es\/wp-json\/wp\/v2\/product\/44688","targetHints":{"allow":["GET"]}}],"collection":[{"href":"https:\/\/www.modelcars24.de\/es\/wp-json\/wp\/v2\/product"}],"about":[{"href":"https:\/\/www.modelcars24.de\/es\/wp-json\/wp\/v2\/types\/product"}],"replies":[{"embeddable":true,"href":"https:\/\/www.modelcars24.de\/es\/wp-json\/wp\/v2\/comments?post=44688"}],"version-history":[{"count":4,"href":"https:\/\/www.modelcars24.de\/es\/wp-json\/wp\/v2\/product\/44688\/revisions"}],"predecessor-version":[{"id":58695,"href":"https:\/\/www.modelcars24.de\/es\/wp-json\/wp\/v2\/product\/44688\/revisions\/58695"}],"wp:featuredmedia":[{"embeddable":true,"href":"https:\/\/www.modelcars24.de\/es\/wp-json\/wp\/v2\/media\/42416"}],"wp:attachment":[{"href":"https:\/\/www.modelcars24.de\/es\/wp-json\/wp\/v2\/media?parent=44688"}],"wp:term":[{"taxonomy":"product_brand","embeddable":true,"href":"https:\/\/www.modelcars24.de\/es\/wp-json\/wp\/v2\/product_brand?post=44688"},{"taxonomy":"product_cat","embeddable":true,"href":"https:\/\/www.modelcars24.de\/es\/wp-json\/wp\/v2\/product_cat?post=44688"},{"taxonomy":"product_tag","embeddable":true,"href":"https:\/\/www.modelcars24.de\/es\/wp-json\/wp\/v2\/product_tag?post=44688"}],"curies":[{"name":"wp","href":"https:\/\/api.w.org\/{rel}","templated":true}]}}