{"id":44693,"date":"2025-03-28T00:00:00","date_gmt":"2025-03-27T23:00:00","guid":{"rendered":"https:\/\/www.modelcars24.de\/?post_type=product&#038;p=44693"},"modified":"2026-03-24T15:06:42","modified_gmt":"2026-03-24T14:06:42","slug":"cmc-jaguar-c-type-xkc-023-2018-condition-dr-christan-jenny-limitado-a-1000-piezas","status":"publish","type":"product","link":"https:\/\/www.modelcars24.de\/es\/cmc-jaguar-c-type-xkc-023-2018-ist-zustand-dr-christan-jenny-limitiert-auf-1000-stueck\/","title":{"rendered":"CMC Jaguar C Type, XKC 023, 2018 ( es condici\u00f3n Dr Christan Jenny) Limitado a 1000 piezas - 1\/18"},"content":{"rendered":"<h3>CMC Jaguar C Type, XKC 023, 2018 ( is condition Dr Christan Jenny) Limitado a 1000 piezas<\/h3>\n<p>El Jaguar C-Type -\u00a0<em>el<\/em>\u00a0Icono de los coches deportivos de principios de los cincuenta<\/p>\n<p>El C-Type, desarrollado a partir del XK120 para su uso en deportes de motor, era completamente nuevo aparte del motor optimizado. Jaguar consigui\u00f3 la victoria general en Le Mans en dos ocasiones con el C-Type y, entre 1952 y 1955, los equipos de carreras consiguieron muchas victorias (de clase) en carreras nacionales e internacionales con el C-Type. Se construyeron 53 ejemplares del C-Type en Coventry, incluidos cuatro chasis ligeros.<\/p>\n<p>CMC ha reproducido aut\u00e9ntica y meticulosamente el veh\u00edculo de la Dra. Jenny, el XKC023, con todo lujo de detalles. El resultado es una miniatura de impresionante carisma y dinamismo deportivo.<\/p>\n<ul>\n<li>Modelo met\u00e1lico de precisi\u00f3n ensamblado a mano a partir de m\u00e1s de 1.150 piezas.<\/li>\n<li>Cap\u00f3 abatible y bloqueable<\/li>\n<li>Fiel reproducci\u00f3n del motor de seis cilindros en l\u00ednea con todas las unidades complementarias y cableado completo<\/li>\n<li>Tubos de escape met\u00e1licos<\/li>\n<li>Eje delantero de horquilla met\u00e1lica con amortiguadores de aceite a presi\u00f3n<\/li>\n<li>Suspensi\u00f3n de barra de torsi\u00f3n en disposici\u00f3n longitudinal<\/li>\n<li>Eje trasero r\u00edgido sobre brazos arrastrados y puntales de empuje, amortiguadores de aceite a presi\u00f3n, todas las piezas de metal, suspensi\u00f3n de barra de torsi\u00f3n en disposici\u00f3n transversal.<\/li>\n<li>Rejilla del radiador de acero inoxidable pintada a mano<\/li>\n<li>R\u00e9plica detallada del sistema de refrigeraci\u00f3n<\/li>\n<li>\u00a0Trazado detallado de los conductos de aceite y combustible<\/li>\n<li>Tap\u00f3n del dep\u00f3sito de combustible m\u00f3vil<\/li>\n<li>Puerta del conductor con bisagras de apertura aut\u00e9nticamente reproducidas<\/li>\n<li>Cabina con asientos del conductor y el acompa\u00f1ante tapizados en cuero<\/li>\n<li>Ruedas de radios perfectamente dise\u00f1adas con radios de alambre de acero inoxidable dibujados a mano y con tetones<\/li>\n<li>Cierres centrales de rueda atornillables con rosca derecha\/izquierda<\/li>\n<li>Pintura brillante en color original<\/li>\n<\/ul>\n<p>N\u00famero de art\u00edculo: M-193<\/p>\n<p>2-nuevo con todos los accesorios en caja original.<\/p>","protected":false},"excerpt":{"rendered":"<p>M-193 &#8211; 2-neuwertig &#8211; anstatt 574,00 \u20ac jetzt 445,00 \u20ac<\/p>","protected":false},"featured_media":49130,"comment_status":"open","ping_status":"closed","template":"","meta":[],"product_brand":[537],"product_cat":[960,18,139,20,21],"product_tag":[798,671,799],"class_list":{"0":"post-44693","1":"product","2":"type-product","3":"status-publish","4":"has-post-thumbnail","6":"product_brand-cmc","7":"product_cat-aktion","8":"product_cat-cmc","9":"product_cat-jaguar","10":"product_cat-titel","11":"product_cat-verfuegbar","12":"product_tag-2018-ist-zustand-dr-christan-jenny-limitiert-auf-1000-stueck","13":"product_tag-cmc-jaguar-c-type","14":"product_tag-xkc-023","15":"pa_automarke-jaguar","16":"pa_decade-1950s","17":"pa_fahrzeugtyp-gt-rennen","18":"pa_massstab-1-18","19":"pa_modelmarke-cmc","20":"pa_modeltyp-alles-zum-oeffnen","21":"pa_modeltyp-fertigmodell","22":"pa_zustand_modell-1-brandneu","23":"pa_zustand_verpackung-1-brandneu","25":"first","26":"instock","27":"sale","28":"taxable","29":"shipping-taxable","30":"purchasable","31":"product-type-simple"},"jetpack_sharing_enabled":true,"_links":{"self":[{"href":"https:\/\/www.modelcars24.de\/es\/wp-json\/wp\/v2\/product\/44693","targetHints":{"allow":["GET"]}}],"collection":[{"href":"https:\/\/www.modelcars24.de\/es\/wp-json\/wp\/v2\/product"}],"about":[{"href":"https:\/\/www.modelcars24.de\/es\/wp-json\/wp\/v2\/types\/product"}],"replies":[{"embeddable":true,"href":"https:\/\/www.modelcars24.de\/es\/wp-json\/wp\/v2\/comments?post=44693"}],"version-history":[{"count":9,"href":"https:\/\/www.modelcars24.de\/es\/wp-json\/wp\/v2\/product\/44693\/revisions"}],"predecessor-version":[{"id":58696,"href":"https:\/\/www.modelcars24.de\/es\/wp-json\/wp\/v2\/product\/44693\/revisions\/58696"}],"wp:featuredmedia":[{"embeddable":true,"href":"https:\/\/www.modelcars24.de\/es\/wp-json\/wp\/v2\/media\/49130"}],"wp:attachment":[{"href":"https:\/\/www.modelcars24.de\/es\/wp-json\/wp\/v2\/media?parent=44693"}],"wp:term":[{"taxonomy":"product_brand","embeddable":true,"href":"https:\/\/www.modelcars24.de\/es\/wp-json\/wp\/v2\/product_brand?post=44693"},{"taxonomy":"product_cat","embeddable":true,"href":"https:\/\/www.modelcars24.de\/es\/wp-json\/wp\/v2\/product_cat?post=44693"},{"taxonomy":"product_tag","embeddable":true,"href":"https:\/\/www.modelcars24.de\/es\/wp-json\/wp\/v2\/product_tag?post=44693"}],"curies":[{"name":"wp","href":"https:\/\/api.w.org\/{rel}","templated":true}]}}