{"id":44742,"date":"2024-04-24T12:30:00","date_gmt":"2024-04-24T10:30:00","guid":{"rendered":"https:\/\/www.modelcars24.de\/?post_type=product&#038;p=44742"},"modified":"2026-04-04T10:17:36","modified_gmt":"2026-04-04T08:17:36","slug":"cmc-jaguar-c-type-1954-carrera-panamericana-fancisco-ibarra-fernando-pinal-13","status":"publish","type":"product","link":"https:\/\/www.modelcars24.de\/es\/cmc-jaguar-c-type-1954-carrera-panamericana-fancisco-ibarra-fernando-pinal-13\/","title":{"rendered":"CMC Jaguar C Type, 1954, Carrera Panamericana, Fancisco Ibarra \/ Fernando Pinal #13 - 1\/18"},"content":{"rendered":"<h3>CMC Jaguar C Type, 1954, Carrera Panamericana, Fancisco Ibarra \/ Fernando Pinal #13<\/h3>\n<p>El C-Type estuvo en casa en muchos de los famosos circuitos de carreras desde finales de 1952 hasta 1955 y fue conducido con \u00e9xito por los pilotos estrella de la d\u00e9cada de 1950. Los pilotos disfrutaron del \u00e9xito del coche y la marca Jaguar disfrut\u00f3 del \u00e9xito de los pilotos ganadores. No importaba lo grande que fuera el reto de la competici\u00f3n, siempre hab\u00eda un equipo en un C-Type para afrontarlo. As\u00ed ocurri\u00f3 tambi\u00e9n en la prueba automovil\u00edstica m\u00e1s dura de los a\u00f1os cincuenta, la Carrera Panamericana. Los pilotos Ibarra y Pinal compitieron en 1953 y 54, pero no terminaron. No obstante, CMC decidi\u00f3 desarrollar esta interesante variante automovil\u00edstica y crom\u00e1tica. El resultado es una miniatura de impresionante carisma y dinamismo deportivo.<\/p>\n<ul>\n<li>Modelo met\u00e1lico de precisi\u00f3n ensamblado a mano a partir de m\u00e1s de 1.150 piezas<\/li>\n<li>Cap\u00f3 abatible y bloqueable<\/li>\n<li>Fiel reproducci\u00f3n del motor de seis cilindros en l\u00ednea con todas las unidades complementarias y cableado completo<\/li>\n<li>Tubos de escape met\u00e1licos<\/li>\n<li>Eje delantero de direcci\u00f3n triangular con amortiguadores met\u00e1licos de aceite a presi\u00f3n<\/li>\n<li>Suspensi\u00f3n de barra de torsi\u00f3n en disposici\u00f3n longitudinal<\/li>\n<li>Eje trasero r\u00edgido con brazos arrastrados y amortiguadores met\u00e1licos de aceite a presi\u00f3n<\/li>\n<li>Suspensi\u00f3n de barra de torsi\u00f3n en disposici\u00f3n transversal<\/li>\n<li>Rejilla del radiador de acero inoxidable pintada a mano<\/li>\n<li>R\u00e9plica detallada del sistema de refrigeraci\u00f3n<\/li>\n<li>Trazado detallado de los conductos de aceite y combustible<\/li>\n<li>Tap\u00f3n del dep\u00f3sito de combustible m\u00f3vil<\/li>\n<li>Puerta del conductor con bisagras de apertura aut\u00e9nticamente reproducidas<\/li>\n<li>Cabina con asientos del conductor y el acompa\u00f1ante tapizados en cuero<\/li>\n<li>Ruedas de radios perfectamente dise\u00f1adas con radios de alambre de acero inoxidable dibujados a mano y con tetones<\/li>\n<li>Cierres centrales de rueda atornillables con rosca derecha\/izquierda aut\u00e9ntica<\/li>\n<li>Pintura brillante en color original<\/li>\n<li>Colocaci\u00f3n del n\u00famero de inicio 20 mediante tampograf\u00eda<\/li>\n<\/ul>\n<p>N\u00famero de art\u00edculo: M-196<\/p>\n<p>2-nuevo<\/p>","protected":false},"excerpt":{"rendered":"<p>M-196 &#8211; 2-neuwertig &#8211; 795,00\u20ac<\/p>","protected":false},"featured_media":50091,"comment_status":"open","ping_status":"closed","template":"","meta":[],"product_brand":[537],"product_cat":[18,139,45,21],"product_tag":[633,803,671,804],"class_list":{"0":"post-44742","1":"product","2":"type-product","3":"status-publish","4":"has-post-thumbnail","6":"product_brand-cmc","7":"product_cat-cmc","8":"product_cat-jaguar","9":"product_cat-neuzugang","10":"product_cat-verfuegbar","11":"product_tag-633","12":"product_tag-carrera-panamericana","13":"product_tag-cmc-jaguar-c-type","14":"product_tag-fancisco-ibarra-fernando-pinal-13","15":"pa_automarke-jaguar","16":"pa_decade-1950s","17":"pa_fahrzeugtyp-gt-rennen","18":"pa_massstab-1-18","19":"pa_modelmarke-cmc","20":"pa_modeltyp-alles-zum-oeffnen","21":"pa_modeltyp-fertigmodell","22":"pa_zustand_modell-2-neuwertig","23":"pa_zustand_verpackung-2-neuwertig","25":"first","26":"outofstock","27":"purchasable","28":"product-type-simple"},"jetpack_sharing_enabled":true,"_links":{"self":[{"href":"https:\/\/www.modelcars24.de\/es\/wp-json\/wp\/v2\/product\/44742","targetHints":{"allow":["GET"]}}],"collection":[{"href":"https:\/\/www.modelcars24.de\/es\/wp-json\/wp\/v2\/product"}],"about":[{"href":"https:\/\/www.modelcars24.de\/es\/wp-json\/wp\/v2\/types\/product"}],"replies":[{"embeddable":true,"href":"https:\/\/www.modelcars24.de\/es\/wp-json\/wp\/v2\/comments?post=44742"}],"version-history":[{"count":7,"href":"https:\/\/www.modelcars24.de\/es\/wp-json\/wp\/v2\/product\/44742\/revisions"}],"predecessor-version":[{"id":58698,"href":"https:\/\/www.modelcars24.de\/es\/wp-json\/wp\/v2\/product\/44742\/revisions\/58698"}],"wp:featuredmedia":[{"embeddable":true,"href":"https:\/\/www.modelcars24.de\/es\/wp-json\/wp\/v2\/media\/50091"}],"wp:attachment":[{"href":"https:\/\/www.modelcars24.de\/es\/wp-json\/wp\/v2\/media?parent=44742"}],"wp:term":[{"taxonomy":"product_brand","embeddable":true,"href":"https:\/\/www.modelcars24.de\/es\/wp-json\/wp\/v2\/product_brand?post=44742"},{"taxonomy":"product_cat","embeddable":true,"href":"https:\/\/www.modelcars24.de\/es\/wp-json\/wp\/v2\/product_cat?post=44742"},{"taxonomy":"product_tag","embeddable":true,"href":"https:\/\/www.modelcars24.de\/es\/wp-json\/wp\/v2\/product_tag?post=44742"}],"curies":[{"name":"wp","href":"https:\/\/api.w.org\/{rel}","templated":true}]}}