{"id":44802,"date":"2025-08-20T11:54:28","date_gmt":"2025-08-20T09:54:28","guid":{"rendered":"https:\/\/www.modelcars24.de\/?post_type=product&#038;p=44802"},"modified":"2026-01-16T18:04:16","modified_gmt":"2026-01-16T17:04:16","slug":"cmc-mercedes-targa-florio-1924-blanco","status":"publish","type":"product","link":"https:\/\/www.modelcars24.de\/es\/cmc-mercedes-targa-florio-1924-weiss\/","title":{"rendered":"CMC Mercedes Targa Florio, 1924, -blanco- - 1\/18"},"content":{"rendered":"<h3>CMC Mercedes Targa Florio, 1924, -blanco-.<\/h3>\n<p>Modelo de coleccionista de metal altamente detallado, piezas complementarias cromadas en su mayor parte de metal, montado a mano, materiales protot\u00edpicos, asientos de cuero o tapizados, versi\u00f3n detallada del original, numerosas funciones y detalles.<\/p>\n<ul>\n<li>Modelo met\u00e1lico de precisi\u00f3n ensamblado a mano con 1.009 piezas<\/li>\n<li>Aut\u00e9ntica carrocer\u00eda moldeada a escala real con pintura brillante<\/li>\n<li>Volante con radios met\u00e1licos<\/li>\n<li>Volante forrado en cuero, asientos de cuero<\/li>\n<li>Salpicadero de bonito dise\u00f1o con instrumentos de todo tipo<\/li>\n<li>Parabrisas m\u00f3vil para el conductor<\/li>\n<li>Palancas manuales m\u00f3viles para el encendido y el ajuste de la mezcla<\/li>\n<li>Bomba manual para presurizar el dep\u00f3sito de gasolina y pistola engrasadora para lubricar la bomba de agua<\/li>\n<li>Cap\u00f3 de doble ala de chapa de cobre para apertura con panel lateral abatible adicional<\/li>\n<li>Motor extremadamente detallado con tendido de cables, cableado y barras de control<\/li>\n<li>Tapones de buj\u00eda desmontables<\/li>\n<li>Carcasa inferior del motor de chapa de cobre<\/li>\n<li>Cables de freno de alambre de acero para las ruedas delanteras y traseras<\/li>\n<li>Manivela de arranque met\u00e1lica giratoria<\/li>\n<li>Radiador con protector de piedra de malla met\u00e1lica cerrada<\/li>\n<li>Amortiguadores delanteros de fricci\u00f3n con funci\u00f3n<\/li>\n<li>Palanca de freno de mano m\u00f3vil con trinquete y empu\u00f1adura revestida de cuero<\/li>\n<li>Ballestas met\u00e1licas de seis capas con funci\u00f3n de suspensi\u00f3n en el eje delantero y trasero<\/li>\n<li>Boca de llenado del dep\u00f3sito y tap\u00f3n del dep\u00f3sito desmontable con cierre de bayoneta de acero inoxidable<\/li>\n<li>Cierres de cap\u00f3 funcionales con muelles helicoidales<\/li>\n<\/ul>\n<p>Artikelnummer: M-206<\/p>","protected":false},"excerpt":{"rendered":"<p>M-206 &#8211; 1-brandneu &#8211; 375,00 \u20ac inkl. 19% Vat<\/p>","protected":false},"featured_media":54453,"comment_status":"open","ping_status":"closed","template":"","meta":{"_acf_changed":false},"product_brand":[537],"product_cat":[953,18,19,45,21],"product_tag":[],"class_list":{"0":"post-44802","1":"product","2":"type-product","3":"status-publish","4":"has-post-thumbnail","6":"product_brand-cmc","7":"product_cat-1-archiv","8":"product_cat-cmc","9":"product_cat-mercedes-benz","10":"product_cat-neuzugang","11":"product_cat-verfuegbar","12":"pa_automarke-mercedes","13":"pa_decade-1920s","14":"pa_fahrzeugtyp-formel-1","15":"pa_massstab-1-18","16":"pa_modelmarke-cmc","17":"pa_modeltyp-alles-zum-oeffnen","18":"pa_modeltyp-fertigmodell","19":"pa_zustand_modell-2-neuwertig","20":"pa_zustand_verpackung-2-neuwertig","22":"first","23":"outofstock","24":"purchasable","25":"product-type-simple"},"acf":[],"jetpack_sharing_enabled":true,"_links":{"self":[{"href":"https:\/\/www.modelcars24.de\/es\/wp-json\/wp\/v2\/product\/44802","targetHints":{"allow":["GET"]}}],"collection":[{"href":"https:\/\/www.modelcars24.de\/es\/wp-json\/wp\/v2\/product"}],"about":[{"href":"https:\/\/www.modelcars24.de\/es\/wp-json\/wp\/v2\/types\/product"}],"replies":[{"embeddable":true,"href":"https:\/\/www.modelcars24.de\/es\/wp-json\/wp\/v2\/comments?post=44802"}],"version-history":[{"count":4,"href":"https:\/\/www.modelcars24.de\/es\/wp-json\/wp\/v2\/product\/44802\/revisions"}],"predecessor-version":[{"id":58701,"href":"https:\/\/www.modelcars24.de\/es\/wp-json\/wp\/v2\/product\/44802\/revisions\/58701"}],"wp:featuredmedia":[{"embeddable":true,"href":"https:\/\/www.modelcars24.de\/es\/wp-json\/wp\/v2\/media\/54453"}],"wp:attachment":[{"href":"https:\/\/www.modelcars24.de\/es\/wp-json\/wp\/v2\/media?parent=44802"}],"wp:term":[{"taxonomy":"product_brand","embeddable":true,"href":"https:\/\/www.modelcars24.de\/es\/wp-json\/wp\/v2\/product_brand?post=44802"},{"taxonomy":"product_cat","embeddable":true,"href":"https:\/\/www.modelcars24.de\/es\/wp-json\/wp\/v2\/product_cat?post=44802"},{"taxonomy":"product_tag","embeddable":true,"href":"https:\/\/www.modelcars24.de\/es\/wp-json\/wp\/v2\/product_tag?post=44802"}],"curies":[{"name":"wp","href":"https:\/\/api.w.org\/{rel}","templated":true}]}}