{"id":44825,"date":"2024-01-28T00:00:00","date_gmt":"2024-01-27T23:00:00","guid":{"rendered":"https:\/\/www.modelcars24.de\/?post_type=product&#038;p=44825"},"modified":"2025-12-10T13:37:19","modified_gmt":"2025-12-10T12:37:19","slug":"cmc-mercedes-benz-ssk-1930-rojo","status":"publish","type":"product","link":"https:\/\/www.modelcars24.de\/es\/cmc-mercedes-benz-ssk-1930-rot\/","title":{"rendered":"CMC Mercedes-Benz SSK, Premio de Oto\u00f1o Argentina 1931, Carlos Zatuszek # 14 - 1\/18"},"content":{"rendered":"<h3>CMC Mercedes-Benz SSK, Premio de Oto\u00f1o de Argentina 1931, Carlos Zatuszek # 14<\/h3>\n<p>Carlos Zatuszek compiti\u00f3 en la Copa de Oto\u00f1o de Argentina de 1931 con el n\u00famero de salida 14 y gan\u00f3 la carrera de 400 kil\u00f3metros con r\u00e9cord de pista. Despu\u00e9s de que Berndt y Zatuszek vendieran su victorioso veh\u00edculo en 1935, fue utilizado por otros pilotos de carreras en Argentina hasta la d\u00e9cada de 1950. Despu\u00e9s se perdi\u00f3 su rastro hasta que fue redescubierto en Argentina. Los componentes del veh\u00edculo fueron llevados a Alemania, donde el coche fue reconstruido y restaurado a su pintura roja original. CMC tuvo la oportunidad de medir digitalmente el SSK durante la restauraci\u00f3n y puede dedicar una miniatura absolutamente aut\u00e9ntica a este modelo \u00fanico.<\/p>\n<ul>\n<li>Modelo met\u00e1lico de precisi\u00f3n ensamblado a mano con m\u00e1s de 1.700 piezas<\/li>\n<li>Carrocer\u00eda moldeada aut\u00e9ntica y fiel a la realidad<\/li>\n<li>Reproducci\u00f3n original del armaz\u00f3n de acero<\/li>\n<li>Rejilla del radiador y protector de piedra en dise\u00f1o met\u00e1lico de alta calidad<\/li>\n<li>Cap\u00f3 de doble ala con bisagras asegurado con correas de cuero.<\/li>\n<li>Cierres de cap\u00f3 con ganchos de bloqueo accionados por resorte<\/li>\n<li>Reproducci\u00f3n del motor de seis cilindros en l\u00ednea con todas las unidades auxiliares y tuber\u00edas y cableado completos.<\/li>\n<li>Tubos de escape laterales en dise\u00f1o de manguera met\u00e1lica flexible<\/li>\n<li>Tubo de escape met\u00e1lico guiado lateralmente<\/li>\n<li>Ruedas de radios perfectos con llantas de aluminio y radios de alambre de acero inoxidable estirados a mano<\/li>\n<li>Bloqueo central de ruedas desmontable<\/li>\n<li>Dos ruedas de repuesto desmontables, aseguradas con perno de sujeci\u00f3n<\/li>\n<li>Ballestas met\u00e1licas en funcionamiento en los ejes delantero y trasero<\/li>\n<li>Boca de llenado del dep\u00f3sito con tap\u00f3n abatible de acero inoxidable<\/li>\n<li>2 palancas de mano m\u00f3viles para ajustar el acelerador y el encendido<\/li>\n<li>Dise\u00f1o de cabina protot\u00edpico con asientos revestidos de cuero y panel de instrumentos totalmente instrumentado.<\/li>\n<li>Ambos asientos tapizados en cuero aut\u00e9ntico<\/li>\n<li>Parabrisas m\u00f3vil para el conductor y el acompa\u00f1ante<\/li>\n<li>Tambores de freno en dise\u00f1o original de cobre con aletas de refrigeraci\u00f3n<\/li>\n<\/ul>\n<h4>HISTORIA Mercedes-Benz SSK (VEH\u00cdCULO ORIGINAL)<\/h4>\n<p>Este modelo CMC tiene una historia especial. El modelo pintado de rojo, un SSK construido en 1929, fue utilizado victoriosamente por el piloto privado Carlos Zatuszek en carreras de resistencia en Argentina. El piloto, que a\u00fan hoy es famoso en Sudam\u00e9rica, naci\u00f3 como Karol Zatuszek en 1897 en la actual Ucrania. Este mec\u00e1nico de formaci\u00f3n emigr\u00f3 a Argentina en 1921 y obtuvo la nacionalidad argentina en 1931. Corri\u00f3 sus primeras carreras de coches en 1927, y dos a\u00f1os m\u00e1s tarde su cu\u00f1ado Julio Berndt adquiri\u00f3 el Mercedes-Benz SSK, en el que Zatuszek corri\u00f3 de victoria en victoria en los a\u00f1os siguientes. Con el n\u00famero de salida 14, particip\u00f3 en la Copa de Oto\u00f1o de Argentina de 1931 y gan\u00f3 la carrera de 400 kil\u00f3metros con r\u00e9cord de pista.<br \/>N\u00famero de art\u00edculo: M-207<\/p>","protected":false},"excerpt":{"rendered":"<p>M-207 &#8211; 1-brandneu &#8211; anstatt 482,00 \u20ac jetzt 415,00 \u20ac inkl. 19% Vat<\/p>","protected":false},"featured_media":44828,"comment_status":"open","ping_status":"closed","template":"","meta":{"_acf_changed":false},"product_brand":[537],"product_cat":[17,18,19,20,21],"product_tag":[806,807,382],"class_list":{"0":"post-44825","1":"product","2":"type-product","3":"status-publish","4":"has-post-thumbnail","6":"product_brand-cmc","7":"product_cat-angebot","8":"product_cat-cmc","9":"product_cat-mercedes-benz","10":"product_cat-titel","11":"product_cat-verfuegbar","12":"product_tag-carlos-zatuszek","13":"product_tag-herbstpreis-von-argentinien","14":"product_tag-mercedes-benz-ssk","15":"pa_automarke-mercedes","16":"pa_decade-1930s","17":"pa_fahrzeugtyp-formel-1","18":"pa_massstab-1-18","19":"pa_modelmarke-cmc","20":"pa_modeltyp-alles-zum-oeffnen","21":"pa_modeltyp-fertigmodell","22":"pa_zustand_modell-1-brandneu","23":"pa_zustand_verpackung-1-brandneu","25":"first","26":"outofstock","27":"sale","28":"taxable","29":"shipping-taxable","30":"purchasable","31":"product-type-simple"},"acf":[],"jetpack_sharing_enabled":true,"_links":{"self":[{"href":"https:\/\/www.modelcars24.de\/es\/wp-json\/wp\/v2\/product\/44825","targetHints":{"allow":["GET"]}}],"collection":[{"href":"https:\/\/www.modelcars24.de\/es\/wp-json\/wp\/v2\/product"}],"about":[{"href":"https:\/\/www.modelcars24.de\/es\/wp-json\/wp\/v2\/types\/product"}],"replies":[{"embeddable":true,"href":"https:\/\/www.modelcars24.de\/es\/wp-json\/wp\/v2\/comments?post=44825"}],"version-history":[{"count":3,"href":"https:\/\/www.modelcars24.de\/es\/wp-json\/wp\/v2\/product\/44825\/revisions"}],"predecessor-version":[{"id":58702,"href":"https:\/\/www.modelcars24.de\/es\/wp-json\/wp\/v2\/product\/44825\/revisions\/58702"}],"wp:featuredmedia":[{"embeddable":true,"href":"https:\/\/www.modelcars24.de\/es\/wp-json\/wp\/v2\/media\/44828"}],"wp:attachment":[{"href":"https:\/\/www.modelcars24.de\/es\/wp-json\/wp\/v2\/media?parent=44825"}],"wp:term":[{"taxonomy":"product_brand","embeddable":true,"href":"https:\/\/www.modelcars24.de\/es\/wp-json\/wp\/v2\/product_brand?post=44825"},{"taxonomy":"product_cat","embeddable":true,"href":"https:\/\/www.modelcars24.de\/es\/wp-json\/wp\/v2\/product_cat?post=44825"},{"taxonomy":"product_tag","embeddable":true,"href":"https:\/\/www.modelcars24.de\/es\/wp-json\/wp\/v2\/product_tag?post=44825"}],"curies":[{"name":"wp","href":"https:\/\/api.w.org\/{rel}","templated":true}]}}