{"id":45094,"date":"2021-08-19T11:54:30","date_gmt":"2021-08-19T09:54:30","guid":{"rendered":"https:\/\/www.modelcars24.de\/?post_type=product&#038;p=45094"},"modified":"2026-01-23T15:28:55","modified_gmt":"2026-01-23T14:28:55","slug":"cmc-mercedes-benz-slr-mclaren-4","status":"publish","type":"product","link":"https:\/\/www.modelcars24.de\/es\/cmc-mercedes-benz-slr-mclaren-4\/","title":{"rendered":"CMC Mercedes-Benz SLR McLaren - 1\/12"},"content":{"rendered":"<p>CMC Mercedes-Benz SLR McLaren, modelo de coleccionista de metal altamente detallado, piezas complementarias cromadas en su mayor\u00eda de metal, ensamblado a mano, materiales protot\u00edpicos, asientos de cuero o tapizados, versi\u00f3n detallada del original, muchas funciones y detalles.<\/p>\n<p>La obra maestra CMC del Mercedes-Benz SLR McLaren a escala 1:12 redefine los l\u00edmites del modelismo de alta gama. Fabricado a partir de m\u00e1s de 1.200 piezas individuales, este modelo a gran escala impresiona con un nivel de detalle sin igual que har\u00e1 latir m\u00e1s r\u00e1pido el coraz\u00f3n de todo coleccionista. Las ic\u00f3nicas puertas de mariposa revelan un interior con cuero aut\u00e9ntico e instrumentos precisos. El motor V8 meticulosamente reproducido, con su complejo cableado, descansa bajo el amplio cap\u00f3. La gran calidad del metal fundido se combina con una mec\u00e1nica de filigrana y un acabado de pintura impecable. Este modelo no es una simple miniatura, sino un impresionante homenaje a una leyenda del autom\u00f3vil.<\/p>\n<p>N\u00famero de art\u00edculo: C-006D<\/p>\n<p>2-nuevo<\/p>","protected":false},"excerpt":{"rendered":"<p>C-006D &#8211; 2-neuwertig &#8211; 2500,00 \u20ac<\/p>","protected":false},"featured_media":59961,"comment_status":"open","ping_status":"closed","template":"","meta":[],"product_brand":[537],"product_cat":[18,19,34],"product_tag":[],"class_list":{"0":"post-45094","1":"product","2":"type-product","3":"status-publish","4":"has-post-thumbnail","6":"product_brand-cmc","7":"product_cat-cmc","8":"product_cat-mercedes-benz","9":"product_cat-nicht-verfuegbar","10":"pa_automarke-mercedes","11":"pa_decade-1990s","12":"pa_fahrzeugtyp-coupe","13":"pa_massstab-1-18","14":"pa_modelmarke-cmc","15":"pa_modeltyp-alles-zum-oeffnen","16":"pa_modeltyp-fertigmodell","17":"pa_zustand_modell-2-neuwertig","18":"pa_zustand_verpackung-2-neuwertig","20":"first","21":"outofstock","22":"purchasable","23":"product-type-simple"},"jetpack_sharing_enabled":true,"_links":{"self":[{"href":"https:\/\/www.modelcars24.de\/es\/wp-json\/wp\/v2\/product\/45094","targetHints":{"allow":["GET"]}}],"collection":[{"href":"https:\/\/www.modelcars24.de\/es\/wp-json\/wp\/v2\/product"}],"about":[{"href":"https:\/\/www.modelcars24.de\/es\/wp-json\/wp\/v2\/types\/product"}],"replies":[{"embeddable":true,"href":"https:\/\/www.modelcars24.de\/es\/wp-json\/wp\/v2\/comments?post=45094"}],"version-history":[{"count":5,"href":"https:\/\/www.modelcars24.de\/es\/wp-json\/wp\/v2\/product\/45094\/revisions"}],"predecessor-version":[{"id":59963,"href":"https:\/\/www.modelcars24.de\/es\/wp-json\/wp\/v2\/product\/45094\/revisions\/59963"}],"wp:featuredmedia":[{"embeddable":true,"href":"https:\/\/www.modelcars24.de\/es\/wp-json\/wp\/v2\/media\/59961"}],"wp:attachment":[{"href":"https:\/\/www.modelcars24.de\/es\/wp-json\/wp\/v2\/media?parent=45094"}],"wp:term":[{"taxonomy":"product_brand","embeddable":true,"href":"https:\/\/www.modelcars24.de\/es\/wp-json\/wp\/v2\/product_brand?post=45094"},{"taxonomy":"product_cat","embeddable":true,"href":"https:\/\/www.modelcars24.de\/es\/wp-json\/wp\/v2\/product_cat?post=45094"},{"taxonomy":"product_tag","embeddable":true,"href":"https:\/\/www.modelcars24.de\/es\/wp-json\/wp\/v2\/product_tag?post=45094"}],"curies":[{"name":"wp","href":"https:\/\/api.w.org\/{rel}","templated":true}]}}