{"id":45402,"date":"2026-04-08T20:31:33","date_gmt":"2026-04-08T18:31:33","guid":{"rendered":"https:\/\/www.modelcars24.de\/?post_type=product&#038;p=45402"},"modified":"2026-04-22T09:09:49","modified_gmt":"2026-04-22T07:09:49","slug":"cmc-mercedes-benz-sskl","status":"publish","type":"product","link":"https:\/\/www.modelcars24.de\/es\/cmc-mercedes-benz-sskl\/","title":{"rendered":"CMC Mercedes-Benz SSKL, Mille Miglia, 1931 - 1\/18"},"content":{"rendered":"<p>CMC Mercedes-Benz SSKL, Mille Miglia, 1931 El nuevo coche de carreras SSKL debut\u00f3 en la Mille Miglia los d\u00edas 12 y 13 de abril de 1931. En comparaci\u00f3n con el SSK, el coche era unos 125 kilogramos m\u00e1s ligero y la potencia del motor hab\u00eda aumentado en 50 CV. Rudolf Caracciola, piloto oficial de Mercedes-Benz y el piloto de carreras con m\u00e1s \u00e9xito de su \u00e9poca, consigui\u00f3 una sensacional victoria en el primer intento.<\/p>\n<ul>\n<li>Modelo met\u00e1lico de precisi\u00f3n ensamblado a mano a partir de piezas de 1885<\/li>\n<li>Carrocer\u00eda moldeada aut\u00e9ntica y fiel a la realidad<\/li>\n<li>Reproducci\u00f3n original del bastidor de acero de peso reducido con patr\u00f3n de orificios exacto<\/li>\n<li>Rejilla del radiador y protector de piedra en dise\u00f1o met\u00e1lico de alta calidad<\/li>\n<li>Cap\u00f3 de doble ala que puede abrirse a derecha e izquierda y fijarse con correas de cuero<\/li>\n<li>Cierres del cap\u00f3 con ganchos de bloqueo accionados por resorte<\/li>\n<li>Motor de 6 cilindros en l\u00ednea con todas las unidades auxiliares y tuber\u00edas y cableado completos<\/li>\n<li>Tubos de escape laterales en dise\u00f1o de manguera met\u00e1lica flexible<\/li>\n<li>Ruedas de radios perfectos con llantas de aluminio y radios de alambre de acero inoxidable estirados a mano<\/li>\n<li>Todos los radios est\u00e1n equipados con cabecillas adicionales<\/li>\n<li>Bloqueo central de ruedas desmontable 2 ruedas de repuesto desmontables, aseguradas con perno basculante de sujeci\u00f3n<\/li>\n<li>Ballestas met\u00e1licas en funcionamiento en los ejes delantero y trasero<\/li>\n<li>Boca de llenado del dep\u00f3sito con tap\u00f3n abatible de acero inoxidable<\/li>\n<li>Llanta del volante forrada en cuero 2 palancas de mano m\u00f3viles para el ajuste del acelerador y el encendido<\/li>\n<li>Dise\u00f1o fiel al original del habit\u00e1culo con asientos revestidos de cuero y totalmente instrumentado.<\/li>\n<li>Cuadro de instrumentos Parabrisas m\u00f3vil del conductor y del acompa\u00f1ante<\/li>\n<li>Tambores de freno en dise\u00f1o original de cobre con aletas de refrigeraci\u00f3n<\/li>\n<li>Estante de almacenamiento en el lado del pasajero con bid\u00f3n de gasolina de repuesto y caja de herramientas de madera con tapa abatible. Con herramientas en miniatura como contenido.<\/li>\n<li>Funda de emergencia con cubierta de cuero aut\u00e9ntico y cierre de correa (sin funci\u00f3n)<\/li>\n<li>N\u00famero de partida 87 impreso en la carrocer\u00eda mediante un elaborado proceso de tampograf\u00eda.<\/li>\n<\/ul>\n<p>HISTORIA (VEH\u00cdCULO ORIGINAL) Entre 1927 y 1933, los deportivos sobrealimentados Mercedes-Benz S, SS, SSK y SSKL, que se utilizaron en todas las grandes competiciones del mundo como coches de Gran Premio, ases de la resistencia o escaladores, entraron en las listas de ganadores con un estilo inigualable como aut\u00e9nticos \u201emonstruos ganadores\u201c o como los cari\u00f1osamente llamados \u201eelefantes blancos\u201c. Ya entonces, algunos pilotos famosos como Hans Stuck, Carlos Zatuszek, Manfred von Brauchitsch y Bernd Rosemeyer desempe\u00f1aron un papel nada desde\u00f1able en estos \u00e9xitos arrolladores.<br \/>\nN\u00famero de art\u00edculo: M-055<\/p>\n<p>2-neuwertig, con folleto y certificado<\/p>","protected":false},"excerpt":{"rendered":"<p>M-055 &#8211; 2-neuwertig &#8211; 325,00 \u20ac<\/p>","protected":false},"featured_media":40139,"comment_status":"open","ping_status":"closed","template":"","meta":[],"product_brand":[537],"product_cat":[18,19,45,136,21],"product_tag":[],"class_list":{"0":"post-45402","1":"product","2":"type-product","3":"status-publish","4":"has-post-thumbnail","6":"product_brand-cmc","7":"product_cat-cmc","8":"product_cat-mercedes-benz","9":"product_cat-neuzugang","10":"product_cat-raritaet","11":"product_cat-verfuegbar","12":"pa_automarke-mercedes","13":"pa_decade-1930s","14":"pa_fahrzeugtyp-formel-1","15":"pa_massstab-1-18","16":"pa_modelmarke-cmc","17":"pa_modeltyp-alles-zum-oeffnen","18":"pa_modeltyp-fertigmodell","19":"pa_zustand_modell-2-neuwertig","20":"pa_zustand_verpackung-2-neuwertig","22":"first","23":"outofstock","24":"purchasable","25":"product-type-simple"},"jetpack_sharing_enabled":true,"_links":{"self":[{"href":"https:\/\/www.modelcars24.de\/es\/wp-json\/wp\/v2\/product\/45402","targetHints":{"allow":["GET"]}}],"collection":[{"href":"https:\/\/www.modelcars24.de\/es\/wp-json\/wp\/v2\/product"}],"about":[{"href":"https:\/\/www.modelcars24.de\/es\/wp-json\/wp\/v2\/types\/product"}],"replies":[{"embeddable":true,"href":"https:\/\/www.modelcars24.de\/es\/wp-json\/wp\/v2\/comments?post=45402"}],"version-history":[{"count":6,"href":"https:\/\/www.modelcars24.de\/es\/wp-json\/wp\/v2\/product\/45402\/revisions"}],"predecessor-version":[{"id":63130,"href":"https:\/\/www.modelcars24.de\/es\/wp-json\/wp\/v2\/product\/45402\/revisions\/63130"}],"wp:featuredmedia":[{"embeddable":true,"href":"https:\/\/www.modelcars24.de\/es\/wp-json\/wp\/v2\/media\/40139"}],"wp:attachment":[{"href":"https:\/\/www.modelcars24.de\/es\/wp-json\/wp\/v2\/media?parent=45402"}],"wp:term":[{"taxonomy":"product_brand","embeddable":true,"href":"https:\/\/www.modelcars24.de\/es\/wp-json\/wp\/v2\/product_brand?post=45402"},{"taxonomy":"product_cat","embeddable":true,"href":"https:\/\/www.modelcars24.de\/es\/wp-json\/wp\/v2\/product_cat?post=45402"},{"taxonomy":"product_tag","embeddable":true,"href":"https:\/\/www.modelcars24.de\/es\/wp-json\/wp\/v2\/product_tag?post=45402"}],"curies":[{"name":"wp","href":"https:\/\/api.w.org\/{rel}","templated":true}]}}