{"id":45416,"date":"2024-07-04T00:00:00","date_gmt":"2024-07-03T22:00:00","guid":{"rendered":"https:\/\/www.modelcars24.de\/?post_type=product&#038;p=45416"},"modified":"2026-03-24T15:06:44","modified_gmt":"2026-03-24T14:06:44","slug":"cmc-mercedes-benz-300-slr-uhlenhaut-2","status":"publish","type":"product","link":"https:\/\/www.modelcars24.de\/es\/cmc-mercedes%e2%80%90benz-300-slr-uhlenhaut\/","title":{"rendered":"CMC Mercedes-Benz 300 SLR Uhlenhaut Coup\u00e9, 1955, interior azul - 1\/18"},"content":{"rendered":"<h3 class=\"product_title entry-title\">CMC Mercedes-Benz 300 SLR Uhlenhaut Coup\u00e9, 1955, interior azul<\/h3>\n<div class=\"woocommerce-product-details__short-description\">\n<p>El llamado \u201cUhlenhaut Coup\u00e9\u201d es uno de los iconos de la historia de la marca Mercedes-Benz. S\u00f3lo se construyeron dos ejemplares, oficialmente como prototipos de carreras. Bajo la elegante carrocer\u00eda se ocultaba la tecnolog\u00eda del deportivo de carreras 300 SLR descapotable; el coup\u00e9 deb\u00eda utilizarse en competici\u00f3n como versi\u00f3n cerrada. Como Mercedes-Benz puso fin a su participaci\u00f3n en el automovilismo deportivo tras la temporada de 1955, dej\u00f3 de utilizarse.<\/p>\n<\/div>\n<p>El Uhlenhaut Coup\u00e9 estaba equipado con el motor de ocho cilindros en l\u00ednea del Mercedes W196. Este motor ten\u00eda un control desmodr\u00f3mico de las v\u00e1lvulas y produc\u00eda 302 CV a 7.500 rpm. Inicialmente, la versi\u00f3n Coup\u00e9 del 300 SLR iba a utilizarse en carreras de resistencia. Sin embargo, esto nunca lleg\u00f3 a materializarse, ya que Mercedes se retir\u00f3 del automovilismo en 1955.<br \/>\nN\u00famero de art\u00edculo: M-243<\/p>","protected":false},"excerpt":{"rendered":"<p>M-243 &#8211; 2-neuwertig &#8211; 425,00 \u20ac<\/p>","protected":false},"featured_media":45418,"comment_status":"open","ping_status":"closed","template":"","meta":{"_acf_changed":false},"product_brand":[537],"product_cat":[960,18,19,45,21],"product_tag":[],"class_list":{"0":"post-45416","1":"product","2":"type-product","3":"status-publish","4":"has-post-thumbnail","6":"product_brand-cmc","7":"product_cat-aktion","8":"product_cat-cmc","9":"product_cat-mercedes-benz","10":"product_cat-neuzugang","11":"product_cat-verfuegbar","12":"pa_automarke-mercedes","13":"pa_decade-1950s","14":"pa_fahrzeugtyp-gt-rennen","15":"pa_massstab-1-18","16":"pa_modelmarke-cmc","17":"pa_modeltyp-alles-zum-oeffnen","18":"pa_modeltyp-fertigmodell","19":"pa_zustand_modell-1-brandneu","20":"pa_zustand_verpackung-1-brandneu","22":"first","23":"outofstock","24":"sale","25":"taxable","26":"shipping-taxable","27":"purchasable","28":"product-type-simple"},"acf":[],"jetpack_sharing_enabled":true,"_links":{"self":[{"href":"https:\/\/www.modelcars24.de\/es\/wp-json\/wp\/v2\/product\/45416","targetHints":{"allow":["GET"]}}],"collection":[{"href":"https:\/\/www.modelcars24.de\/es\/wp-json\/wp\/v2\/product"}],"about":[{"href":"https:\/\/www.modelcars24.de\/es\/wp-json\/wp\/v2\/types\/product"}],"replies":[{"embeddable":true,"href":"https:\/\/www.modelcars24.de\/es\/wp-json\/wp\/v2\/comments?post=45416"}],"version-history":[{"count":4,"href":"https:\/\/www.modelcars24.de\/es\/wp-json\/wp\/v2\/product\/45416\/revisions"}],"predecessor-version":[{"id":58723,"href":"https:\/\/www.modelcars24.de\/es\/wp-json\/wp\/v2\/product\/45416\/revisions\/58723"}],"wp:featuredmedia":[{"embeddable":true,"href":"https:\/\/www.modelcars24.de\/es\/wp-json\/wp\/v2\/media\/45418"}],"wp:attachment":[{"href":"https:\/\/www.modelcars24.de\/es\/wp-json\/wp\/v2\/media?parent=45416"}],"wp:term":[{"taxonomy":"product_brand","embeddable":true,"href":"https:\/\/www.modelcars24.de\/es\/wp-json\/wp\/v2\/product_brand?post=45416"},{"taxonomy":"product_cat","embeddable":true,"href":"https:\/\/www.modelcars24.de\/es\/wp-json\/wp\/v2\/product_cat?post=45416"},{"taxonomy":"product_tag","embeddable":true,"href":"https:\/\/www.modelcars24.de\/es\/wp-json\/wp\/v2\/product_tag?post=45416"}],"curies":[{"name":"wp","href":"https:\/\/api.w.org\/{rel}","templated":true}]}}