{"id":45985,"date":"2025-02-26T10:01:00","date_gmt":"2025-02-26T09:01:00","guid":{"rendered":"https:\/\/www.modelcars24.de\/?post_type=product&#038;p=45985"},"modified":"2026-04-15T19:07:37","modified_gmt":"2026-04-15T17:07:37","slug":"cmc-porsche-904-carrera-gts-500-km-spa","status":"publish","type":"product","link":"https:\/\/www.modelcars24.de\/es\/cmc-porsche-904-carrera-gts-500-km-spa\/","title":{"rendered":"CMC Porsche 904 Carrera GTS 500 KM SPA 1964, Leon Dernier, #43 M-233 - 1\/18"},"content":{"rendered":"<h2>CMC Porsche 904 Carrera GTS 500 KM SPA 1964, Leon Dernier, #43. M-233<\/h2>\n<p>Maqueta de coleccionista de alta calidad a escala 1:18.<\/p>\n<p>El 904-040 se entreg\u00f3 nuevo a L\u00e9on Dernier, un conocido piloto de carreras belga, en febrero de 1964. Como \u201eDernier\u201c significa \u201e\u00faltimo\u201c, lo que por supuesto no puede agradar a un piloto de carreras, comenz\u00f3 su carrera automovil\u00edstica a principios de la d\u00e9cada de 1950 bajo el seud\u00f3nimo de \u201eEld\u00e9\u201c e inmediatamente termin\u00f3 5\u00ba en la general de las 24 Horas de Par\u00eds de 1955 en<br \/>\nHasta la d\u00e9cada de 1960, se centr\u00f3 en las carreras de coches deportivos y compiti\u00f3 en campeonatos nacionales e internacionales para las escuder\u00edas belgas Equipe Nationale Belge y Ecurie Francorchamps. Tras la entrega del 904-040 a principios de 1964, el coche se utiliz\u00f3 ocasionalmente en competiciones como la carrera Coupe de Belgique, que Dernier gan\u00f3 el 30 de marzo, o la subida de la colina Laroche - Samre, que tambi\u00e9n termin\u00f3 en primer lugar. En los 500 km de Spa, el 17 de mayo, termina 21\u00ba en la general y 8\u00ba en su categor\u00eda. El 31 de mayo, Andr\u00e9 Pilette y \u00e9l se retiraron de los 1.000 km de N\u00fcrburgring, pero termin\u00f3 la subida de Ste. C\u00e9cil-Herbeumont de nuevo en segunda posici\u00f3n. El 19 de julio termin\u00f3 sexto en el GP de Zolder y el 1 de agosto en el GP de Renania-Palatinado en N\u00fcrburgring.<\/p>\n<p>L\u00e9on Dernier tambi\u00e9n compiti\u00f3 como piloto privado, y el Porsche 904-040 era su deportivo favorito. Seg\u00fan los registros hist\u00f3ricos, corri\u00f3 ocho veces en chasis 904-040 y catorce veces en Ferrari 250 GT durante toda su carrera automovil\u00edstica. Pero ten cuidado:<\/p>\n<p>L\u00e9on Eld\u00e9 (Dernier) condujo varios Ferrari 250 GT diferentes, incluidos los n\u00fameros de chasis 509, 763, 1321 y 2053. Seg\u00fan datos de archivo, ninguno de estos 250 GT se utiliz\u00f3 m\u00e1s de<br \/>\nconducido cinco veces por Dernier. Esto convirti\u00f3 al 904-040 en el chasis que Dernier utiliz\u00f3 m\u00e1s a menudo, especialmente como privado. L\u00e9on Dernier, que compiti\u00f3 como piloto privado con el 904-040 y el n\u00famero de salida 40, termin\u00f3 10\u00ba de la general y 2\u00ba de su clase en los 500 km de Spa el 16 de mayo de 1965, esta vez como piloto del Equipe Nationale Belge.<br \/>\nEld\u00e9 muri\u00f3 en un accidente en Spa-Francorchamps el 26 de julio de 1969. Seg\u00fan el libro Porsche 904 de J\u00fcrgen Barth, el segundo propietario del 904-040 fue Jean Bocquait, que condujo el coche alrededor de 1971 en Bruselas y sus alrededores. Posteriormente, el coche pas\u00f3 a manos del Sr. Verdoedt, quien a su vez lo vendi\u00f3 al Sr. Peter Hofmann en Alemania en 2001.<br \/>\nA continuaci\u00f3n se llev\u00f3 a cabo una restauraci\u00f3n muy compleja y perfecta. Hubo que reparar un da\u00f1o concreto: La esquina delantera izquierda de la carrocer\u00eda original de pl\u00e1stico reforzado con fibra de vidrio hab\u00eda resultado da\u00f1ada en un accidente.<br \/>\nde 1964 y luego mal reparado. Se eliminaron capas de pintura y residuos y se lij\u00f3 hasta llegar a la estructura de fibra de vidrio. La superficie agrietada de la carrocer\u00eda se perfeccion\u00f3 minuciosamente y se pint\u00f3 en plata metalizada, fiel al color original. Hoy en d\u00eda, este Porsche 904-040 es uno de los veh\u00edculos m\u00e1s aut\u00e9nticos de la historia.<br \/>\nN\u00famero de art\u00edculo: M-233<\/p>","protected":false},"excerpt":{"rendered":"<p>M-233 &#8211; 1-brandneu &#8211; anstatt 697,00 \u20ac jetzt 660,00 \u20ac<\/p>","protected":false},"featured_media":48823,"comment_status":"open","ping_status":"closed","template":"","meta":{"_acf_changed":false},"product_brand":[537],"product_cat":[18,56,21],"product_tag":[78,46,265,263],"class_list":{"0":"post-45985","1":"product","2":"type-product","3":"status-publish","4":"has-post-thumbnail","6":"product_brand-cmc","7":"product_cat-cmc","8":"product_cat-porsche","9":"product_cat-verfuegbar","10":"product_tag-angebot","11":"product_tag-cmc","12":"product_tag-porsche","13":"product_tag-vorbestellbar","14":"pa_automarke-porsche","15":"pa_decade-1960s","16":"pa_fahrzeugtyp-gt-rennen","17":"pa_massstab-1-18","18":"pa_modelmarke-cmc","19":"pa_modeltyp-alles-zum-oeffnen","20":"pa_modeltyp-fertigmodell","21":"pa_zustand_modell-1-brandneu","22":"pa_zustand_verpackung-1-brandneu","24":"first","25":"instock","26":"sale","27":"taxable","28":"shipping-taxable","29":"purchasable","30":"product-type-simple"},"acf":[],"jetpack_sharing_enabled":true,"_links":{"self":[{"href":"https:\/\/www.modelcars24.de\/es\/wp-json\/wp\/v2\/product\/45985","targetHints":{"allow":["GET"]}}],"collection":[{"href":"https:\/\/www.modelcars24.de\/es\/wp-json\/wp\/v2\/product"}],"about":[{"href":"https:\/\/www.modelcars24.de\/es\/wp-json\/wp\/v2\/types\/product"}],"replies":[{"embeddable":true,"href":"https:\/\/www.modelcars24.de\/es\/wp-json\/wp\/v2\/comments?post=45985"}],"version-history":[{"count":4,"href":"https:\/\/www.modelcars24.de\/es\/wp-json\/wp\/v2\/product\/45985\/revisions"}],"predecessor-version":[{"id":58737,"href":"https:\/\/www.modelcars24.de\/es\/wp-json\/wp\/v2\/product\/45985\/revisions\/58737"}],"wp:featuredmedia":[{"embeddable":true,"href":"https:\/\/www.modelcars24.de\/es\/wp-json\/wp\/v2\/media\/48823"}],"wp:attachment":[{"href":"https:\/\/www.modelcars24.de\/es\/wp-json\/wp\/v2\/media?parent=45985"}],"wp:term":[{"taxonomy":"product_brand","embeddable":true,"href":"https:\/\/www.modelcars24.de\/es\/wp-json\/wp\/v2\/product_brand?post=45985"},{"taxonomy":"product_cat","embeddable":true,"href":"https:\/\/www.modelcars24.de\/es\/wp-json\/wp\/v2\/product_cat?post=45985"},{"taxonomy":"product_tag","embeddable":true,"href":"https:\/\/www.modelcars24.de\/es\/wp-json\/wp\/v2\/product_tag?post=45985"}],"curies":[{"name":"wp","href":"https:\/\/api.w.org\/{rel}","templated":true}]}}