{"id":45998,"date":"2025-04-02T10:01:00","date_gmt":"2025-04-02T08:01:00","guid":{"rendered":"https:\/\/www.modelcars24.de\/?post_type=product&#038;p=45998"},"modified":"2025-12-10T13:37:40","modified_gmt":"2025-12-10T12:37:40","slug":"cmc-porsche-904-carrera-gts-pebble-beach","status":"publish","type":"product","link":"https:\/\/www.modelcars24.de\/es\/cmc-porsche-904-carrera-gts-pebble-beach\/","title":{"rendered":"CMC Porsche 904 Carrera GTS Subasta Pebble Beach 2017, #42 M-234 - 1\/18"},"content":{"rendered":"<h2>CMC Porsche 904 Carrera GTS Subasta Pebble Beach 2017, #42. M-234<\/h2>\n<p>Maqueta de coleccionista de alta calidad a escala 1:18.<\/p>\n<p>Seg\u00fan el certificado de nacimiento del veh\u00edculo con n\u00famero de chasis 904-042, fue fabricado en marzo de 1964 en color plata metalizado con tapicer\u00eda de terciopelo azul. Este veh\u00edculo fue<br \/>\nuno de los 24 que se exportaron a EE.UU. ese a\u00f1o. Fue vendido originalmente a Reviere Motors por Knute Qvale en Portland, Oreg\u00f3n. El nuevo 904 GTS se utiliz\u00f3 para competir con Mike Eyerly o Gary Wright al volante. A lo largo de la temporada de carreras de 1964, condujeron el 904-042 hasta varias victorias.<br \/>\ny podios. La pareja logr\u00f3 los siguientes \u00e9xitos en 1964:<\/p>\n<p>USRRC-GT Kent: 5\u00ba en la general, 1\u00ba en su clase; Westwood Players\u2019 Pacific: 3\u00ba en la general, 2\u00ba en su clase; Portland International Raceway GT race: 1\u00ba puesto; Portland International Raceway Rose Cup: 1\u00ba puesto; Junio 1964 SCCA Regional Oregon Production: 1\u00ba puesto; Julio 1964 SCCA Regional Oregon Production: 1\u00ba puesto; SCCA Regional Oregon Modified: 2\u00ba puesto; SCCA Divisional Kent: 2\u00ba puesto; y Octubre 1954 SCCA Regional Oregon Production: 3\u00ba puesto.<\/p>\n<p>Tras su exitosa temporada de debut, el 904-042 recibi\u00f3 un paquete de actualizaci\u00f3n de competici\u00f3n para 1965. Este paquete inclu\u00eda, entre otras cosas, un nuevo motor 587\/3 (n\u00famero 99156)<br \/>\ncon un \u00e1rbol de levas especial, escape de meg\u00e1fono y un sistema de derivaci\u00f3n de aceite del motor extremadamente r\u00e1pido y potente espec\u00edfico para Le Mans. Mike Eyerly corri\u00f3 con \u00e9xito con el 904-042 hasta julio de 1965, cuando el coche fue vendido al piloto del noroeste del Pac\u00edfico Wade Carter. Con el 904-042, Carter termin\u00f3 5\u00ba en el Campeonato de la Costa del Pac\u00edfico de la SCCA de 1965 y gan\u00f3 los Campeonatos de Producci\u00f3n de Oreg\u00f3n y del Noroeste de la SCCA en 1966. Incluso sigui\u00f3 conduciendo el coche en 1967, ganando dos carreras en Kent. Despu\u00e9s de que Wade Carter pusiera a la venta el 904-042 en 1967, el coche cambi\u00f3 de manos varias veces antes de que Jeffrey Keiner de Orlando, Florida, lo comprara alrededor de 1983.<\/p>\n<p>Como piloto de carreras de coches cl\u00e1sicos en activo, Keiner era tambi\u00e9n un coleccionista serio con una impresionante colecci\u00f3n de Porsche. Tras una completa restauraci\u00f3n y pintura del coche<br \/>\nEn el color rojo y plateado que sigue existiendo hoy en d\u00eda, Keiner particip\u00f3 con este 904 en numerosas carreras de coches cl\u00e1sicos y concours en Estados Unidos. Keiner comenta: \u201eEl 904-042 es absolutamente aut\u00e9ntico en su forma actual. El coche se expuso con frecuencia en concursos hist\u00f3ricos y es muy conocido en el circuito de carreras de coches cl\u00e1sicos. El coche no s\u00f3lo est\u00e1 preparado para las carreras, sino que est\u00e1 en perfectas condiciones en todos los aspectos y ha ganado muchas exposiciones y premios, entre ellos el Montique Thomas Tieneer's Award por su perfecta ingenier\u00eda, el Peter Gregg Memorial Trophy, Primero de su clase en el Meadow Brook Concours d'Elegance, Primero de su clase tres veces consecutivas en el Chicago Historic Races Concours, ganador del Chesrown Concours Award en el Mid-Ohio Historic Races y tambi\u00e9n ha sido Primero de su clase en muchos eventos de carreras hist\u00f3ricas y de \u00e9poca.\u201c<br \/>\nEl 904-042 es un impresionante veh\u00edculo de competici\u00f3n contempor\u00e1neo y goza de una gran reputaci\u00f3n entre los especialistas de la marca.<br \/>\nN\u00famero de art\u00edculo: M-234<\/p>","protected":false},"excerpt":{"rendered":"<p>M-234 &#8211; 1-brandneu &#8211; anstatt 697,00 \u20ac jetzt 585,00 \u20ac inkl. 19% Vat<\/p>","protected":false},"featured_media":48822,"comment_status":"open","ping_status":"closed","template":"","meta":{"_acf_changed":false},"product_brand":[537],"product_cat":[18,56,21],"product_tag":[78,46,265,263],"class_list":{"0":"post-45998","1":"product","2":"type-product","3":"status-publish","4":"has-post-thumbnail","6":"product_brand-cmc","7":"product_cat-cmc","8":"product_cat-porsche","9":"product_cat-verfuegbar","10":"product_tag-angebot","11":"product_tag-cmc","12":"product_tag-porsche","13":"product_tag-vorbestellbar","14":"pa_automarke-porsche","15":"pa_decade-1960s","16":"pa_fahrzeugtyp-gt-rennen","17":"pa_massstab-1-18","18":"pa_modelmarke-cmc","19":"pa_modeltyp-alles-zum-oeffnen","20":"pa_modeltyp-fertigmodell","21":"pa_verfuegbarkeit-sofort-verfuegbar","22":"pa_zustand_modell-1-brandneu","23":"pa_zustand_verpackung-1-brandneu","25":"first","26":"instock","27":"sale","28":"taxable","29":"shipping-taxable","30":"purchasable","31":"product-type-simple"},"acf":[],"jetpack_sharing_enabled":true,"_links":{"self":[{"href":"https:\/\/www.modelcars24.de\/es\/wp-json\/wp\/v2\/product\/45998","targetHints":{"allow":["GET"]}}],"collection":[{"href":"https:\/\/www.modelcars24.de\/es\/wp-json\/wp\/v2\/product"}],"about":[{"href":"https:\/\/www.modelcars24.de\/es\/wp-json\/wp\/v2\/types\/product"}],"replies":[{"embeddable":true,"href":"https:\/\/www.modelcars24.de\/es\/wp-json\/wp\/v2\/comments?post=45998"}],"version-history":[{"count":6,"href":"https:\/\/www.modelcars24.de\/es\/wp-json\/wp\/v2\/product\/45998\/revisions"}],"predecessor-version":[{"id":58738,"href":"https:\/\/www.modelcars24.de\/es\/wp-json\/wp\/v2\/product\/45998\/revisions\/58738"}],"wp:featuredmedia":[{"embeddable":true,"href":"https:\/\/www.modelcars24.de\/es\/wp-json\/wp\/v2\/media\/48822"}],"wp:attachment":[{"href":"https:\/\/www.modelcars24.de\/es\/wp-json\/wp\/v2\/media?parent=45998"}],"wp:term":[{"taxonomy":"product_brand","embeddable":true,"href":"https:\/\/www.modelcars24.de\/es\/wp-json\/wp\/v2\/product_brand?post=45998"},{"taxonomy":"product_cat","embeddable":true,"href":"https:\/\/www.modelcars24.de\/es\/wp-json\/wp\/v2\/product_cat?post=45998"},{"taxonomy":"product_tag","embeddable":true,"href":"https:\/\/www.modelcars24.de\/es\/wp-json\/wp\/v2\/product_tag?post=45998"}],"curies":[{"name":"wp","href":"https:\/\/api.w.org\/{rel}","templated":true}]}}