{"id":46699,"date":"2025-06-20T13:00:01","date_gmt":"2025-06-20T11:00:01","guid":{"rendered":"https:\/\/www.modelcars24.de\/?post_type=product&#038;p=46699"},"modified":"2025-12-10T13:37:47","modified_gmt":"2025-12-10T12:37:47","slug":"cmc-maserati-tipo-61-birdcage-29","status":"publish","type":"product","link":"https:\/\/www.modelcars24.de\/es\/cmc-maserati-tipo-61-birdcage-29\/","title":{"rendered":"CMC Maserati Tipo 61 \u201eBirdcage\u201c, #29, rojo Goodwood Revival 2008, Ex-Sammlung\/colecci\u00f3n Nick Mason Edici\u00f3n Limitada 1000 uds. - 1\/18"},"content":{"rendered":"<p>CMC Maserati Tipo 61 \u201eBirdcage\u201c, #29, rojo Goodwood Revival 2008, Ex-Sammlung\/colecci\u00f3n Nick Mason Edici\u00f3n limitada 1000 unidades. Modelo de coleccionista de alta calidad a escala 1:18. M-280<\/p>\n<ul>\n<li>Modelo met\u00e1lico de precisi\u00f3n ensamblado a mano con 1.533 piezas<\/li>\n<li>Marco de celos\u00eda tubular fabricado con un detalle \u00fanico como una construcci\u00f3n met\u00e1lica de filigrana<\/li>\n<li>Carrocer\u00eda moldeada aut\u00e9ntica y fiel a la realidad<\/li>\n<li>Cap\u00f3 abatible con cierre de palanca<\/li>\n<li>Motor muy detallado con unidades adicionales y cableado completo<\/li>\n<li>Dep\u00f3sito de aceite con tap\u00f3n de llenado m\u00f3vil<\/li>\n<li>Tubo met\u00e1lico de admisi\u00f3n de aire para el sistema de refrigeraci\u00f3n de los pies<\/li>\n<li>Cuadro de instrumentos detallado<\/li>\n<li>Asientos de competici\u00f3n con tapicer\u00eda textil<\/li>\n<li>Puertas m\u00f3viles con bisagras originales delicadamente modeladas<\/li>\n<li>Tapa trasera desmontable con cierre de palanca<\/li>\n<li>Dep\u00f3sito de gasolina met\u00e1lico con tap\u00f3n m\u00f3vil<\/li>\n<li>Rueda de repuesto desmontable, sujeta con correas de cuero<\/li>\n<li>Ruedas de radios desmontables con llantas de aluminio y radios de alambre de acero inoxidable estirados a mano<\/li>\n<li>La placa base desenroscable permite una visi\u00f3n adicional de la red del armaz\u00f3n de malla tubular<\/li>\n<li>Panel met\u00e1lico del suelo de la ba\u00f1era con placas de refuerzo remachadas.<\/li>\n<li>Suspensi\u00f3n delantera independiente de doble tri\u00e1ngulo con muelles helicoidales y amortiguadores telesc\u00f3picos<\/li>\n<li>Eje trasero De Dion con ballesta met\u00e1lica horizontal montada transversalmente y amortiguadores telesc\u00f3picos<\/li>\n<\/ul>\n<p>&nbsp;<\/p>\n<p>&nbsp;<\/p>\n<p>N\u00famero de art\u00edculo: M-280<\/p>","protected":false},"excerpt":{"rendered":"<p>M-280 &#8211; 1-brandneu &#8211; anstatt 667,00 \u20ac jetzt 599,00 \u20ac inkl. 19% Vat<\/p>","protected":false},"featured_media":49898,"comment_status":"open","ping_status":"closed","template":"","meta":{"_acf_changed":false},"product_brand":[537],"product_cat":[18,90,21],"product_tag":[505,46,201,263],"class_list":{"0":"post-46699","1":"product","2":"type-product","3":"status-publish","4":"has-post-thumbnail","6":"product_brand-cmc","7":"product_cat-cmc","8":"product_cat-maserati","9":"product_cat-verfuegbar","10":"product_tag-1-o","11":"product_tag-cmc","12":"product_tag-maserati","13":"product_tag-vorbestellbar","14":"pa_automarke-maserati","15":"pa_decade-1950s","16":"pa_fahrzeugtyp-gt-rennen","17":"pa_massstab-1-18","18":"pa_modelmarke-cmc","19":"pa_modeltyp-alles-zum-oeffnen","20":"pa_modeltyp-fertigmodell","21":"pa_status-beim-hersteller-verfuegbar","22":"pa_verfuegbarkeit-vorbestellbar","23":"pa_zustand_modell-1-brandneu","24":"pa_zustand_verpackung-1-brandneu","26":"first","27":"instock","28":"sale","29":"taxable","30":"shipping-taxable","31":"purchasable","32":"product-type-simple"},"acf":[],"jetpack_sharing_enabled":true,"_links":{"self":[{"href":"https:\/\/www.modelcars24.de\/es\/wp-json\/wp\/v2\/product\/46699","targetHints":{"allow":["GET"]}}],"collection":[{"href":"https:\/\/www.modelcars24.de\/es\/wp-json\/wp\/v2\/product"}],"about":[{"href":"https:\/\/www.modelcars24.de\/es\/wp-json\/wp\/v2\/types\/product"}],"replies":[{"embeddable":true,"href":"https:\/\/www.modelcars24.de\/es\/wp-json\/wp\/v2\/comments?post=46699"}],"version-history":[{"count":12,"href":"https:\/\/www.modelcars24.de\/es\/wp-json\/wp\/v2\/product\/46699\/revisions"}],"predecessor-version":[{"id":58748,"href":"https:\/\/www.modelcars24.de\/es\/wp-json\/wp\/v2\/product\/46699\/revisions\/58748"}],"wp:featuredmedia":[{"embeddable":true,"href":"https:\/\/www.modelcars24.de\/es\/wp-json\/wp\/v2\/media\/49898"}],"wp:attachment":[{"href":"https:\/\/www.modelcars24.de\/es\/wp-json\/wp\/v2\/media?parent=46699"}],"wp:term":[{"taxonomy":"product_brand","embeddable":true,"href":"https:\/\/www.modelcars24.de\/es\/wp-json\/wp\/v2\/product_brand?post=46699"},{"taxonomy":"product_cat","embeddable":true,"href":"https:\/\/www.modelcars24.de\/es\/wp-json\/wp\/v2\/product_cat?post=46699"},{"taxonomy":"product_tag","embeddable":true,"href":"https:\/\/www.modelcars24.de\/es\/wp-json\/wp\/v2\/product_tag?post=46699"}],"curies":[{"name":"wp","href":"https:\/\/api.w.org\/{rel}","templated":true}]}}