{"id":49134,"date":"2025-04-11T13:34:42","date_gmt":"2025-04-11T11:34:42","guid":{"rendered":"https:\/\/www.modelcars24.de\/?post_type=product&#038;p=49134"},"modified":"2025-12-10T13:37:57","modified_gmt":"2025-12-10T12:37:57","slug":"frontiart-aston-martin-valkyrie-carbono-resina-modelo-coche-1-8","status":"publish","type":"product","link":"https:\/\/www.modelcars24.de\/es\/frontiart-aston-martin-valkyrie-carbon-resin-model-car-1-8\/","title":{"rendered":"Frontiart Aston Martin Valkyrie Coche Modelo de Resina de Carbono 1\/8 - 1\/18"},"content":{"rendered":"<h1>Frontiart Aston Martin Valkyrie Carbono Resina Modelo Coche 1\/8<\/h1>\n<p>&nbsp;<\/p>\n<p>El Aston Martin Valkyrie es una obra maestra de la ingenier\u00eda y encarna la simbiosis perfecta entre un dise\u00f1o impresionante y una tecnolog\u00eda revolucionaria. El Valkyrie, un hipercoche \u00fanico en su clase, ha sido desarrollado en colaboraci\u00f3n con Red Bull Racing y ofrece unas prestaciones impresionantes, propulsado por un motor V12 de 6,5 litros que, en combinaci\u00f3n con un potente motor el\u00e9ctrico, alcanza una potencia total de m\u00e1s de 1.000 CV. Con un perfil aerodin\u00e1mico que maximiza la eficiencia y la estabilidad y un interior dise\u00f1ado para las carreras, el Valkyrie no es s\u00f3lo un veh\u00edculo, es una experiencia. Limitado a s\u00f3lo 150 ejemplares, este extraordinario deportivo es un sue\u00f1o hecho realidad para cualquier entusiasta del autom\u00f3vil y un s\u00edmbolo del futuro del automovilismo de altas prestaciones.<\/p>\n<p>L\u00edmite global: 30 unidades. Fecha de entrega prevista: julio de 2026.<br \/>\nN\u00famero de art\u00edculo: F146-13<\/p>","protected":false},"excerpt":{"rendered":"<p>F146-13 &#8211; 1-brandneu -2980,00 \u20ac inkl. 19% Vat<\/p>","protected":false},"featured_media":49138,"comment_status":"open","ping_status":"closed","template":"","meta":[],"product_brand":[881],"product_cat":[147,462,21],"product_tag":[172,173,269,175,270,181,182],"class_list":{"0":"post-49134","1":"product","2":"type-product","3":"status-publish","4":"has-post-thumbnail","6":"product_brand-frontiart","7":"product_cat-aston-martin","8":"product_cat-frontiart","9":"product_cat-verfuegbar","10":"product_tag-atelier","11":"product_tag-bbr","12":"product_tag-bbr-ferrari-250-lusso-red","13":"product_tag-competizione","14":"product_tag-ferrari-250-lusso-1963-118","15":"product_tag-mrcollection","16":"product_tag-perfectly-embodies-ferraris","17":"pa_automarke-aston-martin","18":"pa_decade-2020s","19":"pa_fahrzeugtyp-motor","20":"pa_farbe-blau","21":"pa_limitiert-ja","22":"pa_massstab-1-18","23":"pa_modelmarke-frontiart","24":"pa_modeltyp-fertigmodell","25":"pa_modeltyp-geschlossen","26":"pa_status-beim-hersteller-verfuegbar","27":"pa_verfuegbarkeit-vorbestellbar","28":"pa_zustand_modell-1-brandneu","29":"pa_zustand_verpackung-1-brandneu","31":"first","32":"instock","33":"taxable","34":"shipping-taxable","35":"purchasable","36":"product-type-simple"},"jetpack_sharing_enabled":true,"_links":{"self":[{"href":"https:\/\/www.modelcars24.de\/es\/wp-json\/wp\/v2\/product\/49134","targetHints":{"allow":["GET"]}}],"collection":[{"href":"https:\/\/www.modelcars24.de\/es\/wp-json\/wp\/v2\/product"}],"about":[{"href":"https:\/\/www.modelcars24.de\/es\/wp-json\/wp\/v2\/types\/product"}],"replies":[{"embeddable":true,"href":"https:\/\/www.modelcars24.de\/es\/wp-json\/wp\/v2\/comments?post=49134"}],"version-history":[{"count":4,"href":"https:\/\/www.modelcars24.de\/es\/wp-json\/wp\/v2\/product\/49134\/revisions"}],"predecessor-version":[{"id":58763,"href":"https:\/\/www.modelcars24.de\/es\/wp-json\/wp\/v2\/product\/49134\/revisions\/58763"}],"wp:featuredmedia":[{"embeddable":true,"href":"https:\/\/www.modelcars24.de\/es\/wp-json\/wp\/v2\/media\/49138"}],"wp:attachment":[{"href":"https:\/\/www.modelcars24.de\/es\/wp-json\/wp\/v2\/media?parent=49134"}],"wp:term":[{"taxonomy":"product_brand","embeddable":true,"href":"https:\/\/www.modelcars24.de\/es\/wp-json\/wp\/v2\/product_brand?post=49134"},{"taxonomy":"product_cat","embeddable":true,"href":"https:\/\/www.modelcars24.de\/es\/wp-json\/wp\/v2\/product_cat?post=49134"},{"taxonomy":"product_tag","embeddable":true,"href":"https:\/\/www.modelcars24.de\/es\/wp-json\/wp\/v2\/product_tag?post=49134"}],"curies":[{"name":"wp","href":"https:\/\/api.w.org\/{rel}","templated":true}]}}