{"id":49260,"date":"2025-10-01T13:02:36","date_gmt":"2025-10-01T11:02:36","guid":{"rendered":"https:\/\/www.modelcars24.de\/?post_type=product&#038;p=49260"},"modified":"2026-03-13T19:27:56","modified_gmt":"2026-03-13T18:27:56","slug":"modelcars24-autentico-mercedes-targa-florio-1924-alfred-neubauer","status":"publish","type":"product","link":"https:\/\/www.modelcars24.de\/es\/modelcars24-authentic-mercedes-targa-florio-1924-alfred-neubauer\/","title":{"rendered":"modelcars24 autentico Mercedes Targa Florio 1924 Alfred Neubauer \/ Ernst Hemminger CMC M-186 - 1\/18"},"content":{"rendered":"<h3>modelcars24 aut\u00e9ntico Mercedes Targa Florio 1924 Alfred Neubauer \/ Ernst Hemminger CMC M-186<\/h3>\n<p class=\"\" data-start=\"184\" data-end=\"698\">Sicilia, abril de 1924.<br data-start=\"209\" data-end=\"212\" \/>Polvo en el aire, sudor en la frente, el ronco sonido de un motor compresor Mercedes resuena entre las monta\u00f1as. El coche se abre paso a trav\u00e9s de las estrechas curvas cerradas de la Targa Florio: despiadado, implacable, legendario. Al volante: el pionero de las carreras Alfred Neubauer. A su lado: el preciso navegante y t\u00e1ctico Ernst Hemminger. Juntos desaf\u00edan el calor brutal, la grava afilada y la locura de una de las carreras m\u00e1s duras de la \u00e9poca, por un lugar en el Olimpo del automovilismo.<\/p>\n<p class=\"\" data-start=\"700\" data-end=\"1130\">El modelcars24 Mercedes Targa Florio a escala 1:18 captura este momento como ning\u00fan otro modelo:<br data-start=\"806\" data-end=\"809\" \/>Con los neum\u00e1ticos cubiertos de polvo, el escape lleno de holl\u00edn y restos de gasolina en el tap\u00f3n del dep\u00f3sito. En el tubo de escape se aprecian signos de desgaste por subir y bajar de la moto. El viento se ha llevado parte del polvo del chasis; lo que queda es un acabado realista, como si el veh\u00edculo acabara de pasar por la l\u00ednea de meta.<\/p>\n<p>Un gran modelo de edici\u00f3n limitada, s\u00f3lo seis piezas, que intenta capturar el ambiente de las carreras de 1924. El modelo se entrega con un estuche expositor.<br \/>\nN\u00famero de art\u00edculo: Mcars-CMC-186<\/p>","protected":false},"excerpt":{"rendered":"<p>Mcars-CMC-186 - 1-nuevo - 899,00 \u20ac IVA incl. 19%<\/p>","protected":false},"featured_media":55106,"comment_status":"open","ping_status":"closed","template":"","meta":{"_acf_changed":false},"product_brand":[841],"product_cat":[918,18,19,20,21],"product_tag":[],"class_list":{"0":"post-49260","1":"product","2":"type-product","3":"status-publish","4":"has-post-thumbnail","6":"product_brand-modelcars24","7":"product_cat-authentic","8":"product_cat-cmc","9":"product_cat-mercedes-benz","10":"product_cat-titel","11":"product_cat-verfuegbar","12":"pa_automarke-alfa-romeo","13":"pa_decade-1930s","14":"pa_fahrzeugtyp-formel-1","15":"pa_farbe-rot","16":"pa_limitiert-ja","17":"pa_massstab-1-18","18":"pa_modelmarke-modelcars24","19":"pa_modeltyp-alles-zum-oeffnen","20":"pa_modeltyp-fertigmodell","21":"pa_verfuegbarkeit-sofort-verfuegbar","22":"pa_zustand_modell-1-brandneu","23":"pa_zustand_verpackung-1-brandneu","25":"first","26":"instock","27":"taxable","28":"shipping-taxable","29":"purchasable","30":"product-type-simple"},"acf":[],"jetpack_sharing_enabled":true,"_links":{"self":[{"href":"https:\/\/www.modelcars24.de\/es\/wp-json\/wp\/v2\/product\/49260","targetHints":{"allow":["GET"]}}],"collection":[{"href":"https:\/\/www.modelcars24.de\/es\/wp-json\/wp\/v2\/product"}],"about":[{"href":"https:\/\/www.modelcars24.de\/es\/wp-json\/wp\/v2\/types\/product"}],"replies":[{"embeddable":true,"href":"https:\/\/www.modelcars24.de\/es\/wp-json\/wp\/v2\/comments?post=49260"}],"version-history":[{"count":4,"href":"https:\/\/www.modelcars24.de\/es\/wp-json\/wp\/v2\/product\/49260\/revisions"}],"predecessor-version":[{"id":58764,"href":"https:\/\/www.modelcars24.de\/es\/wp-json\/wp\/v2\/product\/49260\/revisions\/58764"}],"wp:featuredmedia":[{"embeddable":true,"href":"https:\/\/www.modelcars24.de\/es\/wp-json\/wp\/v2\/media\/55106"}],"wp:attachment":[{"href":"https:\/\/www.modelcars24.de\/es\/wp-json\/wp\/v2\/media?parent=49260"}],"wp:term":[{"taxonomy":"product_brand","embeddable":true,"href":"https:\/\/www.modelcars24.de\/es\/wp-json\/wp\/v2\/product_brand?post=49260"},{"taxonomy":"product_cat","embeddable":true,"href":"https:\/\/www.modelcars24.de\/es\/wp-json\/wp\/v2\/product_cat?post=49260"},{"taxonomy":"product_tag","embeddable":true,"href":"https:\/\/www.modelcars24.de\/es\/wp-json\/wp\/v2\/product_tag?post=49260"}],"curies":[{"name":"wp","href":"https:\/\/api.w.org\/{rel}","templated":true}]}}