{"id":49762,"date":"2025-04-25T12:43:55","date_gmt":"2025-04-25T10:43:55","guid":{"rendered":"https:\/\/www.modelcars24.de\/?post_type=product&#038;p=49762"},"modified":"2025-12-17T14:23:06","modified_gmt":"2025-12-17T13:23:06","slug":"mr-collection-lamborghini-revuelto","status":"publish","type":"product","link":"https:\/\/www.modelcars24.de\/es\/mr-collection-lamborghini-revuelto\/","title":{"rendered":"MR Collection Lamborghini Revuelto - 1\/18"},"content":{"rendered":"<h3>Colecci\u00f3n MR Lamborghini Revuelto<\/h3>\n<p>Modelo de colecci\u00f3n de resina de alta calidad sobre placa base de cuero a escala 1:18<\/p>\n<p>Poco antes del 60 aniversario de la marca, Lamborghini present\u00f3 el Revuelto, el primer superdeportivo h\u00edbrido HPEV (High Performance Electrified Vehicle). Con el Revuelto, Lamborghini establece nuevos est\u00e1ndares en t\u00e9rminos de prestaciones, tecnolog\u00eda a bordo y placer de conducci\u00f3n. El Revuelto ofrece la m\u00e1xima emoci\u00f3n gracias a una cadena cinem\u00e1tica de 1.015 CV que combina la potencia de un motor de combusti\u00f3n interna de 12 cilindros totalmente nuevo con tres motores el\u00e9ctricos de alta compresi\u00f3n y una innovadora transmisi\u00f3n transversal de doble embrague. El poder de la hibridaci\u00f3n se aprovecha para elevar las prestaciones y la experiencia de conducci\u00f3n a niveles sin precedentes.<\/p>\n<p>N\u00famero de art\u00edculo: LAMBO058SE10<\/p>","protected":false},"excerpt":{"rendered":"<p>LAMBO058SE10 &#8211; preorder &#8211; anstatt 489,00 \u20ac jetzt 455,00 \u20ac inkl. 19% Vat<\/p>","protected":false},"featured_media":49767,"comment_status":"open","ping_status":"closed","template":"","meta":{"_acf_changed":false},"product_brand":[866],"product_cat":[300,301,262],"product_tag":[172,302,177,303,304,305,181],"class_list":{"0":"post-49762","1":"product","2":"type-product","3":"status-publish","4":"has-post-thumbnail","6":"product_brand-mrcollection","7":"product_cat-lamborghini","8":"product_cat-mr-collection","9":"product_cat-vorbestellbar","10":"product_tag-atelier","11":"product_tag-collection-models-118","12":"product_tag-ferrari-812","13":"product_tag-ferrari-812-competizione-rosso-red","14":"product_tag-ferrari-812-gts","15":"product_tag-legend-model-cars","16":"product_tag-mrcollection","17":"pa_automarke-ferrari","18":"pa_decade-2020s","19":"pa_fahrzeugtyp-cabrio","20":"pa_farbe-rot","21":"pa_limitiert-ja","22":"pa_massstab-1-18","23":"pa_modelmarke-mrcollection","24":"pa_modeltyp-fertigmodell","25":"pa_modeltyp-geschlossen","26":"pa_status-beim-hersteller-verfuegbar","27":"pa_verfuegbarkeit-vorbestellbar","28":"pa_zustand_modell-1-brandneu","29":"pa_zustand_verpackung-1-brandneu","31":"first","32":"instock","33":"sale","34":"taxable","35":"shipping-taxable","36":"purchasable","37":"product-type-simple"},"acf":[],"jetpack_sharing_enabled":true,"_links":{"self":[{"href":"https:\/\/www.modelcars24.de\/es\/wp-json\/wp\/v2\/product\/49762","targetHints":{"allow":["GET"]}}],"collection":[{"href":"https:\/\/www.modelcars24.de\/es\/wp-json\/wp\/v2\/product"}],"about":[{"href":"https:\/\/www.modelcars24.de\/es\/wp-json\/wp\/v2\/types\/product"}],"replies":[{"embeddable":true,"href":"https:\/\/www.modelcars24.de\/es\/wp-json\/wp\/v2\/comments?post=49762"}],"version-history":[{"count":4,"href":"https:\/\/www.modelcars24.de\/es\/wp-json\/wp\/v2\/product\/49762\/revisions"}],"predecessor-version":[{"id":58777,"href":"https:\/\/www.modelcars24.de\/es\/wp-json\/wp\/v2\/product\/49762\/revisions\/58777"}],"wp:featuredmedia":[{"embeddable":true,"href":"https:\/\/www.modelcars24.de\/es\/wp-json\/wp\/v2\/media\/49767"}],"wp:attachment":[{"href":"https:\/\/www.modelcars24.de\/es\/wp-json\/wp\/v2\/media?parent=49762"}],"wp:term":[{"taxonomy":"product_brand","embeddable":true,"href":"https:\/\/www.modelcars24.de\/es\/wp-json\/wp\/v2\/product_brand?post=49762"},{"taxonomy":"product_cat","embeddable":true,"href":"https:\/\/www.modelcars24.de\/es\/wp-json\/wp\/v2\/product_cat?post=49762"},{"taxonomy":"product_tag","embeddable":true,"href":"https:\/\/www.modelcars24.de\/es\/wp-json\/wp\/v2\/product_tag?post=49762"}],"curies":[{"name":"wp","href":"https:\/\/api.w.org\/{rel}","templated":true}]}}