{"id":49914,"date":"2025-06-06T13:26:22","date_gmt":"2025-06-06T11:26:22","guid":{"rendered":"https:\/\/www.modelcars24.de\/?post_type=product&#038;p=49914"},"modified":"2026-01-16T09:27:32","modified_gmt":"2026-01-16T08:27:32","slug":"amalgama-ferrari-laferrari-rojo-18","status":"publish","type":"product","link":"https:\/\/www.modelcars24.de\/es\/amalgam-ferrari-laferrari-red-18\/","title":{"rendered":"Amalgama Ferrari LaFerrari Rojo 1:8 - 1\/8"},"content":{"rendered":"<p>Amalgam Ferrari LaFerrari Rojo 1:8. Maqueta de coleccionista de alta calidad a escala 1:8<\/p>\n<ul>\n<li>Edici\u00f3n limitada de 499 ejemplares<\/li>\n<li>Se pueden construir modelos personalizados seg\u00fan las especificaciones del propietario<\/li>\n<li>Cada modelo est\u00e1 construido a mano y montado por un peque\u00f1o equipo de artesanos.<\/li>\n<li>Modelo a escala 1:8, m\u00e1s de 58 cm\/23 pulgadas de largo<\/li>\n<li>Fabricado con materiales de la m\u00e1xima calidad<\/li>\n<li>M\u00e1s de 3000 horas para desarrollar el modelo<\/li>\n<li>M\u00e1s de 300 horas para construir cada modelo<\/li>\n<li>Miles de piezas dise\u00f1adas con precisi\u00f3n: Piezas de fundici\u00f3n, fotograbados y componentes met\u00e1licos mecanizados por CNC.<\/li>\n<li>Construido utilizando dise\u00f1os CAD, c\u00f3digos de color y especificaciones de materiales originales de Ferrari.<\/li>\n<\/ul>\n<p>El LaFerrari, el primer coche de producci\u00f3n de Ferrari equipado con un sistema h\u00edbrido, fue el proyecto m\u00e1s ambicioso de Maranello hasta la fecha y super\u00f3 los l\u00edmites de la tecnolog\u00eda de los coches de calle. \u201eLaFerrari\u201c represent\u00f3 la mejor expresi\u00f3n de la destreza t\u00e9cnica de Ferrari tanto en GT como en F\u00f3rmula 1, con las prestaciones m\u00e1s extremas jam\u00e1s alcanzadas por un Ferrari de calle, y su impacto todav\u00eda se siente hoy en el resto de la gama Ferrari. Producido para s\u00f3lo 499 clientes muy exigentes, el LaFerrari sigue los famosos pasos de sus predecesores de edici\u00f3n limitada -el 288 GTO, el F40, el F50 y el Enzo- y recuerda mucho a los grandes Ferrari del pasado, como el 330 P4 y el 312P.<\/p>\n<p>El sistema h\u00edbrido derivado de la F1, conocido como sistema HY-KERS, combinaba a la perfecci\u00f3n un rendimiento extremo con la m\u00e1xima eficiencia y era m\u00e1s avanzado y complejo que el sistema KERS utilizado por los coches de F\u00f3rmula 1 de la Scuderia. El motor de combusti\u00f3n V12 atmosf\u00e9rico de 6,3 litros, ya la encarnaci\u00f3n m\u00e1s potente del cl\u00e1sico V12 de Ferrari hasta la fecha, se combinaba con un motor el\u00e9ctrico de 150 CV para producir la asombrosa cifra de 960 CV. Este motor el\u00e9ctrico ofrece una potencia ininterrumpida en toda la gama de revoluciones y un par m\u00e1ximo de m\u00e1s de 900 Nm. La cadena cinem\u00e1tica combinada se dise\u00f1\u00f3 para ofrecer una potencia m\u00e1xima constante durante la conducci\u00f3n, por lo que no era necesario activar un modo el\u00e9ctrico independiente. En su lugar, las unidades de combusti\u00f3n y el\u00e9ctricas trabajaban en perfecta armon\u00eda en todo momento, con la energ\u00eda recogida a trav\u00e9s de una variedad de sistemas, incluyendo el control de frenado y tracci\u00f3n, y almacenada en un paquete de bater\u00edas de 132 libras. Este sistema h\u00edbrido aceler\u00f3 el LaFerrari hasta 200 km\/h en menos de siete segundos y alcanz\u00f3 una velocidad m\u00e1xima de 349 km\/h, convirti\u00e9ndolo en el Ferrari de calle m\u00e1s r\u00e1pido de la historia de la marca. La caja de cambios F1 de doble embrague y siete velocidades se acopl\u00f3 al motor el\u00e9ctrico y un motor el\u00e9ctrico adicional sustituy\u00f3 al alternador convencional, ahorrando peso y reduciendo el tama\u00f1o de la unidad.<\/p>\n<p>La arquitectura del LaFerrari represent\u00f3 la cumbre de la innovaci\u00f3n, incluso para los legendarios est\u00e1ndares de Ferrari. Los ingenieros de Maranello lograron una mayor eficiencia aerodin\u00e1mica, una distribuci\u00f3n ideal del peso y un centro de gravedad m\u00e1s bajo, todo ello en una elegante carrocer\u00eda fabricada con cuatro tipos diferentes de fibra de carbono. La carrocer\u00eda curvada, dise\u00f1ada \u00edntegramente por el dise\u00f1ador jefe de Ferrari, Flavio Manzoni, incorporaba tecnolog\u00eda aerodin\u00e1mica y muchos elementos de estilo claramente inspirados en el programa de F\u00f3rmula 1 de Ferrari, como el splitter delantero, y en los coches de competici\u00f3n GT, como el aler\u00f3n trasero y los faros antiniebla. El aler\u00f3n trasero y los bajos eran componentes clave del paquete de aerodin\u00e1mica activa, que se desplegaba y replegaba en respuesta a la velocidad del veh\u00edculo, el frenado, la posici\u00f3n del acelerador y el \u00e1ngulo de giro de la direcci\u00f3n.<\/p>\n<p>Este fino modelo a escala 1:18 del Ferrari LaFerrari ha sido fabricado y acabado a mano en nuestros talleres utilizando CAD directo de la oficina de dise\u00f1o de Ferrari, lo que nos permite reproducir perfectamente cada detalle a escala. Por \u00faltimo, el modelo prototipo ha sido sometido a pruebas detalladas por los equipos de ingenier\u00eda y dise\u00f1o de Ferrari para garantizar la total exactitud de la representaci\u00f3n.<\/p>\n<p>N\u00famero de art\u00edculo: M5712<\/p>\n<p>1-nuevo<\/p>","protected":false},"excerpt":{"rendered":"<p>M-5712 &#8211; 1-brandneu &#8211; anstatt 17995,00 \u20ac jetzt 12500,00 \u20ac inkl. 19% Vat<\/p>","protected":false},"featured_media":49929,"comment_status":"open","ping_status":"closed","template":"","meta":{"_acf_changed":false},"product_brand":[864],"product_cat":[286,63,45,21],"product_tag":[288,209,202],"class_list":{"0":"post-49914","1":"product","2":"type-product","3":"status-publish","4":"has-post-thumbnail","6":"product_brand-amalgam","7":"product_cat-amalgam","8":"product_cat-ferrari","9":"product_cat-neuzugang","10":"product_cat-verfuegbar","11":"product_tag-amalgam","12":"product_tag-ferrari","13":"product_tag-verfuegbar","14":"pa_automarke-ferrari","15":"pa_decade-2000s","16":"pa_fahrzeugtyp-coupe","17":"pa_farbe-rot","18":"pa_limitiert-ja","19":"pa_massstab-1-18","20":"pa_modelmarke-amalgam","21":"pa_modeltyp-fertigmodell","22":"pa_modeltyp-geschlossen","23":"pa_status-beim-hersteller-verfuegbar","24":"pa_verfuegbarkeit-5-tage-lieferzeit","25":"pa_zustand_modell-2-neuwertig","26":"pa_zustand_verpackung-2-neuwertig","28":"first","29":"instock","30":"taxable","31":"shipping-taxable","32":"purchasable","33":"product-type-simple"},"acf":[],"jetpack_sharing_enabled":true,"_links":{"self":[{"href":"https:\/\/www.modelcars24.de\/es\/wp-json\/wp\/v2\/product\/49914","targetHints":{"allow":["GET"]}}],"collection":[{"href":"https:\/\/www.modelcars24.de\/es\/wp-json\/wp\/v2\/product"}],"about":[{"href":"https:\/\/www.modelcars24.de\/es\/wp-json\/wp\/v2\/types\/product"}],"replies":[{"embeddable":true,"href":"https:\/\/www.modelcars24.de\/es\/wp-json\/wp\/v2\/comments?post=49914"}],"version-history":[{"count":5,"href":"https:\/\/www.modelcars24.de\/es\/wp-json\/wp\/v2\/product\/49914\/revisions"}],"predecessor-version":[{"id":59590,"href":"https:\/\/www.modelcars24.de\/es\/wp-json\/wp\/v2\/product\/49914\/revisions\/59590"}],"wp:featuredmedia":[{"embeddable":true,"href":"https:\/\/www.modelcars24.de\/es\/wp-json\/wp\/v2\/media\/49929"}],"wp:attachment":[{"href":"https:\/\/www.modelcars24.de\/es\/wp-json\/wp\/v2\/media?parent=49914"}],"wp:term":[{"taxonomy":"product_brand","embeddable":true,"href":"https:\/\/www.modelcars24.de\/es\/wp-json\/wp\/v2\/product_brand?post=49914"},{"taxonomy":"product_cat","embeddable":true,"href":"https:\/\/www.modelcars24.de\/es\/wp-json\/wp\/v2\/product_cat?post=49914"},{"taxonomy":"product_tag","embeddable":true,"href":"https:\/\/www.modelcars24.de\/es\/wp-json\/wp\/v2\/product_tag?post=49914"}],"curies":[{"name":"wp","href":"https:\/\/api.w.org\/{rel}","templated":true}]}}