{"id":49931,"date":"2025-04-30T13:36:05","date_gmt":"2025-04-30T11:36:05","guid":{"rendered":"https:\/\/www.modelcars24.de\/?post_type=product&#038;p=49931"},"modified":"2025-12-10T13:38:10","modified_gmt":"2025-12-10T12:38:10","slug":"amalgama-ferrari-458-spider-2","status":"publish","type":"product","link":"https:\/\/www.modelcars24.de\/es\/amalgam-ferrari-458-spider\/","title":{"rendered":"Amalgam Ferrari 458 Spider (2011) | Edici\u00f3n limitada 1:8 - 1\/18"},"content":{"rendered":"<p>Amalgam Ferrari LaFerrari Rojo 1:8. Maqueta de coleccionista de alta calidad a escala 1:8<\/p>\n<p>El 458 Spider se basa en gran medida en su ruidoso y expresivo hermano, el 458 Italia. Es el primer descapotable con motor central que tiene un techo plegable totalmente met\u00e1lico. Seg\u00fan el gigante de Maranello, se trata de una primicia mundial. El techo puede cerrarse en 14 segundos. Un comportamiento en carretera significativamente peor y una aerodin\u00e1mica reducida son quiz\u00e1s normales en un Spider o en una versi\u00f3n \u201eabierta\u201c de cualquier coche. Pero este no era claramente el caso del 458 Spider. Al parecer, s\u00f3lo fue 0,5 segundos m\u00e1s lento en la pista de pruebas de Ferrari en Fiorano.<\/p>\n<p>Este Ferrari con motor V8 atmosf\u00e9rico de 4,5 litros tiene un comportamiento sensacional en la direcci\u00f3n, agarre lateral y estabilidad en las curvas. La revista Autocar escribi\u00f3: \u201eEscuchar el motor de 4,5 litros a 9.000 rpm es como o\u00edr rugir al Todopoderoso a trav\u00e9s de un peri\u00f3dico enrollado\u201c. Este modelo a escala 1:8 del Ferrari 458 Spider se ha fabricado a mano en nuestros talleres. Contamos con la amable colaboraci\u00f3n de la propia Ferrari en cuanto a pintura original, materiales y datos CAD. Adem\u00e1s, el modelo fue examinado por los equipos t\u00e9cnicos y de dise\u00f1o de Ferrari para garantizar la total exactitud de la representaci\u00f3n.<\/p>\n<p>N\u00famero de art\u00edculo: M5491<\/p>\n<p>1-nuevo<\/p>","protected":false},"excerpt":{"rendered":"<p>M-5491 &#8211; Sonderpreis auf Anfrage &#8211; Special price on request<\/p>","protected":false},"featured_media":49938,"comment_status":"open","ping_status":"closed","template":"","meta":[],"product_brand":[864],"product_cat":[286,63,45,21],"product_tag":[288,209,202],"class_list":{"0":"post-49931","1":"product","2":"type-product","3":"status-publish","4":"has-post-thumbnail","6":"product_brand-amalgam","7":"product_cat-amalgam","8":"product_cat-ferrari","9":"product_cat-neuzugang","10":"product_cat-verfuegbar","11":"product_tag-amalgam","12":"product_tag-ferrari","13":"product_tag-verfuegbar","14":"pa_automarke-ferrari","15":"pa_decade-2000s","16":"pa_fahrzeugtyp-coupe","17":"pa_farbe-rot","18":"pa_limitiert-ja","19":"pa_massstab-1-18","20":"pa_modelmarke-amalgam","21":"pa_modeltyp-fertigmodell","22":"pa_modeltyp-geschlossen","23":"pa_status-beim-hersteller-verfuegbar","24":"pa_verfuegbarkeit-5-tage-lieferzeit","25":"pa_zustand_modell-2-neuwertig","26":"pa_zustand_verpackung-2-neuwertig","28":"first","29":"instock","30":"taxable","31":"shipping-taxable","32":"purchasable","33":"product-type-simple"},"jetpack_sharing_enabled":true,"_links":{"self":[{"href":"https:\/\/www.modelcars24.de\/es\/wp-json\/wp\/v2\/product\/49931","targetHints":{"allow":["GET"]}}],"collection":[{"href":"https:\/\/www.modelcars24.de\/es\/wp-json\/wp\/v2\/product"}],"about":[{"href":"https:\/\/www.modelcars24.de\/es\/wp-json\/wp\/v2\/types\/product"}],"replies":[{"embeddable":true,"href":"https:\/\/www.modelcars24.de\/es\/wp-json\/wp\/v2\/comments?post=49931"}],"version-history":[{"count":4,"href":"https:\/\/www.modelcars24.de\/es\/wp-json\/wp\/v2\/product\/49931\/revisions"}],"predecessor-version":[{"id":58783,"href":"https:\/\/www.modelcars24.de\/es\/wp-json\/wp\/v2\/product\/49931\/revisions\/58783"}],"wp:featuredmedia":[{"embeddable":true,"href":"https:\/\/www.modelcars24.de\/es\/wp-json\/wp\/v2\/media\/49938"}],"wp:attachment":[{"href":"https:\/\/www.modelcars24.de\/es\/wp-json\/wp\/v2\/media?parent=49931"}],"wp:term":[{"taxonomy":"product_brand","embeddable":true,"href":"https:\/\/www.modelcars24.de\/es\/wp-json\/wp\/v2\/product_brand?post=49931"},{"taxonomy":"product_cat","embeddable":true,"href":"https:\/\/www.modelcars24.de\/es\/wp-json\/wp\/v2\/product_cat?post=49931"},{"taxonomy":"product_tag","embeddable":true,"href":"https:\/\/www.modelcars24.de\/es\/wp-json\/wp\/v2\/product_tag?post=49931"}],"curies":[{"name":"wp","href":"https:\/\/api.w.org\/{rel}","templated":true}]}}