{"id":50160,"date":"2026-02-07T14:38:49","date_gmt":"2026-02-07T13:38:49","guid":{"rendered":"https:\/\/www.modelcars24.de\/?post_type=product&#038;p=50160"},"modified":"2026-04-14T19:50:30","modified_gmt":"2026-04-14T17:50:30","slug":"gt-spirit-porsche-911-964-turbo-s-amarillo-1994-18","status":"publish","type":"product","link":"https:\/\/www.modelcars24.de\/es\/gt-spirit-porsche-911-964-turbo-s-gelb-1994-18\/","title":{"rendered":"GT Spirit Porsche 911 964 Turbo S amarillo 1994 1:8 - 1\/8"},"content":{"rendered":"<h3>GT Spirit Porsche 911 964 Turbo S gelb 1994 1:8<\/h3>\n<p>Entdecken Sie das beeindruckende Modellauto im Ma\u00dfstab 1:8 \u2013 den Porsche 911 [964] Turbo S Yellow 1994! Dieses exklusive XXL-Modell bringt die legend\u00e4re Sportwagen-Ikone mit au\u00dfergew\u00f6hnlicher Detailtreue direkt zu Ihnen nach Hause. Die leuchtend gelbe Lackierung und die hochwertige Verarbeitung machen es zu einem echten Blickfang f\u00fcr Sammler und Autoliebhaber gleicherma\u00dfen.<\/p>\n<p>Die R\u00fcckkehr der Modelle im Ma\u00dfstab 1:8 und 1:12 markiert einen bedeutenden Meilenstein in unserer Leidenschaft f\u00fcr Miniaturen. Neben unseren bew\u00e4hrten 1:18-Modellen pr\u00e4sentieren wir stolz gr\u00f6\u00dfere, noch detailliertere und beeindruckendere Formate, die die Faszination automobiler Ikonen auf ein neues Level heben.<\/p>\n<p>Tauchen Sie ein in die Welt der automobilen Meisterwerke und sichern Sie sich dieses au\u00dfergew\u00f6hnliche Modellauto \u2013 ein echtes Sammlerst\u00fcck f\u00fcr alle, die das Besondere sch\u00e4tzen!<\/p>\n<p>Artikelnummer: GTS801601<\/p>\n","protected":false},"excerpt":{"rendered":"<p>GTS801701 &#8211; 1-brandneu- anstatt 1190,00 \u20ac jetzt 1160,00 \u20ac inkl. 19% Vat<\/p>","protected":false},"featured_media":62607,"comment_status":"open","ping_status":"closed","template":"","meta":[],"product_brand":[861],"product_cat":[436,242,56,21],"product_tag":[172,173,269,175,270,181,182],"class_list":{"0":"post-50160","1":"product","2":"type-product","3":"status-publish","4":"has-post-thumbnail","6":"product_brand-hc","7":"product_cat-gt-spirit","8":"product_cat-mclaren","9":"product_cat-porsche","10":"product_cat-verfuegbar","11":"product_tag-atelier","12":"product_tag-bbr","13":"product_tag-bbr-ferrari-250-lusso-red","14":"product_tag-competizione","15":"product_tag-ferrari-250-lusso-1963-118","16":"product_tag-mrcollection","17":"product_tag-perfectly-embodies-ferraris","18":"product_shipping_class-sperrgut","19":"pa_automarke-porsche","20":"pa_decade-2020s","21":"pa_fahrzeugtyp-coupe","22":"pa_farbe-rot","23":"pa_limitiert-ja","24":"pa_massstab-1-8","25":"pa_modeltyp-fertigmodell","26":"pa_modeltyp-geschlossen","27":"pa_status-beim-hersteller-verfuegbar","28":"pa_verfuegbarkeit-vorbestellbar","29":"pa_zustand_modell-1-brandneu","30":"pa_zustand_verpackung-1-brandneu","32":"first","33":"instock","34":"sale","35":"taxable","36":"shipping-taxable","37":"purchasable","38":"product-type-simple"},"jetpack_sharing_enabled":true,"_links":{"self":[{"href":"https:\/\/www.modelcars24.de\/es\/wp-json\/wp\/v2\/product\/50160","targetHints":{"allow":["GET"]}}],"collection":[{"href":"https:\/\/www.modelcars24.de\/es\/wp-json\/wp\/v2\/product"}],"about":[{"href":"https:\/\/www.modelcars24.de\/es\/wp-json\/wp\/v2\/types\/product"}],"replies":[{"embeddable":true,"href":"https:\/\/www.modelcars24.de\/es\/wp-json\/wp\/v2\/comments?post=50160"}],"version-history":[{"count":6,"href":"https:\/\/www.modelcars24.de\/es\/wp-json\/wp\/v2\/product\/50160\/revisions"}],"predecessor-version":[{"id":60514,"href":"https:\/\/www.modelcars24.de\/es\/wp-json\/wp\/v2\/product\/50160\/revisions\/60514"}],"wp:featuredmedia":[{"embeddable":true,"href":"https:\/\/www.modelcars24.de\/es\/wp-json\/wp\/v2\/media\/62607"}],"wp:attachment":[{"href":"https:\/\/www.modelcars24.de\/es\/wp-json\/wp\/v2\/media?parent=50160"}],"wp:term":[{"taxonomy":"product_brand","embeddable":true,"href":"https:\/\/www.modelcars24.de\/es\/wp-json\/wp\/v2\/product_brand?post=50160"},{"taxonomy":"product_cat","embeddable":true,"href":"https:\/\/www.modelcars24.de\/es\/wp-json\/wp\/v2\/product_cat?post=50160"},{"taxonomy":"product_tag","embeddable":true,"href":"https:\/\/www.modelcars24.de\/es\/wp-json\/wp\/v2\/product_tag?post=50160"}],"curies":[{"name":"wp","href":"https:\/\/api.w.org\/{rel}","templated":true}]}}