{"id":5074,"date":"2025-09-01T17:10:31","date_gmt":"2025-09-01T15:10:31","guid":{"rendered":"https:\/\/www.modelcars24.de\/?post_type=product&#038;p=5074"},"modified":"2025-12-10T13:25:36","modified_gmt":"2025-12-10T12:25:36","slug":"cmc-ferrari-250-gt-swb-competizione","status":"publish","type":"product","link":"https:\/\/www.modelcars24.de\/es\/cmc-ferrari-250-gt-swb-competizione\/","title":{"rendered":"CMC Ferrari 250 GT, SWB Competizione, #14, 1961 - 1\/18"},"content":{"rendered":"<h3>CMC Ferrari 250 GT SWB Competizione, #14, 1961<\/h3>\n<div>\n<ul>\n<li>Modelo met\u00e1lico de precisi\u00f3n ensamblado a mano con m\u00e1s de 1.100 piezas<\/li>\n<li>Aut\u00e9ntica carrocer\u00eda moldeada a escala real con pintura brillante<\/li>\n<li>Cap\u00f3 y maletero abatibles<\/li>\n<li>Motor de doce cilindros en V muy detallado con tuber\u00edas y cableado completos<\/li>\n<\/ul>\n<\/div>\n<div>\n<p>Caracter\u00edsticas distintivas en comparaci\u00f3n con la versi\u00f3n de carretera CMC<\/p>\n<ul>\n<li>Pintura gris plateada con rayas verticales azules<\/li>\n<li>N\u00fameros de inicio en el proceso de tampograf\u00eda<\/li>\n<li>Sin parachoques<\/li>\n<li>Tomas de aire delanteras adicionales para refrigerar los frenos de disco delanteros<\/li>\n<li>Deflector de insectos en el cap\u00f3<\/li>\n<li>Iluminaci\u00f3n conmutable del n\u00famero de salida en la tapa del maletero y de la luz roja de se\u00f1alizaci\u00f3n en el guardabarros trasero derecho para anunciar una parada en boxes.<\/li>\n<li>Pasos de rueda traseros ensanchados<\/li>\n<li>Llantas m\u00e1s grandes delante y detr\u00e1s - Guardabarros en los pasos de rueda traseros<\/li>\n<li>Sistema de escape revisado con tubos de escape SNAP cromados y placa protectora sobre el tubo de escape doble izquierdo.<\/li>\n<li>Dep\u00f3sito de competici\u00f3n m\u00f3vil - cierre r\u00e1pido sin tapa de llenado de combustible<\/li>\n<li>Salpicadero con superficie lacada retr\u00e1ctil negra<\/li>\n<li>Puertas con revestimiento lateral abierto sin accionamiento de manivela de ventana<\/li>\n<li>Maletero remodelado con dep\u00f3sito ampliado y rueda de repuesto<\/li>\n<li>Sistema de carburador con embudos de admisi\u00f3n abiertos y colector de aire<\/li>\n<li>Conjunto de suelo con placas de cubierta<\/li>\n<li>Horquillas de elevaci\u00f3n delantera y trasera<\/li>\n<\/ul>\n<\/div>\n<h4>Descripci\u00f3n del veh\u00edculo original:<\/h4>\n<div>\u00danico en su clase. El grandioso ganador de Le Mans en 1961. Cuando se menciona el nombre \u201eFerrari\u201c, los ojos de los entusiastas del autom\u00f3vil se iluminan. Los Berlinetta, en particular, siguen siendo legendarios a d\u00eda de hoy. Desde mediados de los a\u00f1os 50 hasta principios de los 60, el 250 GT domin\u00f3 la categor\u00eda de los grandes GT, primero con batalla larga y, desde 1959 hasta el cese de su producci\u00f3n en 1962, con batalla corta. Un famoso representante de la versi\u00f3n de carreras \u201eCompetizione\u201c es el Berlinetta gris plateado con el n\u00famero de chasis 2689. Terminado el 30 de mayo de 1961, el GT de carreras con sus llamativas rayas azules Gordini-French particip\u00f3 en las famosas 24 Horas de Le Mans s\u00f3lo once d\u00edas despu\u00e9s con el n\u00famero de salida 14. El equipo de pilotos formado por Jean Guichet \/ Pierre Noblet no s\u00f3lo consigui\u00f3 una magn\u00edfica victoria en la clase GT, sino que tambi\u00e9n logr\u00f3 un sensacional tercer puesto en la clasificaci\u00f3n general de todos los veh\u00edculos participantes.<\/div>\n<p>N\u00famero de art\u00edculo: M-079<\/p>\n<p>En perfecto estado con todos los accesorios.<\/p>","protected":false},"excerpt":{"rendered":"<p>M-079 &#8211; -2-neuwertig &#8211; 550,00 \u20ac<\/p>","protected":false},"featured_media":41975,"comment_status":"open","ping_status":"closed","template":"","meta":{"_acf_changed":false},"product_brand":[537],"product_cat":[18,63,45,136,21],"product_tag":[],"class_list":{"0":"post-5074","1":"product","2":"type-product","3":"status-publish","4":"has-post-thumbnail","6":"product_brand-cmc","7":"product_cat-cmc","8":"product_cat-ferrari","9":"product_cat-neuzugang","10":"product_cat-raritaet","11":"product_cat-verfuegbar","12":"pa_automarke-ferrari","13":"pa_decade-1960s","14":"pa_fahrzeugtyp-coupe","15":"pa_farbe-silber","16":"pa_limitiert-ja","17":"pa_massstab-1-18","18":"pa_modelmarke-cmc","19":"pa_modeltyp-alles-zum-oeffnen","20":"pa_modeltyp-fertigmodell","21":"pa_status-beim-hersteller-ausverkauft","22":"pa_verfuegbarkeit-sofort-verfuegbar","23":"pa_zustand_modell-2-neuwertig","24":"pa_zustand_verpackung-3-gebraucht","26":"first","27":"outofstock","28":"purchasable","29":"product-type-simple"},"acf":[],"jetpack_sharing_enabled":true,"_links":{"self":[{"href":"https:\/\/www.modelcars24.de\/es\/wp-json\/wp\/v2\/product\/5074","targetHints":{"allow":["GET"]}}],"collection":[{"href":"https:\/\/www.modelcars24.de\/es\/wp-json\/wp\/v2\/product"}],"about":[{"href":"https:\/\/www.modelcars24.de\/es\/wp-json\/wp\/v2\/types\/product"}],"replies":[{"embeddable":true,"href":"https:\/\/www.modelcars24.de\/es\/wp-json\/wp\/v2\/comments?post=5074"}],"version-history":[{"count":5,"href":"https:\/\/www.modelcars24.de\/es\/wp-json\/wp\/v2\/product\/5074\/revisions"}],"predecessor-version":[{"id":57531,"href":"https:\/\/www.modelcars24.de\/es\/wp-json\/wp\/v2\/product\/5074\/revisions\/57531"}],"wp:featuredmedia":[{"embeddable":true,"href":"https:\/\/www.modelcars24.de\/es\/wp-json\/wp\/v2\/media\/41975"}],"wp:attachment":[{"href":"https:\/\/www.modelcars24.de\/es\/wp-json\/wp\/v2\/media?parent=5074"}],"wp:term":[{"taxonomy":"product_brand","embeddable":true,"href":"https:\/\/www.modelcars24.de\/es\/wp-json\/wp\/v2\/product_brand?post=5074"},{"taxonomy":"product_cat","embeddable":true,"href":"https:\/\/www.modelcars24.de\/es\/wp-json\/wp\/v2\/product_cat?post=5074"},{"taxonomy":"product_tag","embeddable":true,"href":"https:\/\/www.modelcars24.de\/es\/wp-json\/wp\/v2\/product_tag?post=5074"}],"curies":[{"name":"wp","href":"https:\/\/api.w.org\/{rel}","templated":true}]}}