{"id":5076,"date":"2021-12-01T17:10:31","date_gmt":"2021-12-01T16:10:31","guid":{"rendered":"http:\/\/www.mondo-legno.com\/?post_type=product&#038;p=5076"},"modified":"2025-12-10T13:25:37","modified_gmt":"2025-12-10T12:25:37","slug":"cmc-mercedes-benz-300d-2","status":"publish","type":"product","link":"https:\/\/www.modelcars24.de\/es\/cmc-mercedes-benz-300d-2\/","title":{"rendered":"CMC Mercedes-Benz 300d, 1958\/62 - 1\/24"},"content":{"rendered":"<h3>CMC Mercedes-Benz 300d, 1958\/62<\/h3>\n<div>\n<ul>\n<li>Dise\u00f1o detallado del motor<\/li>\n<li>Ruedas delanteras direccionales<\/li>\n<li>Cap\u00f3, puertas, maletero y tapa del dep\u00f3sito abatibles<\/li>\n<li>Toldo con cubierta de tela real (no m\u00f3vil)<\/li>\n<li>Eje trasero y ruedas delanteras con suspensi\u00f3n<\/li>\n<li>Rejilla del radiador con montantes de acero inoxidable insertados a mano y rejilla de metal aut\u00e9ntico<\/li>\n<li>Parachoques de metal macizo<\/li>\n<li>Herrajes antipiedras de acero inoxidable en los guardabarros traseros<\/li>\n<li>Umbrales de puerta con molduras met\u00e1licas e inserciones de goma dura<\/li>\n<li>Todas las molduras decorativas de dise\u00f1o met\u00e1lico, empotradas<\/li>\n<li>Asientos y revestimientos interiores de cuero aut\u00e9ntico<\/li>\n<li>Salpicadero como r\u00e9plica de madera aut\u00e9ntica<\/li>\n<li>Respaldo del asiento delantero abatible y reposabrazos central abatible en la banqueta trasera<\/li>\n<\/ul>\n<\/div>\n<h4>Descripci\u00f3n del veh\u00edculo original Mercedes-Benz 300d:<\/h4>\n<div>En abril de 1951, Daimler-Benz present\u00f3 en la IAA de Frankfurt el Type 300, el autom\u00f3vil alem\u00e1n de serie m\u00e1s grande y r\u00e1pido de la \u00e9poca.<br \/>\nYa entonces, este modelo era el veh\u00edculo preferido de las celebridades del mundo de la pol\u00edtica, los negocios y el cine. El Presidente Federal Theodor Heuss y el Ministro de Econom\u00eda Ludwig Erhard fueron ch\u00f3feres del 300. Sin embargo, el veh\u00edculo se hizo famoso como el \u201eMercedes Adenauer\u201c, ya que el primer canciller de Alemania conced\u00eda gran importancia a que le llevaran en un Mercedes-Benz 300.<br \/>\nEl primer 300 de Adenauer, de 1951, puede admirarse hoy en la \u201eCasa de la Historia\u201c de Bonn, y su \u00faltimo coche, de 1955, en el Museo Mercedes-Benz.<br \/>\nEn agosto de 1957, el Mercedes-Benz Tipo 300 se lanz\u00f3 al mercado como la versi\u00f3n modernizada 300d, que tambi\u00e9n estuvo disponible como Cabriolet D a partir de julio de 1958.<\/div>\n<p>N\u00famero de art\u00edculo: M-026-1-5337<\/p>","protected":false},"excerpt":{"rendered":"<p>Mercedes-Benz 300d, coche modelo 1958\/62, M-026, de CMC, ahora disponible en www.modelcars24.de<\/p>","protected":false},"featured_media":45229,"comment_status":"open","ping_status":"closed","template":"","meta":{"_acf_changed":false},"product_brand":[537],"product_cat":[18,19,45,136,21],"product_tag":[],"class_list":{"0":"post-5076","1":"product","2":"type-product","3":"status-publish","4":"has-post-thumbnail","6":"product_brand-cmc","7":"product_cat-cmc","8":"product_cat-mercedes-benz","9":"product_cat-neuzugang","10":"product_cat-raritaet","11":"product_cat-verfuegbar","12":"pa_automarke-mercedes","13":"pa_decade-1950s","14":"pa_fahrzeugtyp-cabrio","15":"pa_farbe-gruen","16":"pa_limitiert-nein","17":"pa_massstab-1-24","18":"pa_modelmarke-cmc","19":"pa_modeltyp-alles-zum-oeffnen","20":"pa_modeltyp-fertigmodell","21":"pa_status-beim-hersteller-ausverkauft","22":"pa_verfuegbarkeit-sofort-verfuegbar","23":"pa_zustand_modell-2-neuwertig","24":"pa_zustand_verpackung-ohne","26":"first","27":"outofstock","28":"purchasable","29":"product-type-simple"},"acf":[],"jetpack_sharing_enabled":true,"_links":{"self":[{"href":"https:\/\/www.modelcars24.de\/es\/wp-json\/wp\/v2\/product\/5076","targetHints":{"allow":["GET"]}}],"collection":[{"href":"https:\/\/www.modelcars24.de\/es\/wp-json\/wp\/v2\/product"}],"about":[{"href":"https:\/\/www.modelcars24.de\/es\/wp-json\/wp\/v2\/types\/product"}],"replies":[{"embeddable":true,"href":"https:\/\/www.modelcars24.de\/es\/wp-json\/wp\/v2\/comments?post=5076"}],"version-history":[{"count":3,"href":"https:\/\/www.modelcars24.de\/es\/wp-json\/wp\/v2\/product\/5076\/revisions"}],"predecessor-version":[{"id":57533,"href":"https:\/\/www.modelcars24.de\/es\/wp-json\/wp\/v2\/product\/5076\/revisions\/57533"}],"wp:featuredmedia":[{"embeddable":true,"href":"https:\/\/www.modelcars24.de\/es\/wp-json\/wp\/v2\/media\/45229"}],"wp:attachment":[{"href":"https:\/\/www.modelcars24.de\/es\/wp-json\/wp\/v2\/media?parent=5076"}],"wp:term":[{"taxonomy":"product_brand","embeddable":true,"href":"https:\/\/www.modelcars24.de\/es\/wp-json\/wp\/v2\/product_brand?post=5076"},{"taxonomy":"product_cat","embeddable":true,"href":"https:\/\/www.modelcars24.de\/es\/wp-json\/wp\/v2\/product_cat?post=5076"},{"taxonomy":"product_tag","embeddable":true,"href":"https:\/\/www.modelcars24.de\/es\/wp-json\/wp\/v2\/product_tag?post=5076"}],"curies":[{"name":"wp","href":"https:\/\/api.w.org\/{rel}","templated":true}]}}