{"id":51686,"date":"2025-06-11T12:23:41","date_gmt":"2025-06-11T10:23:41","guid":{"rendered":"https:\/\/www.modelcars24.de\/?post_type=product&#038;p=51686"},"modified":"2026-04-28T10:05:11","modified_gmt":"2026-04-28T08:05:11","slug":"bbr-alfa-romeo-33-stradale-arancione","status":"publish","type":"product","link":"https:\/\/www.modelcars24.de\/es\/bbr-alfa-romeo-33-stradale-arancione\/","title":{"rendered":"BBR Alfa Romeo 33 Stradale Arancione - 1\/18"},"content":{"rendered":"<p>BBR Alfa Romeo 33 Stradale Arancione. Modelo de coleccionista de alta calidad a escala 1:18, sin cap\u00f3 acr\u00edlico y con embalaje exterior gris en lugar de negro.<br \/>\nInspirado en el legendario icono de Alfa Romeo de 1967 del mismo nombre, el 33 Stradale 2023 est\u00e1 experimentando un renacimiento, revitalizando uno de los coches m\u00e1s deseados de todos los tiempos y llev\u00e1ndolo hacia el futuro. Se produjeron s\u00f3lo 33 ejemplares y -uno de sus puntos fuertes- ofrece a los clientes la m\u00e1xima libertad para personalizar su veh\u00edculo en estrecha colaboraci\u00f3n con la \u201eBottega\u201c de talentosos artesanos Alfa Romeo. En estrecha colaboraci\u00f3n con el Centro Stile Alfa Romeo, BBR presenta un autom\u00f3vil, una obra maestra del dise\u00f1o y la ingenier\u00eda que por fin se hace realidad.<\/p>\n<p>N\u00famero de art\u00edculo: P18264C<\/p>\n<p>A1-nuevo con cap\u00f3 acr\u00edlico<\/p>","protected":false},"excerpt":{"rendered":"<p>P18264C &#8211; preorder &#8211; anstatt 467,00 \u20ac jetzt 420,00 \u20ac inkl. 19% Vat<\/p>","protected":false},"featured_media":51668,"comment_status":"closed","ping_status":"closed","template":"","meta":{"_acf_changed":false},"product_brand":[851],"product_cat":[100,169,217,262],"product_tag":[],"class_list":{"0":"post-51686","1":"product","2":"type-product","3":"status-publish","4":"has-post-thumbnail","6":"product_brand-bbr","7":"product_cat-alfa-romeo","8":"product_cat-bbr","9":"product_cat-sofort-verfuegbar","10":"product_cat-vorbestellbar","11":"pa_automarke-alfa-romeo","12":"pa_decade-2020s","13":"pa_fahrzeugtyp-coupe","14":"pa_massstab-1-18","15":"pa_modelmarke-bbr","16":"pa_modeltyp-fertigmodell","17":"pa_modeltyp-geschlossen","18":"pa_zustand_modell-1-brandneu","19":"pa_zustand_verpackung-1-brandneu","21":"first","22":"instock","23":"sale","24":"taxable","25":"shipping-taxable","26":"purchasable","27":"product-type-simple"},"acf":[],"jetpack_sharing_enabled":true,"_links":{"self":[{"href":"https:\/\/www.modelcars24.de\/es\/wp-json\/wp\/v2\/product\/51686","targetHints":{"allow":["GET"]}}],"collection":[{"href":"https:\/\/www.modelcars24.de\/es\/wp-json\/wp\/v2\/product"}],"about":[{"href":"https:\/\/www.modelcars24.de\/es\/wp-json\/wp\/v2\/types\/product"}],"replies":[{"embeddable":true,"href":"https:\/\/www.modelcars24.de\/es\/wp-json\/wp\/v2\/comments?post=51686"}],"version-history":[{"count":4,"href":"https:\/\/www.modelcars24.de\/es\/wp-json\/wp\/v2\/product\/51686\/revisions"}],"predecessor-version":[{"id":58811,"href":"https:\/\/www.modelcars24.de\/es\/wp-json\/wp\/v2\/product\/51686\/revisions\/58811"}],"wp:featuredmedia":[{"embeddable":true,"href":"https:\/\/www.modelcars24.de\/es\/wp-json\/wp\/v2\/media\/51668"}],"wp:attachment":[{"href":"https:\/\/www.modelcars24.de\/es\/wp-json\/wp\/v2\/media?parent=51686"}],"wp:term":[{"taxonomy":"product_brand","embeddable":true,"href":"https:\/\/www.modelcars24.de\/es\/wp-json\/wp\/v2\/product_brand?post=51686"},{"taxonomy":"product_cat","embeddable":true,"href":"https:\/\/www.modelcars24.de\/es\/wp-json\/wp\/v2\/product_cat?post=51686"},{"taxonomy":"product_tag","embeddable":true,"href":"https:\/\/www.modelcars24.de\/es\/wp-json\/wp\/v2\/product_tag?post=51686"}],"curies":[{"name":"wp","href":"https:\/\/api.w.org\/{rel}","templated":true}]}}