{"id":52488,"date":"2026-05-12T11:18:40","date_gmt":"2026-05-12T09:18:40","guid":{"rendered":"https:\/\/www.modelcars24.de\/?post_type=product&#038;p=52488"},"modified":"2026-05-13T12:58:39","modified_gmt":"2026-05-13T10:58:39","slug":"gt-spirit-koenigsegg-jesko-blanco-2019","status":"publish","type":"product","link":"https:\/\/www.modelcars24.de\/es\/gt-spirit-koenigsegg-jesko-white-2019\/","title":{"rendered":"GT Spirit KOENIGSEGG JESKO BLANCO 2019 1:8 - 1\/8"},"content":{"rendered":"<h3>GT Spirit KOENIGSEGG JESKO BLANCO 2019 1:8<\/h3>\n<p>\u00a1Experimenta la fascinaci\u00f3n del GT Spirit KOENIGSEGG JESKO WHITE 2019 1:8 en una impresionante escala 1:8! Esta exclusiva maqueta de coche lleva el legendario icono de los coches deportivos directamente a tu casa con un detalle impresionante. Con su esquema de color realista en verde brillante y la mejor mano de obra, es un verdadero punto culminante para coleccionistas y entusiastas de los coches.<\/p>\n<p>El gran regreso de las maquetas a escala 1:8 y 1:12 abre nuevas dimensiones de presentaci\u00f3n: miniaturas m\u00e1s grandes, m\u00e1s detalladas y a\u00fan m\u00e1s impresionantes que llevan la pasi\u00f3n por las obras maestras del autom\u00f3vil a un nuevo nivel. Sum\u00e9rjase en el mundo de los iconos automovil\u00edsticos y h\u00e1gase con esta extraordinaria maqueta de coche.<\/p>\n<p>N\u00famero de art\u00edculo: GTS801601<\/p>","protected":false},"excerpt":{"rendered":"<p>GTS801301 &#8211; preorder &#8211; anstatt 1190,00 \u20ac jetzt 999,00 \u20ac inkl. 19% Vat<\/p>","protected":false},"featured_media":52493,"comment_status":"open","ping_status":"closed","template":"","meta":[],"product_brand":[861],"product_cat":[279,436,463,21],"product_tag":[172,173,269,175,270,181,182],"class_list":{"0":"post-52488","1":"product","2":"type-product","3":"status-publish","4":"has-post-thumbnail","6":"product_brand-hc","7":"product_cat-1-m","8":"product_cat-gt-spirit","9":"product_cat-koenigsegg","10":"product_cat-verfuegbar","11":"product_tag-atelier","12":"product_tag-bbr","13":"product_tag-bbr-ferrari-250-lusso-red","14":"product_tag-competizione","15":"product_tag-ferrari-250-lusso-1963-118","16":"product_tag-mrcollection","17":"product_tag-perfectly-embodies-ferraris","18":"product_shipping_class-sperrgut","19":"pa_automarke-porsche","20":"pa_decade-2020s","21":"pa_fahrzeugtyp-coupe","22":"pa_farbe-rot","23":"pa_limitiert-ja","24":"pa_massstab-1-8","25":"pa_modeltyp-fertigmodell","26":"pa_modeltyp-geschlossen","27":"pa_status-beim-hersteller-verfuegbar","28":"pa_verfuegbarkeit-vorbestellbar","29":"pa_zustand_modell-1-brandneu","30":"pa_zustand_verpackung-1-brandneu","32":"first","33":"instock","34":"sale","35":"taxable","36":"shipping-taxable","37":"purchasable","38":"product-type-simple"},"jetpack_sharing_enabled":true,"_links":{"self":[{"href":"https:\/\/www.modelcars24.de\/es\/wp-json\/wp\/v2\/product\/52488","targetHints":{"allow":["GET"]}}],"collection":[{"href":"https:\/\/www.modelcars24.de\/es\/wp-json\/wp\/v2\/product"}],"about":[{"href":"https:\/\/www.modelcars24.de\/es\/wp-json\/wp\/v2\/types\/product"}],"replies":[{"embeddable":true,"href":"https:\/\/www.modelcars24.de\/es\/wp-json\/wp\/v2\/comments?post=52488"}],"version-history":[{"count":4,"href":"https:\/\/www.modelcars24.de\/es\/wp-json\/wp\/v2\/product\/52488\/revisions"}],"predecessor-version":[{"id":64222,"href":"https:\/\/www.modelcars24.de\/es\/wp-json\/wp\/v2\/product\/52488\/revisions\/64222"}],"wp:featuredmedia":[{"embeddable":true,"href":"https:\/\/www.modelcars24.de\/es\/wp-json\/wp\/v2\/media\/52493"}],"wp:attachment":[{"href":"https:\/\/www.modelcars24.de\/es\/wp-json\/wp\/v2\/media?parent=52488"}],"wp:term":[{"taxonomy":"product_brand","embeddable":true,"href":"https:\/\/www.modelcars24.de\/es\/wp-json\/wp\/v2\/product_brand?post=52488"},{"taxonomy":"product_cat","embeddable":true,"href":"https:\/\/www.modelcars24.de\/es\/wp-json\/wp\/v2\/product_cat?post=52488"},{"taxonomy":"product_tag","embeddable":true,"href":"https:\/\/www.modelcars24.de\/es\/wp-json\/wp\/v2\/product_tag?post=52488"}],"curies":[{"name":"wp","href":"https:\/\/api.w.org\/{rel}","templated":true}]}}