{"id":52595,"date":"2026-01-07T14:11:50","date_gmt":"2026-01-07T13:11:50","guid":{"rendered":"https:\/\/www.modelcars24.de\/?post_type=product&#038;p=52595"},"modified":"2026-03-13T09:16:43","modified_gmt":"2026-03-13T08:16:43","slug":"bbr-pagani-zonda-tricolore","status":"publish","type":"product","link":"https:\/\/www.modelcars24.de\/es\/bbr-pagani-zonda-tricolore\/","title":{"rendered":"BBR Pagani Zonda Tricolore diecast full open SPECIAL PACK - 1\/18"},"content":{"rendered":"<p>BBR Pagani Zonda Tricolore diecast full open SPECIAL PACK. Modelo de coleccionista de alta calidad a escala 1:18.<\/p>\n<p>En colaboraci\u00f3n con Almost Real, BBR ha creado el Pagani Zonda Cinque a escala 1:18.<\/p>\n<p>El detallado modelo de metal fundido a presi\u00f3n con piezas torneadas de aluminio y acero har\u00e1 las delicias de los coleccionistas. Todas las suspensiones son funcionales; los cierres de la capota son de cuero aut\u00e9ntico cortado con l\u00e1ser. La lujosa caja de almacenamiento garantiza un cuidado \u00f3ptimo del modelo.<\/p>\n<p>Para conmemorar el 50 aniversario de la Frecce Tricolori, Pagani Automobili cre\u00f3 el Zonda Tricolore en 2010 como homenaje al equipo nacional italiano de acrobacias a\u00e9reas.<\/p>\n<p>N\u00famero de art\u00edculo: 850620121DIE<\/p>","protected":false},"excerpt":{"rendered":"<p>850331021DIE &#8211; preorder &#8211; 535,00 \u20ac inkl. 19% Vat<\/p>","protected":false},"featured_media":59602,"comment_status":"closed","ping_status":"closed","template":"","meta":{"_acf_changed":false},"product_brand":[851],"product_cat":[16,262],"product_tag":[],"class_list":{"0":"post-52595","1":"product","2":"type-product","3":"status-publish","4":"has-post-thumbnail","6":"product_brand-bbr","7":"product_cat-unkategorisiert","8":"product_cat-vorbestellbar","9":"pa_automarke-pagani","10":"pa_decade-2020s","11":"pa_fahrzeugtyp-coupe","12":"pa_massstab-1-18","13":"pa_modelmarke-bbr","14":"pa_zustand_modell-2-neuwertig","15":"pa_zustand_verpackung-2-neuwertig","17":"first","18":"instock","19":"purchasable","20":"product-type-simple"},"acf":[],"jetpack_sharing_enabled":true,"_links":{"self":[{"href":"https:\/\/www.modelcars24.de\/es\/wp-json\/wp\/v2\/product\/52595","targetHints":{"allow":["GET"]}}],"collection":[{"href":"https:\/\/www.modelcars24.de\/es\/wp-json\/wp\/v2\/product"}],"about":[{"href":"https:\/\/www.modelcars24.de\/es\/wp-json\/wp\/v2\/types\/product"}],"replies":[{"embeddable":true,"href":"https:\/\/www.modelcars24.de\/es\/wp-json\/wp\/v2\/comments?post=52595"}],"version-history":[{"count":5,"href":"https:\/\/www.modelcars24.de\/es\/wp-json\/wp\/v2\/product\/52595\/revisions"}],"predecessor-version":[{"id":59610,"href":"https:\/\/www.modelcars24.de\/es\/wp-json\/wp\/v2\/product\/52595\/revisions\/59610"}],"wp:featuredmedia":[{"embeddable":true,"href":"https:\/\/www.modelcars24.de\/es\/wp-json\/wp\/v2\/media\/59602"}],"wp:attachment":[{"href":"https:\/\/www.modelcars24.de\/es\/wp-json\/wp\/v2\/media?parent=52595"}],"wp:term":[{"taxonomy":"product_brand","embeddable":true,"href":"https:\/\/www.modelcars24.de\/es\/wp-json\/wp\/v2\/product_brand?post=52595"},{"taxonomy":"product_cat","embeddable":true,"href":"https:\/\/www.modelcars24.de\/es\/wp-json\/wp\/v2\/product_cat?post=52595"},{"taxonomy":"product_tag","embeddable":true,"href":"https:\/\/www.modelcars24.de\/es\/wp-json\/wp\/v2\/product_tag?post=52595"}],"curies":[{"name":"wp","href":"https:\/\/api.w.org\/{rel}","templated":true}]}}