{"id":52600,"date":"2026-01-07T14:16:46","date_gmt":"2026-01-07T13:16:46","guid":{"rendered":"https:\/\/www.modelcars24.de\/?post_type=product&#038;p=52600"},"modified":"2026-03-13T09:08:15","modified_gmt":"2026-03-13T08:08:15","slug":"bbr-pagani-zonda-revolucion-diecast-full-open-special-pack","status":"publish","type":"product","link":"https:\/\/www.modelcars24.de\/es\/bbr-pagani-zonda-revolucion-diecast-full-open-special-pack\/","title":{"rendered":"BBR Pagani Zonda Revolucion diecast full open SPECIAL PACK - 1\/18"},"content":{"rendered":"<p>En colaboraci\u00f3n con Almost Real, BBR ha creado el Pagani Zonda Cinque a escala 1:18.<br \/>\nMagn\u00edfico en sus detalles, para deleite de todos los coleccionistas, es un modelo de metal fundido a presi\u00f3n con piezas torneadas de aluminio y acero. Todas las suspensiones funcionan de verdad; los cierres de la capota son de cuero aut\u00e9ntico cortado con l\u00e1ser.<\/p>\n<p>El Pagani Zonda Revoluci\u00f3n es la experiencia definitiva para aquellos que desean experimentar las m\u00e1ximas prestaciones en circuito en un veh\u00edculo seguro e intuitivo. El Pagani Zonda Revoluci\u00f3n es un objeto en el que arte y ciencia se funden en una s\u00edntesis perfecta entre tecnolog\u00eda y est\u00e9tica.<br \/>\nN\u00famero de art\u00edculo: 850625021DIE<\/p>","protected":false},"excerpt":{"rendered":"<p>850625021DIE &#8211; 1-preorder &#8211; 535,00 \u20ac inkl. 19% Vat<\/p>","protected":false},"featured_media":59598,"comment_status":"open","ping_status":"closed","template":"","meta":{"_acf_changed":false},"product_brand":[851],"product_cat":[169,63,262],"product_tag":[173,209,263],"class_list":{"0":"post-52600","1":"product","2":"type-product","3":"status-publish","4":"has-post-thumbnail","6":"product_brand-bbr","7":"product_cat-bbr","8":"product_cat-ferrari","9":"product_cat-vorbestellbar","10":"product_tag-bbr","11":"product_tag-ferrari","12":"product_tag-vorbestellbar","13":"pa_automarke-pagani","14":"pa_decade-2020s","15":"pa_fahrzeugtyp-gt-rennen","16":"pa_limitiert-nein","17":"pa_massstab-1-18","18":"pa_modelmarke-bbr","19":"pa_modeltyp-fertigmodell","20":"pa_modeltyp-geschlossen","21":"pa_status-beim-hersteller-verfuegbar","22":"pa_verfuegbarkeit-vorbestellbar","23":"pa_zustand_modell-1-brandneu","24":"pa_zustand_verpackung-1-brandneu","26":"first","27":"instock","28":"purchasable","29":"product-type-simple"},"acf":[],"jetpack_sharing_enabled":true,"_links":{"self":[{"href":"https:\/\/www.modelcars24.de\/es\/wp-json\/wp\/v2\/product\/52600","targetHints":{"allow":["GET"]}}],"collection":[{"href":"https:\/\/www.modelcars24.de\/es\/wp-json\/wp\/v2\/product"}],"about":[{"href":"https:\/\/www.modelcars24.de\/es\/wp-json\/wp\/v2\/types\/product"}],"replies":[{"embeddable":true,"href":"https:\/\/www.modelcars24.de\/es\/wp-json\/wp\/v2\/comments?post=52600"}],"version-history":[{"count":5,"href":"https:\/\/www.modelcars24.de\/es\/wp-json\/wp\/v2\/product\/52600\/revisions"}],"predecessor-version":[{"id":53285,"href":"https:\/\/www.modelcars24.de\/es\/wp-json\/wp\/v2\/product\/52600\/revisions\/53285"}],"wp:featuredmedia":[{"embeddable":true,"href":"https:\/\/www.modelcars24.de\/es\/wp-json\/wp\/v2\/media\/59598"}],"wp:attachment":[{"href":"https:\/\/www.modelcars24.de\/es\/wp-json\/wp\/v2\/media?parent=52600"}],"wp:term":[{"taxonomy":"product_brand","embeddable":true,"href":"https:\/\/www.modelcars24.de\/es\/wp-json\/wp\/v2\/product_brand?post=52600"},{"taxonomy":"product_cat","embeddable":true,"href":"https:\/\/www.modelcars24.de\/es\/wp-json\/wp\/v2\/product_cat?post=52600"},{"taxonomy":"product_tag","embeddable":true,"href":"https:\/\/www.modelcars24.de\/es\/wp-json\/wp\/v2\/product_tag?post=52600"}],"curies":[{"name":"wp","href":"https:\/\/api.w.org\/{rel}","templated":true}]}}