{"id":52870,"date":"2025-07-16T10:04:43","date_gmt":"2025-07-16T08:04:43","guid":{"rendered":"https:\/\/www.modelcars24.de\/?post_type=product&#038;p=52870"},"modified":"2026-04-17T09:45:28","modified_gmt":"2026-04-17T07:45:28","slug":"porsche-901-las-raices-de-una-leyenda","status":"publish","type":"product","link":"https:\/\/www.modelcars24.de\/es\/porsche-901-die-wurzeln-einer-legende\/","title":{"rendered":"Bundle CMC Porsche 904 Pebble Beach - Libro Porsche 901: Las ra\u00edces de una leyenda - 1\/18"},"content":{"rendered":"<h2 class=\"product_title entry-title\">CMC Porsche 904 Carrera GTS, Subasta Pebble Beach 2017, #42<\/h2>\n<p>Cuando el Porsche 904 se present\u00f3 por primera vez en el Castillo de Solitude de Stuttgart en 1963 para competir en la clase GT del campeonato de autom\u00f3viles deportivos, el plan inicial era construir el n\u00famero m\u00ednimo de 100 veh\u00edculos exigido por la FIA para homologarlos con \u00e9xito y ofrecerlos no s\u00f3lo como coches de carreras, sino tambi\u00e9n con homologaci\u00f3n de carretera para alcanzar ese n\u00famero de unidades.<\/p>\n<p>M-234<\/p>\n<h2 class=\"LC20lb MBeuO DKV0Md\">Porsche 901: Las ra\u00edces de una leyenda<\/h2>\n<p>El Porsche 901, precursor del legendario 911, es el tema de un libro de J\u00fcrgen Lewandowski que arroja luz sobre las ra\u00edces de esta leyenda del autom\u00f3vil. El libro examina el desarrollo del 901, que se concibi\u00f3 como sucesor del 356, pero que r\u00e1pidamente pas\u00f3 a llamarse 911 por una disputa de marcas con Peugeot. Tambi\u00e9n incluye la historia de un extraordinario descubrimiento, un 901 encontrado en un granero de California, cuya restauraci\u00f3n se documenta en detalle.<\/p>\n<p>Editor: Delius-Klasing Verlag<br \/>\nA\u00f1o de publicaci\u00f3n: 1\u00aa edici\u00f3n 2012<br \/>\nIdioma: alem\u00e1n<br \/>\nFormato: 23,6 x 27,1 cm aprox.<br \/>\nAtributos: Tapa dura \/ con sobrecubierta<br \/>\nN\u00famero de p\u00e1ginas: 176<br \/>\nISBN: 978-3-7688-3428-5<\/p>\n<p>&nbsp;<\/p>","protected":false},"excerpt":{"rendered":"<p>M-234 + Buch &#8211; 1-brandneu &#8211; anstatt 747,00 \u20ac jetzt 660,00 \u20ac<\/p>","protected":false},"featured_media":52872,"comment_status":"open","ping_status":"closed","template":"","meta":[],"product_brand":[537],"product_cat":[56,21],"product_tag":[46,265,263],"class_list":{"0":"post-52870","1":"product","2":"type-product","3":"status-publish","4":"has-post-thumbnail","6":"product_brand-cmc","7":"product_cat-porsche","8":"product_cat-verfuegbar","9":"product_tag-cmc","10":"product_tag-porsche","11":"product_tag-vorbestellbar","12":"pa_automarke-porsche","13":"pa_decade-1960s","14":"pa_fahrzeugtyp-coupe","15":"pa_limitiert-ja","16":"pa_massstab-1-18","17":"pa_modeltyp-alles-zum-oeffnen","18":"pa_modeltyp-fertigmodell","19":"pa_status-beim-hersteller-verfuegbar","20":"pa_verfuegbarkeit-sofort-verfuegbar","21":"pa_zustand_modell-1-brandneu","22":"pa_zustand_verpackung-1-brandneu","24":"first","25":"instock","26":"sale","27":"taxable","28":"shipping-taxable","29":"purchasable","30":"product-type-simple"},"jetpack_sharing_enabled":true,"_links":{"self":[{"href":"https:\/\/www.modelcars24.de\/es\/wp-json\/wp\/v2\/product\/52870","targetHints":{"allow":["GET"]}}],"collection":[{"href":"https:\/\/www.modelcars24.de\/es\/wp-json\/wp\/v2\/product"}],"about":[{"href":"https:\/\/www.modelcars24.de\/es\/wp-json\/wp\/v2\/types\/product"}],"replies":[{"embeddable":true,"href":"https:\/\/www.modelcars24.de\/es\/wp-json\/wp\/v2\/comments?post=52870"}],"version-history":[{"count":3,"href":"https:\/\/www.modelcars24.de\/es\/wp-json\/wp\/v2\/product\/52870\/revisions"}],"predecessor-version":[{"id":58838,"href":"https:\/\/www.modelcars24.de\/es\/wp-json\/wp\/v2\/product\/52870\/revisions\/58838"}],"wp:featuredmedia":[{"embeddable":true,"href":"https:\/\/www.modelcars24.de\/es\/wp-json\/wp\/v2\/media\/52872"}],"wp:attachment":[{"href":"https:\/\/www.modelcars24.de\/es\/wp-json\/wp\/v2\/media?parent=52870"}],"wp:term":[{"taxonomy":"product_brand","embeddable":true,"href":"https:\/\/www.modelcars24.de\/es\/wp-json\/wp\/v2\/product_brand?post=52870"},{"taxonomy":"product_cat","embeddable":true,"href":"https:\/\/www.modelcars24.de\/es\/wp-json\/wp\/v2\/product_cat?post=52870"},{"taxonomy":"product_tag","embeddable":true,"href":"https:\/\/www.modelcars24.de\/es\/wp-json\/wp\/v2\/product_tag?post=52870"}],"curies":[{"name":"wp","href":"https:\/\/api.w.org\/{rel}","templated":true}]}}