{"id":53101,"date":"2025-07-30T09:38:16","date_gmt":"2025-07-30T07:38:16","guid":{"rendered":"https:\/\/www.modelcars24.de\/?post_type=product&#038;p=53101"},"modified":"2025-12-10T13:38:56","modified_gmt":"2025-12-10T12:38:56","slug":"bbr-ferrari-amalfi-rosso-corsa","status":"publish","type":"product","link":"https:\/\/www.modelcars24.de\/es\/bbr-ferrari-amalfi-rosso-corsa\/","title":{"rendered":"BBR Ferrari Amalfi Rosso Corsa - 1\/18"},"content":{"rendered":"<p>BBR Ferrari Amalfi Rosso Corsa<\/p>\n<p>Modelo de colecci\u00f3n de alta calidad a escala 1:18. El Ferrari Amalfi, claramente inspirado en el Ferrari Roma, combina tradici\u00f3n e innovaci\u00f3n. El dise\u00f1o redefine el 2+ Berlinetta Coup\u00e9 con un largo cap\u00f3 que alberga el motor V8 y un discreto faro delantero. Los faros traseros se sit\u00faan en una zaga compacta y despejada.<br \/>\nUn elemento llamativo de la zaga es el aler\u00f3n activo m\u00f3vil con tres configuraciones diferentes en funci\u00f3n de la velocidad y la aceleraci\u00f3n.<br \/>\nEl interior presenta un nuevo volante con botones f\u00edsicos y el regreso del legendario bot\u00f3n de arranque.<br \/>\nEl color de lanzamiento \u201eVerde Costiera\u201c recuerda los reflejos del mar a lo largo de la Costa Amalfitana, donde se present\u00f3 el coche en julio de 2025.<\/p>\n<p>N\u00famero de art\u00edculo: P18272A<\/p>","protected":false},"excerpt":{"rendered":"<p>P18272A &#8211; preorder &#8211; 429,00 \u20ac inkl. 19% Vat<\/p>","protected":false},"featured_media":53105,"comment_status":"closed","ping_status":"closed","template":"","meta":[],"product_brand":[851],"product_cat":[262],"product_tag":[],"class_list":{"0":"post-53101","1":"product","2":"type-product","3":"status-publish","4":"has-post-thumbnail","6":"product_brand-bbr","7":"product_cat-vorbestellbar","8":"pa_automarke-ferrari","9":"pa_decade-2020s","10":"pa_fahrzeugtyp-cabrio","11":"pa_massstab-1-18","12":"pa_modelmarke-bbr","13":"pa_zustand_modell-1-brandneu","14":"pa_zustand_verpackung-1-brandneu","16":"first","17":"instock","18":"taxable","19":"shipping-taxable","20":"purchasable","21":"product-type-simple"},"jetpack_sharing_enabled":true,"_links":{"self":[{"href":"https:\/\/www.modelcars24.de\/es\/wp-json\/wp\/v2\/product\/53101","targetHints":{"allow":["GET"]}}],"collection":[{"href":"https:\/\/www.modelcars24.de\/es\/wp-json\/wp\/v2\/product"}],"about":[{"href":"https:\/\/www.modelcars24.de\/es\/wp-json\/wp\/v2\/types\/product"}],"replies":[{"embeddable":true,"href":"https:\/\/www.modelcars24.de\/es\/wp-json\/wp\/v2\/comments?post=53101"}],"version-history":[{"count":5,"href":"https:\/\/www.modelcars24.de\/es\/wp-json\/wp\/v2\/product\/53101\/revisions"}],"predecessor-version":[{"id":58842,"href":"https:\/\/www.modelcars24.de\/es\/wp-json\/wp\/v2\/product\/53101\/revisions\/58842"}],"wp:featuredmedia":[{"embeddable":true,"href":"https:\/\/www.modelcars24.de\/es\/wp-json\/wp\/v2\/media\/53105"}],"wp:attachment":[{"href":"https:\/\/www.modelcars24.de\/es\/wp-json\/wp\/v2\/media?parent=53101"}],"wp:term":[{"taxonomy":"product_brand","embeddable":true,"href":"https:\/\/www.modelcars24.de\/es\/wp-json\/wp\/v2\/product_brand?post=53101"},{"taxonomy":"product_cat","embeddable":true,"href":"https:\/\/www.modelcars24.de\/es\/wp-json\/wp\/v2\/product_cat?post=53101"},{"taxonomy":"product_tag","embeddable":true,"href":"https:\/\/www.modelcars24.de\/es\/wp-json\/wp\/v2\/product_tag?post=53101"}],"curies":[{"name":"wp","href":"https:\/\/api.w.org\/{rel}","templated":true}]}}