{"id":53577,"date":"2025-08-15T12:52:58","date_gmt":"2025-08-15T10:52:58","guid":{"rendered":"https:\/\/www.modelcars24.de\/?post_type=product&#038;p=53577"},"modified":"2026-04-22T09:11:35","modified_gmt":"2026-04-22T07:11:35","slug":"autoart-porsche-911-930-turbo-wangan-midnight-blackbird","status":"publish","type":"product","link":"https:\/\/www.modelcars24.de\/es\/autoart-porsche-911-930-turbo-wangan-midnight-blackbird\/","title":{"rendered":"AUTOart Porsche 911 (930) Turbo Wangan Midnight \u201cBlackbird\u201d \u2013 1\/18"},"content":{"rendered":"<p>AUTOart Porsche 911 (930) Turbo Wangan Midnight \u201cBlackbird\u201d. Modelo de coleccionista de alta calidad a escala 1:18.<\/p>\n<p>El Porsche 911 (930) Turbo Wangan Midnight \u201cBlackbird\u201d combina la legendaria potencia turbo con la cruda est\u00e9tica de la escena Wangan Midnight. Bajo el cap\u00f3, el motor de seis cilindros refrigerado por aire proporciona una aceleraci\u00f3n impresionante y el sonido t\u00edpico de la marca, mientras que el caracter\u00edstico dise\u00f1o del 930, con un paso de rueda m\u00e1s ancho, un spoiler delantero profundo y un eje ancho, acent\u00faa su agresiva silueta. La adaptaci\u00f3n \u201eBlackbird\u201c se caracteriza por colores exteriores oscuros, acentos sutiles y detalles a menudo acristalados que confieren al veh\u00edculo una sigilosa bandera de competici\u00f3n homologada para la calle. Entre las caracter\u00edsticas t\u00edpicas se incluyen llantas deportivas, frenos mejorados, un interior orientado al rendimiento con asientos Recaro o asientos deportivos similares y, a menudo, un sistema de escape a medida que enfatiza el caracter\u00edstico pitido y los graves profundos del motor turbo. El 930-Turbo es conocido por su potencia cotidiana, su dise\u00f1o ic\u00f3nico y su leyenda en torno a la cultura wangan o drift, donde es un s\u00edmbolo de velocidad, precisi\u00f3n y rendimiento Porsche atemporal.<\/p>\n<p>N\u00famero de art\u00edculo: 78158<\/p>","protected":false},"excerpt":{"rendered":"<p>78158 &#8211; 1-brandneu &#8211; 279,00 \u20ac inkl. 19% Vat<\/p>","protected":false},"featured_media":53579,"comment_status":"open","ping_status":"closed","template":"","meta":{"_acf_changed":false},"product_brand":[846],"product_cat":[185,56,21],"product_tag":[187,265,202],"class_list":{"0":"post-53577","1":"product","2":"type-product","3":"status-publish","4":"has-post-thumbnail","6":"product_brand-autoart","7":"product_cat-autoart","8":"product_cat-porsche","9":"product_cat-verfuegbar","10":"product_tag-autoart","11":"product_tag-porsche","12":"product_tag-verfuegbar","13":"pa_automarke-porsche","14":"pa_decade-2010s","15":"pa_fahrzeugtyp-coupe","16":"pa_limitiert-nein","17":"pa_massstab-1-18","18":"pa_modelmarke-autoart","19":"pa_modeltyp-alles-zum-oeffnen","20":"pa_modeltyp-fertigmodell","21":"pa_status-beim-hersteller-verfuegbar","22":"pa_verfuegbarkeit-5-tage-lieferzeit","23":"pa_zustand_modell-1-brandneu","24":"pa_zustand_verpackung-1-brandneu","26":"first","27":"instock","28":"taxable","29":"shipping-taxable","30":"purchasable","31":"product-type-simple"},"acf":[],"jetpack_sharing_enabled":true,"_links":{"self":[{"href":"https:\/\/www.modelcars24.de\/es\/wp-json\/wp\/v2\/product\/53577","targetHints":{"allow":["GET"]}}],"collection":[{"href":"https:\/\/www.modelcars24.de\/es\/wp-json\/wp\/v2\/product"}],"about":[{"href":"https:\/\/www.modelcars24.de\/es\/wp-json\/wp\/v2\/types\/product"}],"replies":[{"embeddable":true,"href":"https:\/\/www.modelcars24.de\/es\/wp-json\/wp\/v2\/comments?post=53577"}],"version-history":[{"count":4,"href":"https:\/\/www.modelcars24.de\/es\/wp-json\/wp\/v2\/product\/53577\/revisions"}],"predecessor-version":[{"id":63399,"href":"https:\/\/www.modelcars24.de\/es\/wp-json\/wp\/v2\/product\/53577\/revisions\/63399"}],"wp:featuredmedia":[{"embeddable":true,"href":"https:\/\/www.modelcars24.de\/es\/wp-json\/wp\/v2\/media\/53579"}],"wp:attachment":[{"href":"https:\/\/www.modelcars24.de\/es\/wp-json\/wp\/v2\/media?parent=53577"}],"wp:term":[{"taxonomy":"product_brand","embeddable":true,"href":"https:\/\/www.modelcars24.de\/es\/wp-json\/wp\/v2\/product_brand?post=53577"},{"taxonomy":"product_cat","embeddable":true,"href":"https:\/\/www.modelcars24.de\/es\/wp-json\/wp\/v2\/product_cat?post=53577"},{"taxonomy":"product_tag","embeddable":true,"href":"https:\/\/www.modelcars24.de\/es\/wp-json\/wp\/v2\/product_tag?post=53577"}],"curies":[{"name":"wp","href":"https:\/\/api.w.org\/{rel}","templated":true}]}}