{"id":54225,"date":"2025-09-04T16:29:53","date_gmt":"2025-09-04T14:29:53","guid":{"rendered":"https:\/\/www.modelcars24.de\/?post_type=product&#038;p=54225"},"modified":"2026-03-20T11:05:21","modified_gmt":"2026-03-20T10:05:21","slug":"top-marques-ferrari-250-lm-ganador-24h-le-mans","status":"publish","type":"product","link":"https:\/\/www.modelcars24.de\/es\/top-marques-ferrari-250-lm-winner-24h-le-mans\/","title":{"rendered":"Top Marques Ferrari 250 LM Ganador 24h Le Mans 1965 Rindt - Gregory - 1\/12"},"content":{"rendered":"<p>Top Marques Ferrari 250 LM Ganador 24h Le Mans 1965 Rindt - Gregory - 1\/12<\/p>\n<p>El Ferrari 250 LM es una leyenda del automovilismo, y el modelo a escala 1:12 de Top Marques es un digno homenaje a este monumento. Reproduce el coche del equipo NART con el que Jochen Rindt y Masten Gregory consiguieron la \u00faltima victoria absoluta para Ferrari en las 24 Horas de Le Mans de 1965.<\/p>\n<p>El modelo se caracteriza por su impresionante presencia y atenci\u00f3n al detalle. La caracter\u00edstica pintura roja y las llamativas l\u00edneas del deportivo con motor central est\u00e1n perfectamente captadas. Gracias a la gran escala, detalles como las llantas de radios de filigrana, el aut\u00e9ntico habit\u00e1culo y las calcoman\u00edas contempor\u00e1neas de los patrocinadores destacan especialmente bien. Para los coleccionistas, este modelo de resina es una pieza exclusiva que da vida a la \u00e9poca dorada de las carreras de resistencia en la estanter\u00eda de casa.<\/p>\n<p>Maqueta de coleccionista de alta calidad a escala 1:12 fabricada en resina. El modelo se suministra con una vitrina.<br \/>\nN\u00famero de art\u00edculo: <b>TMR12-61A<\/b><\/p>","protected":false},"excerpt":{"rendered":"<p>TMR12-61A &#8211; 1-brandneu &#8211; 419,00 \u20ac inkl. 19% Vat<\/p>","protected":false},"featured_media":62222,"comment_status":"open","ping_status":"closed","template":"","meta":[],"product_brand":[901],"product_cat":[63,262],"product_tag":[187,445,202],"class_list":{"0":"post-54225","1":"product","2":"type-product","3":"status-publish","4":"has-post-thumbnail","6":"product_brand-topmarques","7":"product_cat-ferrari","8":"product_cat-vorbestellbar","9":"product_tag-autoart","10":"product_tag-lamborghini","11":"product_tag-verfuegbar","12":"pa_automarke-ferrari","13":"pa_decade-1990s","14":"pa_fahrzeugtyp-coupe","15":"pa_limitiert-nein","16":"pa_massstab-1-18","17":"pa_modelmarke-topmarques","18":"pa_modeltyp-fertigmodell","19":"pa_modeltyp-geschlossen","20":"pa_status-beim-hersteller-verfuegbar","21":"pa_verfuegbarkeit-vorbestellbar","22":"pa_zustand_modell-1-brandneu","23":"pa_zustand_verpackung-1-brandneu","25":"first","26":"instock","27":"taxable","28":"shipping-taxable","29":"purchasable","30":"product-type-simple"},"jetpack_sharing_enabled":true,"_links":{"self":[{"href":"https:\/\/www.modelcars24.de\/es\/wp-json\/wp\/v2\/product\/54225","targetHints":{"allow":["GET"]}}],"collection":[{"href":"https:\/\/www.modelcars24.de\/es\/wp-json\/wp\/v2\/product"}],"about":[{"href":"https:\/\/www.modelcars24.de\/es\/wp-json\/wp\/v2\/types\/product"}],"replies":[{"embeddable":true,"href":"https:\/\/www.modelcars24.de\/es\/wp-json\/wp\/v2\/comments?post=54225"}],"version-history":[{"count":6,"href":"https:\/\/www.modelcars24.de\/es\/wp-json\/wp\/v2\/product\/54225\/revisions"}],"predecessor-version":[{"id":62224,"href":"https:\/\/www.modelcars24.de\/es\/wp-json\/wp\/v2\/product\/54225\/revisions\/62224"}],"wp:featuredmedia":[{"embeddable":true,"href":"https:\/\/www.modelcars24.de\/es\/wp-json\/wp\/v2\/media\/62222"}],"wp:attachment":[{"href":"https:\/\/www.modelcars24.de\/es\/wp-json\/wp\/v2\/media?parent=54225"}],"wp:term":[{"taxonomy":"product_brand","embeddable":true,"href":"https:\/\/www.modelcars24.de\/es\/wp-json\/wp\/v2\/product_brand?post=54225"},{"taxonomy":"product_cat","embeddable":true,"href":"https:\/\/www.modelcars24.de\/es\/wp-json\/wp\/v2\/product_cat?post=54225"},{"taxonomy":"product_tag","embeddable":true,"href":"https:\/\/www.modelcars24.de\/es\/wp-json\/wp\/v2\/product_tag?post=54225"}],"curies":[{"name":"wp","href":"https:\/\/api.w.org\/{rel}","templated":true}]}}