{"id":55245,"date":"2025-10-07T08:40:45","date_gmt":"2025-10-07T06:40:45","guid":{"rendered":"https:\/\/www.modelcars24.de\/?post_type=product&#038;p=55245"},"modified":"2025-12-10T13:39:10","modified_gmt":"2025-12-10T12:39:10","slug":"bbr-ferrari-849-testarossa-rosso-corsa","status":"publish","type":"product","link":"https:\/\/www.modelcars24.de\/es\/bbr-ferrari-849-testarossa-rosso-corsa\/","title":{"rendered":"BBR Ferrari 849 Testarossa Rosso Corsa - 1\/18"},"content":{"rendered":"<p>BBR Ferrari 849 Testarossa Rosso Corsa. Modelo de coleccionista de alta calidad a escala 1:18.<\/p>\n<p>El Ferrari 849 Testarossa se present\u00f3 en 2025 y recordaba claramente el nombre utilizado por primera vez para el 500 TR en 1956, que describ\u00eda el color de la culata. El dise\u00f1o es una mezcla de l\u00edneas \u00fanicas e intemporales, inspiradas en los prototipos deportivos de los a\u00f1os 70, y formas afiladas. Una especie de puente une los faros y marca la parte delantera del coche, recordando el tema estil\u00edstico ya utilizado en el Ferrari 12Cilindri y el F80. La forma de las puertas act\u00faa como aut\u00e9nticos conductos aerodin\u00e1micos de refrigeraci\u00f3n del motor. En la parte trasera, dos salidas de escape dobles (inspiradas en el 512 S de los a\u00f1os 70) definen un sistema aerodin\u00e1mico patentado. El coche, sucesor del SF90 Stradale, es un h\u00edbrido enchufable que combina un motor V8 biturbo con tres motores el\u00e9ctricos para crear una impresionante cadena cinem\u00e1tica.<\/p>\n<p>N\u00famero de art\u00edculo: P18275D1<\/p>\n<p>con tapa acr\u00edlica<\/p>","protected":false},"excerpt":{"rendered":"<p>P18275D1 &#8211; preorder &#8211; 428,00 \u20ac inkl. 19% Vat<\/p>","protected":false},"featured_media":55249,"comment_status":"open","ping_status":"closed","template":"","meta":{"_acf_changed":false},"product_brand":[851],"product_cat":[169,63,262],"product_tag":[173,209,263],"class_list":{"0":"post-55245","1":"product","2":"type-product","3":"status-publish","4":"has-post-thumbnail","6":"product_brand-bbr","7":"product_cat-bbr","8":"product_cat-ferrari","9":"product_cat-vorbestellbar","10":"product_tag-bbr","11":"product_tag-ferrari","12":"product_tag-vorbestellbar","13":"pa_automarke-ferrari","14":"pa_decade-2020s","15":"pa_fahrzeugtyp-cabrio","16":"pa_massstab-1-18","17":"pa_modelmarke-bbr","18":"pa_modeltyp-fertigmodell","19":"pa_modeltyp-geschlossen","20":"pa_status-beim-hersteller-verfuegbar","21":"pa_verfuegbarkeit-vorbestellbar","22":"pa_zustand_modell-1-brandneu","23":"pa_zustand_verpackung-1-brandneu","25":"first","26":"instock","27":"taxable","28":"shipping-taxable","29":"purchasable","30":"product-type-simple"},"acf":[],"jetpack_sharing_enabled":true,"_links":{"self":[{"href":"https:\/\/www.modelcars24.de\/es\/wp-json\/wp\/v2\/product\/55245","targetHints":{"allow":["GET"]}}],"collection":[{"href":"https:\/\/www.modelcars24.de\/es\/wp-json\/wp\/v2\/product"}],"about":[{"href":"https:\/\/www.modelcars24.de\/es\/wp-json\/wp\/v2\/types\/product"}],"replies":[{"embeddable":true,"href":"https:\/\/www.modelcars24.de\/es\/wp-json\/wp\/v2\/comments?post=55245"}],"version-history":[{"count":3,"href":"https:\/\/www.modelcars24.de\/es\/wp-json\/wp\/v2\/product\/55245\/revisions"}],"predecessor-version":[{"id":58863,"href":"https:\/\/www.modelcars24.de\/es\/wp-json\/wp\/v2\/product\/55245\/revisions\/58863"}],"wp:featuredmedia":[{"embeddable":true,"href":"https:\/\/www.modelcars24.de\/es\/wp-json\/wp\/v2\/media\/55249"}],"wp:attachment":[{"href":"https:\/\/www.modelcars24.de\/es\/wp-json\/wp\/v2\/media?parent=55245"}],"wp:term":[{"taxonomy":"product_brand","embeddable":true,"href":"https:\/\/www.modelcars24.de\/es\/wp-json\/wp\/v2\/product_brand?post=55245"},{"taxonomy":"product_cat","embeddable":true,"href":"https:\/\/www.modelcars24.de\/es\/wp-json\/wp\/v2\/product_cat?post=55245"},{"taxonomy":"product_tag","embeddable":true,"href":"https:\/\/www.modelcars24.de\/es\/wp-json\/wp\/v2\/product_tag?post=55245"}],"curies":[{"name":"wp","href":"https:\/\/api.w.org\/{rel}","templated":true}]}}