{"id":55297,"date":"2026-03-20T00:00:00","date_gmt":"2026-03-19T23:00:00","guid":{"rendered":"https:\/\/www.modelcars24.de\/?post_type=product&#038;p=55297"},"modified":"2026-04-29T15:04:26","modified_gmt":"2026-04-29T13:04:26","slug":"autoart-ford-mustang-mach-1-japanese-police","status":"publish","type":"product","link":"https:\/\/www.modelcars24.de\/es\/autoart-ford-mustang-mach-1-japanese-police\/","title":{"rendered":"AUTOart Ford Mustang Mach 1 Polic\u00eda Japonesa - 1\/18"},"content":{"rendered":"<p>AUTOart Ford Mustang Mach 1 Japanese Police - 1\/18 Modelo de coleccionista de alta calidad en escala 1\/18.<\/p>\n<p>El Ford Mustang Mach 1 \u201ePolic\u00eda Japonesa\u201c de AUTOart en escala 1\/18 (n\u00famero de art\u00edculo 72826) es una fascinante pieza de la historia del autom\u00f3vil en formato miniatura. Este extraordinario modelo representa el veh\u00edculo original de la Polic\u00eda de la Prefectura de Tochigi de la d\u00e9cada de 1970. La ic\u00f3nica pintura en blanco y negro se complementa a la perfecci\u00f3n con las aut\u00e9nticas letras japonesas, el emblema dorado de la polic\u00eda en la parte delantera y la llamativa luz roja de se\u00f1alizaci\u00f3n en el techo.<\/p>\n<p>Como modelo Millennium de alta calidad fabricado en robusta fundici\u00f3n, ofrece la codiciada funcionalidad \u201eTodo abierto\u201c: las puertas, el cap\u00f3 y el maletero pueden abrirse para revelar el detallado motor V8 y el interior fiel al original (\u00a1con volante a la derecha!). Con unas dimensiones exactas de los huecos y una calidad de pintura de primera clase, este Mustang es una absoluta atracci\u00f3n para los coleccionistas de coches de polic\u00eda y cl\u00e1sicos estadounidenses.<\/p>\n<p>Art\u00edculo n\u00ba 72826<\/p>","protected":false},"excerpt":{"rendered":"<p>72826 &#8211; 2-neuwertig &#8211; 195,00 \u20ac<\/p>","protected":false},"featured_media":62389,"comment_status":"open","ping_status":"closed","template":"","meta":{"_acf_changed":false},"product_brand":[],"product_cat":[185,359,217],"product_tag":[187,360,394],"class_list":{"0":"post-55297","1":"product","2":"type-product","3":"status-publish","4":"has-post-thumbnail","6":"product_cat-autoart","7":"product_cat-ford","8":"product_cat-sofort-verfuegbar","9":"product_tag-autoart","10":"product_tag-ford","11":"product_tag-sofort-verfuegbar","13":"first","14":"instock","15":"purchasable","16":"product-type-simple"},"acf":[],"jetpack_sharing_enabled":true,"_links":{"self":[{"href":"https:\/\/www.modelcars24.de\/es\/wp-json\/wp\/v2\/product\/55297","targetHints":{"allow":["GET"]}}],"collection":[{"href":"https:\/\/www.modelcars24.de\/es\/wp-json\/wp\/v2\/product"}],"about":[{"href":"https:\/\/www.modelcars24.de\/es\/wp-json\/wp\/v2\/types\/product"}],"replies":[{"embeddable":true,"href":"https:\/\/www.modelcars24.de\/es\/wp-json\/wp\/v2\/comments?post=55297"}],"version-history":[{"count":4,"href":"https:\/\/www.modelcars24.de\/es\/wp-json\/wp\/v2\/product\/55297\/revisions"}],"predecessor-version":[{"id":62448,"href":"https:\/\/www.modelcars24.de\/es\/wp-json\/wp\/v2\/product\/55297\/revisions\/62448"}],"wp:featuredmedia":[{"embeddable":true,"href":"https:\/\/www.modelcars24.de\/es\/wp-json\/wp\/v2\/media\/62389"}],"wp:attachment":[{"href":"https:\/\/www.modelcars24.de\/es\/wp-json\/wp\/v2\/media?parent=55297"}],"wp:term":[{"taxonomy":"product_brand","embeddable":true,"href":"https:\/\/www.modelcars24.de\/es\/wp-json\/wp\/v2\/product_brand?post=55297"},{"taxonomy":"product_cat","embeddable":true,"href":"https:\/\/www.modelcars24.de\/es\/wp-json\/wp\/v2\/product_cat?post=55297"},{"taxonomy":"product_tag","embeddable":true,"href":"https:\/\/www.modelcars24.de\/es\/wp-json\/wp\/v2\/product_tag?post=55297"}],"curies":[{"name":"wp","href":"https:\/\/api.w.org\/{rel}","templated":true}]}}