{"id":55339,"date":"2026-03-15T00:00:00","date_gmt":"2026-03-14T23:00:00","guid":{"rendered":"https:\/\/www.modelcars24.de\/?post_type=product&#038;p=55339"},"modified":"2026-04-29T15:08:28","modified_gmt":"2026-04-29T13:08:28","slug":"presentacion-tsm-bmw-gt3","status":"publish","type":"product","link":"https:\/\/www.modelcars24.de\/es\/tsm-bmw-gt3-presentation\/","title":{"rendered":"BMW M4 GT3 Presentaci\u00f3n -"},"content":{"rendered":"<p>Presentaci\u00f3n TSM BMW M4 GT3. Modelo de coleccionista de alta calidad a escala 1:18.<\/p>\n<p class=\"cdk-visually-hidden ng-star-inserted\"><span style=\"font-size: 16px;\">Vive el automovilismo en estado puro a escala 1:18 con el <\/span>BMW Z4 GT3<span style=\"font-size: 16px;\"> en la llamativa versi\u00f3n de presentaci\u00f3n de <\/span>TrueScale Miniatures (TSM)<span style=\"font-size: 16px;\">. Este modelo de coleccionista de alta calidad impresiona por su agresiva aerodin\u00e1mica y su excelente calidad de fabricaci\u00f3n. Cada detalle del icono de las carreras se ha realizado con precisi\u00f3n, desde las llantas de filigrana hasta el interior aut\u00e9ntico. Una pieza imprescindible para cualquier fan de BMW y coleccionista de coches de competici\u00f3n exclusivos que valore la perfecci\u00f3n t\u00e9cnica.<\/span><\/p>\n<p>2-nuevo<\/p>\n<p>TS0372<\/p>","protected":false},"excerpt":{"rendered":"<p>TS0372 &#8211; 2-neuwertig &#8211; 120,00 \u20ac<\/p>","protected":false},"featured_media":62673,"comment_status":"open","ping_status":"closed","template":"","meta":[],"product_brand":[],"product_cat":[193,217,944],"product_tag":[391,394,945],"class_list":{"0":"post-55339","1":"product","2":"type-product","3":"status-publish","4":"has-post-thumbnail","6":"product_cat-bmw","7":"product_cat-sofort-verfuegbar","8":"product_cat-tsm","9":"product_tag-bmw","10":"product_tag-sofort-verfuegbar","11":"product_tag-tsm","13":"first","14":"instock","15":"purchasable","16":"product-type-simple"},"jetpack_sharing_enabled":true,"_links":{"self":[{"href":"https:\/\/www.modelcars24.de\/es\/wp-json\/wp\/v2\/product\/55339","targetHints":{"allow":["GET"]}}],"collection":[{"href":"https:\/\/www.modelcars24.de\/es\/wp-json\/wp\/v2\/product"}],"about":[{"href":"https:\/\/www.modelcars24.de\/es\/wp-json\/wp\/v2\/types\/product"}],"replies":[{"embeddable":true,"href":"https:\/\/www.modelcars24.de\/es\/wp-json\/wp\/v2\/comments?post=55339"}],"version-history":[{"count":4,"href":"https:\/\/www.modelcars24.de\/es\/wp-json\/wp\/v2\/product\/55339\/revisions"}],"predecessor-version":[{"id":62685,"href":"https:\/\/www.modelcars24.de\/es\/wp-json\/wp\/v2\/product\/55339\/revisions\/62685"}],"wp:featuredmedia":[{"embeddable":true,"href":"https:\/\/www.modelcars24.de\/es\/wp-json\/wp\/v2\/media\/62673"}],"wp:attachment":[{"href":"https:\/\/www.modelcars24.de\/es\/wp-json\/wp\/v2\/media?parent=55339"}],"wp:term":[{"taxonomy":"product_brand","embeddable":true,"href":"https:\/\/www.modelcars24.de\/es\/wp-json\/wp\/v2\/product_brand?post=55339"},{"taxonomy":"product_cat","embeddable":true,"href":"https:\/\/www.modelcars24.de\/es\/wp-json\/wp\/v2\/product_cat?post=55339"},{"taxonomy":"product_tag","embeddable":true,"href":"https:\/\/www.modelcars24.de\/es\/wp-json\/wp\/v2\/product_tag?post=55339"}],"curies":[{"name":"wp","href":"https:\/\/api.w.org\/{rel}","templated":true}]}}