{"id":55717,"date":"2025-10-23T17:46:48","date_gmt":"2025-10-23T15:46:48","guid":{"rendered":"https:\/\/www.modelcars24.de\/?post_type=product&#038;p=55717"},"modified":"2026-04-22T09:10:47","modified_gmt":"2026-04-22T07:10:47","slug":"bbr-ferrari-488-pista-spider","status":"publish","type":"product","link":"https:\/\/www.modelcars24.de\/es\/bbr-ferrari-488-pista-spider\/","title":{"rendered":"BBR Ferrari 488 Pista Spider Open roof Rosso Corsa &#8211; black silver stripe &#8211; 1\/12"},"content":{"rendered":"<p>BBR Ferrari 488 Pista Spider Techo abierto Rosso Corsa - franja negra plateada 1\/12 Modelo de colecci\u00f3n de alta calidad a escala 1:12 Uno de 30.<\/p>\n<p>BBR presenta otra obra maestra de Ferrari a escala 1:12.<br \/>\nEl Ferrari 488 Pista cuenta con el motor V8 m\u00e1s potente de la historia de la f\u00e1brica de Maranello.<br \/>\nPista significa \u201ecircuito de carreras\u201c y el nombre se eligi\u00f3 para subrayar la tradici\u00f3n automovil\u00edstica de Ferrari. En concreto, este coche traslada a la carretera la experiencia del 488 Challenge y el 488 GTE en los circuitos de todo el mundo.<br \/>\nLas soluciones de competici\u00f3n incluyen la ranura en S inspirada en la F\u00f3rmula 1 en la parte delantera y el dise\u00f1o de los difusores. El aler\u00f3n trasero en forma de cola de delf\u00edn aumenta la extracci\u00f3n de aire y la carga aerodin\u00e1mica.<br \/>\nN\u00famero de art\u00edculo: BBR1225B<\/p>","protected":false},"excerpt":{"rendered":"<p>1:12 &#8211; BBR1225B- 1-brandneu- anstatt 1375,00 \u20ac jetzt 1150,00 \u20ac inkl. 19% Vat.<\/p>","protected":false},"featured_media":55722,"comment_status":"open","ping_status":"closed","template":"","meta":{"_acf_changed":false},"product_brand":[851],"product_cat":[169,63,21],"product_tag":[173,209,202],"class_list":{"0":"post-55717","1":"product","2":"type-product","3":"status-publish","4":"has-post-thumbnail","6":"product_brand-bbr","7":"product_cat-bbr","8":"product_cat-ferrari","9":"product_cat-verfuegbar","10":"product_tag-bbr","11":"product_tag-ferrari","12":"product_tag-verfuegbar","13":"pa_automarke-ferrari","14":"pa_decade-2020s","15":"pa_fahrzeugtyp-cabrio","16":"pa_farbe-blau","17":"pa_limitiert-ja","18":"pa_massstab-1-12","19":"pa_modelmarke-bbr","20":"pa_modeltyp-fertigmodell","21":"pa_modeltyp-geschlossen","22":"pa_status-beim-hersteller-ausverkauft","23":"pa_verfuegbarkeit-sofort-verfuegbar","24":"pa_zustand_modell-1-brandneu","25":"pa_zustand_verpackung-1-brandneu","27":"first","28":"instock","29":"sale","30":"taxable","31":"shipping-taxable","32":"purchasable","33":"product-type-simple"},"acf":[],"jetpack_sharing_enabled":true,"_links":{"self":[{"href":"https:\/\/www.modelcars24.de\/es\/wp-json\/wp\/v2\/product\/55717","targetHints":{"allow":["GET"]}}],"collection":[{"href":"https:\/\/www.modelcars24.de\/es\/wp-json\/wp\/v2\/product"}],"about":[{"href":"https:\/\/www.modelcars24.de\/es\/wp-json\/wp\/v2\/types\/product"}],"replies":[{"embeddable":true,"href":"https:\/\/www.modelcars24.de\/es\/wp-json\/wp\/v2\/comments?post=55717"}],"version-history":[{"count":8,"href":"https:\/\/www.modelcars24.de\/es\/wp-json\/wp\/v2\/product\/55717\/revisions"}],"predecessor-version":[{"id":63557,"href":"https:\/\/www.modelcars24.de\/es\/wp-json\/wp\/v2\/product\/55717\/revisions\/63557"}],"wp:featuredmedia":[{"embeddable":true,"href":"https:\/\/www.modelcars24.de\/es\/wp-json\/wp\/v2\/media\/55722"}],"wp:attachment":[{"href":"https:\/\/www.modelcars24.de\/es\/wp-json\/wp\/v2\/media?parent=55717"}],"wp:term":[{"taxonomy":"product_brand","embeddable":true,"href":"https:\/\/www.modelcars24.de\/es\/wp-json\/wp\/v2\/product_brand?post=55717"},{"taxonomy":"product_cat","embeddable":true,"href":"https:\/\/www.modelcars24.de\/es\/wp-json\/wp\/v2\/product_cat?post=55717"},{"taxonomy":"product_tag","embeddable":true,"href":"https:\/\/www.modelcars24.de\/es\/wp-json\/wp\/v2\/product_tag?post=55717"}],"curies":[{"name":"wp","href":"https:\/\/api.w.org\/{rel}","templated":true}]}}