{"id":56095,"date":"2025-11-05T15:04:00","date_gmt":"2025-11-05T14:04:00","guid":{"rendered":"https:\/\/www.modelcars24.de\/?post_type=product&#038;p=56095"},"modified":"2025-12-10T13:39:37","modified_gmt":"2025-12-10T12:39:37","slug":"lcd-lamborghini-revuelto-hybrid","status":"publish","type":"product","link":"https:\/\/www.modelcars24.de\/es\/lcd-lamborghini-revuelto-hybrid\/","title":{"rendered":"LCD LAMBORGHINI - REVUELTO HYBRID 2023 - NARANJA - 1\/18"},"content":{"rendered":"<p>LCD LAMBORGHINI - REVUELTO HYBRID 2023 - NARANJA. Modelo de coleccionista de zinc fundido a presi\u00f3n de alta calidad a escala 1:18 con puertas y cap\u00f3 abribles, ruedas delanteras direccionables, interior y compartimento del motor detallados.<\/p>\n<p>Descubra la impresionante maqueta del LCD LAMBORGHINI - REVUELTO HYBRID 2023 - ORANGE, fabricada a escala 1:18 por la renombrada empresa LCD. Este exquisito modelo combina la maestr\u00eda artesanal con una impresionante atenci\u00f3n al detalle y es una pieza imprescindible para todo aficionado y coleccionista de autom\u00f3viles.<\/p>\n<p>El LCD LAMBORGHINI - REVUELTO HYBRID 2023 - ORANGE no es s\u00f3lo un s\u00edmbolo de prestaciones excepcionales y tecnolog\u00eda innovadora, sino tambi\u00e9n una obra de arte que redefine los l\u00edmites del dise\u00f1o. Con su pintura radiante y los detalles de la carrocer\u00eda reproducidos con precisi\u00f3n, este modelo atrae la atenci\u00f3n de todos. Cada elemento, desde las l\u00edneas aerodin\u00e1micas hasta las intrincadas llantas, se ha realizado con el m\u00e1ximo cuidado y atenci\u00f3n al detalle.<\/p>\n<p>1-nuevo<\/p>\n<p>N\u00famero de art\u00edculo: <b>LCD18026-OR<\/b><\/p>","protected":false},"excerpt":{"rendered":"<p>1:18 &#8211; LCD18026-OR &#8211; preorder LT 5\/2026 &#8211; 415,00 \u20ac inkl. 19% Vat<\/p>","protected":false},"featured_media":56101,"comment_status":"open","ping_status":"closed","template":"","meta":[],"product_brand":[856],"product_cat":[236,249,262],"product_tag":[238,250,202],"class_list":{"0":"post-56095","1":"product","2":"type-product","3":"status-publish","4":"has-post-thumbnail","6":"product_brand-lcd-models","7":"product_cat-lcd-models","8":"product_cat-pagani","9":"product_cat-vorbestellbar","10":"product_tag-lcd-models","11":"product_tag-pagani","12":"product_tag-verfuegbar","13":"pa_automarke-lamborghini","14":"pa_decade-2020s","15":"pa_fahrzeugtyp-coupe","16":"pa_farbe-weiss","17":"pa_limitiert-nein","18":"pa_massstab-1-18","19":"pa_modelmarke-lcd-models","20":"pa_modeltyp-alles-zum-oeffnen","21":"pa_modeltyp-fertigmodell","22":"pa_status-beim-hersteller-ausverkauft","23":"pa_verfuegbarkeit-sofort-verfuegbar","24":"pa_zustand_modell-1-brandneu","25":"pa_zustand_verpackung-1-brandneu","27":"first","28":"instock","29":"taxable","30":"shipping-taxable","31":"purchasable","32":"product-type-simple"},"jetpack_sharing_enabled":true,"_links":{"self":[{"href":"https:\/\/www.modelcars24.de\/es\/wp-json\/wp\/v2\/product\/56095","targetHints":{"allow":["GET"]}}],"collection":[{"href":"https:\/\/www.modelcars24.de\/es\/wp-json\/wp\/v2\/product"}],"about":[{"href":"https:\/\/www.modelcars24.de\/es\/wp-json\/wp\/v2\/types\/product"}],"replies":[{"embeddable":true,"href":"https:\/\/www.modelcars24.de\/es\/wp-json\/wp\/v2\/comments?post=56095"}],"version-history":[{"count":5,"href":"https:\/\/www.modelcars24.de\/es\/wp-json\/wp\/v2\/product\/56095\/revisions"}],"predecessor-version":[{"id":58907,"href":"https:\/\/www.modelcars24.de\/es\/wp-json\/wp\/v2\/product\/56095\/revisions\/58907"}],"wp:featuredmedia":[{"embeddable":true,"href":"https:\/\/www.modelcars24.de\/es\/wp-json\/wp\/v2\/media\/56101"}],"wp:attachment":[{"href":"https:\/\/www.modelcars24.de\/es\/wp-json\/wp\/v2\/media?parent=56095"}],"wp:term":[{"taxonomy":"product_brand","embeddable":true,"href":"https:\/\/www.modelcars24.de\/es\/wp-json\/wp\/v2\/product_brand?post=56095"},{"taxonomy":"product_cat","embeddable":true,"href":"https:\/\/www.modelcars24.de\/es\/wp-json\/wp\/v2\/product_cat?post=56095"},{"taxonomy":"product_tag","embeddable":true,"href":"https:\/\/www.modelcars24.de\/es\/wp-json\/wp\/v2\/product_tag?post=56095"}],"curies":[{"name":"wp","href":"https:\/\/api.w.org\/{rel}","templated":true}]}}