{"id":56137,"date":"2025-11-05T15:47:41","date_gmt":"2025-11-05T14:47:41","guid":{"rendered":"https:\/\/www.modelcars24.de\/?post_type=product&#038;p=56137"},"modified":"2026-01-07T11:24:30","modified_gmt":"2026-01-07T10:24:30","slug":"amalgama-bugatti-tipo-35-1926-18","status":"publish","type":"product","link":"https:\/\/www.modelcars24.de\/es\/amalgam-bugatti-typ-35-1926-18\/","title":{"rendered":"Amalgama Bugatti Type 35 (1926) 1:8 - 1\/8"},"content":{"rendered":"<h2>Amalgama Bugatti Type 35 (1926) 1:8<\/h2>\n<p>El Bugatti Type 35, simplemente el coche de carreras m\u00e1s exitoso de todos los tiempos, gan\u00f3 el Campeonato del Mundo de Gran Premio en 1926 tras ganar 351 carreras en 1924 y 1925 y establecer 47 r\u00e9cords. El Type 35 demostr\u00f3 ser particularmente exitoso en la Targa Florio, ganando la carrera siciliana cinco a\u00f1os seguidos de 1925 a 1929. En 1929, el Type 35 segu\u00eda siendo tan relevante que William Grover-Williams gan\u00f3 el primer Gran Premio de M\u00f3naco con un coche de este tipo, \u00e9xito que repiti\u00f3 Ren\u00e9 Dreyfus en 1930. Este ejemplo muestra el coche ganador de Bartolomeo \u201eMeo\u201c Costantini en la 70\u00aa edici\u00f3n de la Targa Florio de 1926, en la que Bugatti domin\u00f3 con un uno-dos-tres. Costantini, amigo \u00edntimo de Ettore Bugatti, puso fin a su carrera como piloto a finales de 1926 y asumi\u00f3 la direcci\u00f3n de la escuder\u00eda de Ettore Bugatti.<\/p>\n<p>Este detallado modelo fue fabricado y acabado a mano en nuestros talleres. Trabajamos en estrecha colaboraci\u00f3n con el fabricante, que se bas\u00f3 en superficies, materiales, im\u00e1genes de archivo y dibujos originales. Gracias a los datos CAD originales y a los escaneados digitales de alta precisi\u00f3n del veh\u00edculo original, pudimos reproducir cada detalle a escala. Adem\u00e1s, el modelo prototipo fue minuciosamente examinado por los ingenieros y dise\u00f1adores del fabricante para garantizar una representaci\u00f3n absolutamente exacta.<\/p>\n<p>N\u00famero de art\u00edculo: M5740<\/p>","protected":false},"excerpt":{"rendered":"<p>1:8 &#8211; M5740 &#8211; anstatt 21995,00 \u20ac jetzt 13520,00 \u20ac inkl. 19% Vat<\/p>","protected":false},"featured_media":56139,"comment_status":"open","ping_status":"closed","template":"","meta":[],"product_brand":[864],"product_cat":[286,77,21],"product_tag":[288,209,202],"class_list":{"0":"post-56137","1":"product","2":"type-product","3":"status-publish","4":"has-post-thumbnail","6":"product_brand-amalgam","7":"product_cat-amalgam","8":"product_cat-bugatti","9":"product_cat-verfuegbar","10":"product_tag-amalgam","11":"product_tag-ferrari","12":"product_tag-verfuegbar","13":"pa_automarke-bugatti","14":"pa_decade-1930s","15":"pa_fahrzeugtyp-cabrio","16":"pa_farbe-rot","17":"pa_limitiert-ja","18":"pa_massstab-1-18","19":"pa_modelmarke-amalgam","20":"pa_modeltyp-fertigmodell","21":"pa_status-beim-hersteller-verfuegbar","22":"pa_verfuegbarkeit-5-tage-lieferzeit","23":"pa_zustand_modell-1-brandneu","24":"pa_zustand_verpackung-1-brandneu","26":"first","27":"instock","28":"taxable","29":"shipping-taxable","30":"purchasable","31":"product-type-simple"},"jetpack_sharing_enabled":true,"_links":{"self":[{"href":"https:\/\/www.modelcars24.de\/es\/wp-json\/wp\/v2\/product\/56137","targetHints":{"allow":["GET"]}}],"collection":[{"href":"https:\/\/www.modelcars24.de\/es\/wp-json\/wp\/v2\/product"}],"about":[{"href":"https:\/\/www.modelcars24.de\/es\/wp-json\/wp\/v2\/types\/product"}],"replies":[{"embeddable":true,"href":"https:\/\/www.modelcars24.de\/es\/wp-json\/wp\/v2\/comments?post=56137"}],"version-history":[{"count":7,"href":"https:\/\/www.modelcars24.de\/es\/wp-json\/wp\/v2\/product\/56137\/revisions"}],"predecessor-version":[{"id":59199,"href":"https:\/\/www.modelcars24.de\/es\/wp-json\/wp\/v2\/product\/56137\/revisions\/59199"}],"wp:featuredmedia":[{"embeddable":true,"href":"https:\/\/www.modelcars24.de\/es\/wp-json\/wp\/v2\/media\/56139"}],"wp:attachment":[{"href":"https:\/\/www.modelcars24.de\/es\/wp-json\/wp\/v2\/media?parent=56137"}],"wp:term":[{"taxonomy":"product_brand","embeddable":true,"href":"https:\/\/www.modelcars24.de\/es\/wp-json\/wp\/v2\/product_brand?post=56137"},{"taxonomy":"product_cat","embeddable":true,"href":"https:\/\/www.modelcars24.de\/es\/wp-json\/wp\/v2\/product_cat?post=56137"},{"taxonomy":"product_tag","embeddable":true,"href":"https:\/\/www.modelcars24.de\/es\/wp-json\/wp\/v2\/product_tag?post=56137"}],"curies":[{"name":"wp","href":"https:\/\/api.w.org\/{rel}","templated":true}]}}