{"id":5641,"date":"2024-09-02T13:59:13","date_gmt":"2024-09-02T11:59:13","guid":{"rendered":"http:\/\/www.mondo-legno.com\/?post_type=product&#038;p=5641"},"modified":"2025-12-10T13:25:41","modified_gmt":"2025-12-10T12:25:41","slug":"cmc-aston-martin-db-4-gt-zagato-le-mans-1961-2","status":"publish","type":"product","link":"https:\/\/www.modelcars24.de\/es\/cmc-aston-martin-db-4-gt-zagato-le-mans-1961-2\/","title":{"rendered":"CMC Aston Martin DB 4 GT Zagato Le Mans, 1961 - 1\/18"},"content":{"rendered":"<h3>CMC Aston Martin DB 4 GT Zagato Le Mans, 1961<\/h3>\n<div>\n<ul>\n<li>Modelo met\u00e1lico de precisi\u00f3n ensamblado a mano con 1.825 piezas<\/li>\n<li>Salpicadero de dise\u00f1o elaborado con un llamativo revestimiento retr\u00e1ctil<\/li>\n<li>Apertura del maletero<\/li>\n<li>La rueda de repuesto se sujeta con una correa de cuero y es desmontable.<\/li>\n<li>Ruedas desmontables con sistema de bloqueo central en dise\u00f1o de rosca derecha\/izquierda<\/li>\n<li>Los imponentes neum\u00e1ticos montados en llantas de radios de aleaci\u00f3n ligera subrayan el car\u00e1cter racing<\/li>\n<\/ul>\n<\/div>\n<div>Descripci\u00f3n del veh\u00edculo original:Jean Kerguen, uno de los mejores pilotos privados de la \u00e9poca de las carreras de finales de los a\u00f1os 50 en Francia, tuvo la oportunidad de participar en la carrera de Le Mans de 1961 con su Aston Martin DB4 GT Zagato. Cont\u00f3 con el apoyo activo de Garage Mirabeau, el concesionario franc\u00e9s de Aston Martin, en los preparativos de la carrera. Adem\u00e1s, el equipo Mirabeau se vio reforzado por el experto de Aston Martin Des O'Dell, que pudo proporcionar valiosas instrucciones con su amplia experiencia en desarrollo y su excelente conocimiento de las carreras de Le Mans.<br \/>\nArmados de este modo, Jean Kerguen y su copiloto Jacques Dewez (seud\u00f3nimo \u201eFranc\u201c) comenzaron la carrera desde la primera l\u00ednea de la parrilla junto a otros dos Aston de la escuder\u00eda inglesa ERS. La salida fue excelente y el coche funcion\u00f3 perfectamente y sin fallos para deleite de sus pilotos y de todo el equipo de carreras. La \u00fanica intervenci\u00f3n mec\u00e1nica durante la carrera fue la sustituci\u00f3n de las pastillas de freno despu\u00e9s de 14 horas y un reajuste del embrague tras 16 horas de carrera.<br \/>\nCuando el Zagato de Kerguen entr\u00f3 en boxes por \u00faltima vez despu\u00e9s de 23 horas, ocupaba la novena posici\u00f3n de la general y las perspectivas de un excelente resultado eran prometedoras. Jacques Dewez estaba listo para afrontar los \u00faltimos 50 minutos cuando se dio cuenta de que el motor no arrancaba tras pulsar el bot\u00f3n de arranque. Las apresuradas comprobaciones, llevadas a cabo por el propio experto Des O'Dell, no revelaron ning\u00fan defecto reconocible al comprobar la bater\u00eda y todas las conexiones de cables visibles, as\u00ed como la inspecci\u00f3n externa del motor de arranque.<br \/>\nDespu\u00e9s de 286 vueltas con \u00e9xito o 50 minutos antes del final de la carrera, el equipo tuvo que abandonar. Hasta el abandono, el veh\u00edculo ocupaba el tercer puesto de su clase.<\/div>\n<p>N\u00famero de art\u00edculo: M-139-1<\/p>","protected":false},"excerpt":{"rendered":"<p>M-139 &#8211; 1-brandneu &#8211; 480,00 \u20ac inkl. 19% Vat<\/p>","protected":false},"featured_media":45474,"comment_status":"open","ping_status":"closed","template":"","meta":{"_acf_changed":false},"product_brand":[537],"product_cat":[147,18,45,21],"product_tag":[148,149,150],"class_list":{"0":"post-5641","1":"product","2":"type-product","3":"status-publish","4":"has-post-thumbnail","6":"product_brand-cmc","7":"product_cat-aston-martin","8":"product_cat-cmc","9":"product_cat-neuzugang","10":"product_cat-verfuegbar","11":"product_tag-cmc-aston-martin-db-4","12":"product_tag-le-mans","13":"product_tag-zagato","14":"pa_automarke-aston-martin","15":"pa_decade-1960s","16":"pa_fahrzeugtyp-gt-rennen","17":"pa_farbe-weiss","18":"pa_limitiert-ja","19":"pa_massstab-1-18","20":"pa_modelmarke-cmc","21":"pa_modeltyp-alles-zum-oeffnen","22":"pa_modeltyp-fertigmodell","23":"pa_status-beim-hersteller-ausverkauft","24":"pa_verfuegbarkeit-sofort-verfuegbar","25":"pa_zustand_modell-1-brandneu","26":"pa_zustand_verpackung-1-brandneu","28":"first","29":"outofstock","30":"taxable","31":"shipping-taxable","32":"purchasable","33":"product-type-simple"},"acf":[],"jetpack_sharing_enabled":true,"_links":{"self":[{"href":"https:\/\/www.modelcars24.de\/es\/wp-json\/wp\/v2\/product\/5641","targetHints":{"allow":["GET"]}}],"collection":[{"href":"https:\/\/www.modelcars24.de\/es\/wp-json\/wp\/v2\/product"}],"about":[{"href":"https:\/\/www.modelcars24.de\/es\/wp-json\/wp\/v2\/types\/product"}],"replies":[{"embeddable":true,"href":"https:\/\/www.modelcars24.de\/es\/wp-json\/wp\/v2\/comments?post=5641"}],"version-history":[{"count":3,"href":"https:\/\/www.modelcars24.de\/es\/wp-json\/wp\/v2\/product\/5641\/revisions"}],"predecessor-version":[{"id":57556,"href":"https:\/\/www.modelcars24.de\/es\/wp-json\/wp\/v2\/product\/5641\/revisions\/57556"}],"wp:featuredmedia":[{"embeddable":true,"href":"https:\/\/www.modelcars24.de\/es\/wp-json\/wp\/v2\/media\/45474"}],"wp:attachment":[{"href":"https:\/\/www.modelcars24.de\/es\/wp-json\/wp\/v2\/media?parent=5641"}],"wp:term":[{"taxonomy":"product_brand","embeddable":true,"href":"https:\/\/www.modelcars24.de\/es\/wp-json\/wp\/v2\/product_brand?post=5641"},{"taxonomy":"product_cat","embeddable":true,"href":"https:\/\/www.modelcars24.de\/es\/wp-json\/wp\/v2\/product_cat?post=5641"},{"taxonomy":"product_tag","embeddable":true,"href":"https:\/\/www.modelcars24.de\/es\/wp-json\/wp\/v2\/product_tag?post=5641"}],"curies":[{"name":"wp","href":"https:\/\/api.w.org\/{rel}","templated":true}]}}